{"id":18141,"date":"2003-02-01T10:26:09","date_gmt":"2003-02-01T09:26:09","guid":{"rendered":"http:\/\/www.libraria-occitana.org\/all-products\/bernard-de-ventadour-troubadour-limousin-du-xiie-siecle?lang=en"},"modified":"2026-04-29T10:28:10","modified_gmt":"2026-04-29T08:28:10","slug":"bernard-de-ventadour-troubadour-limousin-du-xiie-siecle","status":"publish","type":"product","link":"https:\/\/www.libraria-occitana.org\/en\/product\/bernard-de-ventadour-troubadour-limousin-du-xiie-siecle\/","title":{"rendered":"Bernard de Ventadour : Troubadour limousin du XIIe si\u00e8cle"},"content":{"rendered":"<p>Connu parmi les troubadours, Bernard de Ventadour s&#8217;en distingue, en inventant, au XIIe si\u00e8cle le romantisme sacr\u00e9 de l&#8217;Amour, plus vrai que Fin&#8217; Amor.<\/p>\n<p>C&#8217;\u00e9tait le temps des cath\u00e9drales qui baignait de sacr\u00e9 les pierres, les esprits, l&#8217;Amour dont Bernard fut l&#8217;un des tout premiers chevaliers courtois au fil d&#8217;une vie qui le mena de cours vicomtales, comtales et royales, au clo\u00eetre cistercien.<\/p>\n<p>Un ouvrage qui nous fait conna\u00eetre Bernard de Ventadour, son entourage, son \u00e9poque et la beaut\u00e9 de ses po\u00e8mes.<\/p>\n","protected":false},"excerpt":{"rendered":"<p>Connu parmi les troubadours, Bernard de Ventadour s&#8217;en distingue, en inventant, au XIIe si\u00e8cle le romantisme sacr\u00e9 de l&#8217;Amour, plus vrai que Fin&#8217; Amor. C&#8217;\u00e9tait le temps des cath\u00e9drales qui baignait de sacr\u00e9 les pierres, les esprits, l&#8217;Amour dont Bernard fut l&#8217;un des tout premiers chevaliers courtois au fil d&#8217;une vie qui le mena de [&hellip;]<\/p>\n","protected":false},"featured_media":36609,"template":"","meta":{"_acf_changed":false,"_genesis_hide_title":false,"_genesis_hide_breadcrumbs":false,"_genesis_hide_singular_image":false,"_genesis_hide_footer_widgets":false,"_genesis_custom_body_class":"","_genesis_custom_post_class":"","_genesis_layout":""},"product_brand":[],"product_cat":[7188,7132,7174],"product_tag":[],"class_list":{"0":"post-18141","1":"product","2":"type-product","3":"status-publish","4":"has-post-thumbnail","6":"product_cat-arts-studies-en","7":"product_cat-books","8":"product_cat-literature-en","9":"pa_auteur-ippolito-marguerite-marie-en","10":"pa_editeur-lharmattan-en","11":"pa_langue-francais-en","12":"entry","14":"first","15":"instock","16":"shipping-taxable","17":"purchasable","18":"product-type-simple"},"acf":[],"_links":{"self":[{"href":"https:\/\/www.libraria-occitana.org\/en\/wp-json\/wp\/v2\/product\/18141","targetHints":{"allow":["GET"]}}],"collection":[{"href":"https:\/\/www.libraria-occitana.org\/en\/wp-json\/wp\/v2\/product"}],"about":[{"href":"https:\/\/www.libraria-occitana.org\/en\/wp-json\/wp\/v2\/types\/product"}],"wp:featuredmedia":[{"embeddable":true,"href":"https:\/\/www.libraria-occitana.org\/en\/wp-json\/wp\/v2\/media\/36609"}],"wp:attachment":[{"href":"https:\/\/www.libraria-occitana.org\/en\/wp-json\/wp\/v2\/media?parent=18141"}],"wp:term":[{"taxonomy":"product_brand","embeddable":true,"href":"https:\/\/www.libraria-occitana.org\/en\/wp-json\/wp\/v2\/product_brand?post=18141"},{"taxonomy":"product_cat","embeddable":true,"href":"https:\/\/www.libraria-occitana.org\/en\/wp-json\/wp\/v2\/product_cat?post=18141"},{"taxonomy":"product_tag","embeddable":true,"href":"https:\/\/www.libraria-occitana.org\/en\/wp-json\/wp\/v2\/product_tag?post=18141"}],"curies":[{"name":"wp","href":"https:\/\/api.w.org\/{rel}","templated":true}]}}