{"id":18155,"date":"2002-10-01T10:20:21","date_gmt":"2002-10-01T08:20:21","guid":{"rendered":"http:\/\/www.libraria-occitana.org\/all-products\/botanique-occitane-et-noms-de-lieux-limousin-marche-perigord?lang=en"},"modified":"2026-04-08T03:07:03","modified_gmt":"2026-04-08T01:07:03","slug":"botanique-occitane-et-noms-de-lieux-limousin-marche-perigord","status":"publish","type":"product","link":"https:\/\/www.libraria-occitana.org\/en\/product\/botanique-occitane-et-noms-de-lieux-limousin-marche-perigord\/","title":{"rendered":"Botanique occitane et noms de lieux : Limousin &#8211; Marche &#8211; P\u00e9rigord"},"content":{"rendered":"<p>C&#8217;est en d\u00e9couvrant que Boisseuil veut dire en fait &#8220;la clairi\u00e8re de buis&#8221;, que Le Ch\u00e2tenet appelle de m\u00e9moire la ch\u00e2taigne, que Les Bessailles portent en eux l&#8217;\u00e9clat argent\u00e9 du bouleau, qu&#8217;Yves Lavalade a eu la belle id\u00e9e d&#8217;inventorier au c\u0153ur de ce que l&#8217;on nommait jadis &#8220;le r\u00e8gne v\u00e9g\u00e9tal&#8221; les origines de la toponymie en Limousin-Marche-P\u00e9rigord. On constate ainsi que le ch\u00eane, le houx, le noisetier que l&#8217;on nomme, d&#8217;un lieu \u00e0 l&#8217;autre, avec maintes variantes, ont marqu\u00e9 de leur pr\u00e9sence la terre o\u00f9 ils ont pouss\u00e9.<\/p>\n<p>En nous conviant \u00e0 le suivre jusqu&#8217;aux &#8220;racines&#8221; de la langue et des v\u00e9g\u00e9taux (arbres, arbustes, baies &#8230;) qu&#8217;il a patiemment recens\u00e9es, l&#8217;auteur nous propose ainsi un bien agreste voyage qui nous conduit \u00e0 travers l&#8217;histoire de l&#8217;Occitanie, du N\u00e9olithique \u00e0 nos jours. S&#8217;\u00e9tonnera-t-on, en le suivant cartes \u00e0 l&#8217;appui, jusqu&#8217;au Peutr\u00e9moulu, \u00e0 La Planche des Glaives, \u00e0 la Poche-Besse ou au Tuquet du Breuil de se sentir \u00e0 la fois d\u00e9pays\u00e9 et en pays de connaissance ? Et de revenir heureux, comme au soir d&#8217;une longue marche par les pr\u00e9s et par les champs &#8230;<\/p>\n","protected":false},"excerpt":{"rendered":"<p>C&#8217;est en d\u00e9couvrant que Boisseuil veut dire en fait &#8220;la clairi\u00e8re de buis&#8221;, que Le Ch\u00e2tenet appelle de m\u00e9moire la ch\u00e2taigne, que Les Bessailles portent en eux l&#8217;\u00e9clat argent\u00e9 du bouleau, qu&#8217;Yves Lavalade a eu la belle id\u00e9e d&#8217;inventorier au c\u0153ur de ce que l&#8217;on nommait jadis &#8220;le r\u00e8gne v\u00e9g\u00e9tal&#8221; les origines de la toponymie [&hellip;]<\/p>\n","protected":false},"featured_media":36612,"template":"","meta":{"_acf_changed":false,"_genesis_hide_title":false,"_genesis_hide_breadcrumbs":false,"_genesis_hide_singular_image":false,"_genesis_hide_footer_widgets":false,"_genesis_custom_body_class":"","_genesis_custom_post_class":"","_genesis_layout":""},"product_brand":[],"product_cat":[7132,7148,7162],"product_tag":[],"class_list":{"0":"post-18155","1":"product","2":"type-product","3":"status-publish","4":"has-post-thumbnail","6":"product_cat-books","7":"product_cat-history-geography-en","8":"product_cat-place-names-peoples-names-en","9":"pa_auteur-lavalada-ives-en","10":"pa_editeur-lucien-souny-en","11":"pa_langue-francais-en","12":"entry","14":"first","15":"outofstock","16":"shipping-taxable","17":"purchasable","18":"product-type-simple"},"acf":[],"_links":{"self":[{"href":"https:\/\/www.libraria-occitana.org\/en\/wp-json\/wp\/v2\/product\/18155","targetHints":{"allow":["GET"]}}],"collection":[{"href":"https:\/\/www.libraria-occitana.org\/en\/wp-json\/wp\/v2\/product"}],"about":[{"href":"https:\/\/www.libraria-occitana.org\/en\/wp-json\/wp\/v2\/types\/product"}],"wp:featuredmedia":[{"embeddable":true,"href":"https:\/\/www.libraria-occitana.org\/en\/wp-json\/wp\/v2\/media\/36612"}],"wp:attachment":[{"href":"https:\/\/www.libraria-occitana.org\/en\/wp-json\/wp\/v2\/media?parent=18155"}],"wp:term":[{"taxonomy":"product_brand","embeddable":true,"href":"https:\/\/www.libraria-occitana.org\/en\/wp-json\/wp\/v2\/product_brand?post=18155"},{"taxonomy":"product_cat","embeddable":true,"href":"https:\/\/www.libraria-occitana.org\/en\/wp-json\/wp\/v2\/product_cat?post=18155"},{"taxonomy":"product_tag","embeddable":true,"href":"https:\/\/www.libraria-occitana.org\/en\/wp-json\/wp\/v2\/product_tag?post=18155"}],"curies":[{"name":"wp","href":"https:\/\/api.w.org\/{rel}","templated":true}]}}