{"id":18159,"date":"2002-09-01T13:57:32","date_gmt":"2002-09-01T11:57:32","guid":{"rendered":"http:\/\/www.libraria-occitana.org\/all-products\/laraignee-et-la-rose-et-autres-psaumes-1969-1986?lang=en"},"modified":"2026-04-09T23:41:29","modified_gmt":"2026-04-09T21:41:29","slug":"laraignee-et-la-rose-et-autres-psaumes-1969-1986","status":"publish","type":"product","link":"https:\/\/www.libraria-occitana.org\/en\/product\/laraignee-et-la-rose-et-autres-psaumes-1969-1986\/","title":{"rendered":"L&#8217;araign\u00e9e et la rose et autres psaumes (1969-1986)"},"content":{"rendered":"<p>En fran\u00e7ais.<\/p>\n<p>Grande lectrice de la Bible, Marcela Delpastre a adopt\u00e9 la forme du psaume et son unit\u00e9 d\u2019\u00e9criture le verset au d\u00e9but des ann\u00e9es 1960, au moment d\u2019ailleurs qu\u2019elle commen\u00e7ait \u00e0 \u00e9crire en limousin. La grande \u00e9poque de cette forme po\u00e9tique, tant en occitan qu\u2019en fran\u00e7ais (le millier d\u2019excellents qu\u2019elle nous a laiss\u00e9s se partage \u00e9quitablement entre ses deux langues), est un cycle de sept ans qu\u2019elle d\u00e9roule d\u2019une plume f\u00e9conde de 1965 \u00e0 1971. C\u2019est alors son grand mode d\u2019expression, et son \u0153uvre, y t\u00eent-elle tout enti\u00e8re, vaudrait qu\u2019on lui en f\u00eet gloire, tant il y a l\u00e0 de petites merveilles et nombre de chefs-d\u2019\u0153uvre absolus.<\/p>\n<p>Ils tiennent en 8 volumes (6 en occitan, 2 en fran\u00e7ais) :<br \/>\n&#8211; <a title=\"Saumes pagans \u2013 Psaumes pa\u00efens\" href=\"http:\/\/www.libraria-occitana.org\/all-products\/saumes-pagans-psaumes-paiens\"><em>Saumes pagans<\/em><\/a><br \/>\n&#8211; <em>Paraulas per questa terra<\/em>, 5 volumes (<a title=\"Paraulas per questa terra \u2013 Paroles pour cette terre I\" href=\"http:\/\/www.libraria-occitana.org\/all-products\/paraulas-per-questa-terra-paroles-pour-cette-terre-i\">I<\/a>, <a title=\"Paraulas per questa terra \u2013 Paroles pour cette terre II\" href=\"http:\/\/www.libraria-occitana.org\/all-products\/paraulas-per-questa-terra-paroles-pour-cette-terre-ii\">II<\/a>, <a title=\"Paraulas per questa terra \u2013 Paroles pour cette terre III\" href=\"http:\/\/www.libraria-occitana.org\/all-products\/paraulas-per-questa-terra-paroles-pour-cette-terre-iii\">III<\/a>, <a title=\"Paraulas per questa terra \u2013 Paroles pour cette terre IV\" href=\"http:\/\/www.libraria-occitana.org\/all-products\/paraulas-per-questa-terra-paroles-pour-cette-terre-iv\">IV<\/a>, <a title=\"Paraulas per questa terra \u2013 Paroles pour cette terre V\" href=\"http:\/\/www.libraria-occitana.org\/all-products\/paraulas-per-questa-terra-paroles-pour-cette-terre-v\">V<\/a>)<br \/>\n&#8211; <a title=\"Le chasseur d\u2019ombres et autres psaumes (1960-1969)\" href=\"http:\/\/www.libraria-occitana.org\/all-products\/le-chasseur-dombres-et-autres-psaumes-1960-1969\"><em>Le chasseur d&#8217;ombres et autres psaumes<\/em><\/a> (1960-1969)<br \/>\n&#8211; <em>L\u2019araign\u00e9e et la rose<\/em> (1969-1986) <a href=\"https:\/\/www.libraria-occitana.org\/wp-content\/uploads\/2015\/05\/laraignee-et-la-rose.jpg\">[bocin &#8211; extrait]<\/a><\/p>\n","protected":false},"excerpt":{"rendered":"<p>En fran\u00e7ais. Grande lectrice de la Bible, Marcela Delpastre a adopt\u00e9 la forme du psaume et son unit\u00e9 d\u2019\u00e9criture le verset au d\u00e9but des ann\u00e9es 1960, au moment d\u2019ailleurs qu\u2019elle commen\u00e7ait \u00e0 \u00e9crire en limousin. La grande \u00e9poque de cette forme po\u00e9tique, tant en occitan qu\u2019en fran\u00e7ais (le millier d\u2019excellents qu\u2019elle nous a laiss\u00e9s se [&hellip;]<\/p>\n","protected":false},"featured_media":18160,"template":"","meta":{"_acf_changed":false,"_genesis_hide_title":false,"_genesis_hide_breadcrumbs":false,"_genesis_hide_singular_image":false,"_genesis_hide_footer_widgets":false,"_genesis_custom_body_class":"","_genesis_custom_post_class":"","_genesis_layout":""},"product_brand":[],"product_cat":[7132,7174,7180],"product_tag":[],"class_list":{"0":"post-18159","1":"product","2":"type-product","3":"status-publish","4":"has-post-thumbnail","6":"product_cat-books","7":"product_cat-literature-en","8":"product_cat-poetry-en","9":"pa_auteur-delpastre-marcela-en","10":"pa_editeur-lo-chamin-de-sent-jaume-en","11":"pa_langue-francais-en","12":"entry","14":"first","15":"instock","16":"shipping-taxable","17":"purchasable","18":"product-type-simple"},"acf":[],"_links":{"self":[{"href":"https:\/\/www.libraria-occitana.org\/en\/wp-json\/wp\/v2\/product\/18159","targetHints":{"allow":["GET"]}}],"collection":[{"href":"https:\/\/www.libraria-occitana.org\/en\/wp-json\/wp\/v2\/product"}],"about":[{"href":"https:\/\/www.libraria-occitana.org\/en\/wp-json\/wp\/v2\/types\/product"}],"wp:featuredmedia":[{"embeddable":true,"href":"https:\/\/www.libraria-occitana.org\/en\/wp-json\/wp\/v2\/media\/18160"}],"wp:attachment":[{"href":"https:\/\/www.libraria-occitana.org\/en\/wp-json\/wp\/v2\/media?parent=18159"}],"wp:term":[{"taxonomy":"product_brand","embeddable":true,"href":"https:\/\/www.libraria-occitana.org\/en\/wp-json\/wp\/v2\/product_brand?post=18159"},{"taxonomy":"product_cat","embeddable":true,"href":"https:\/\/www.libraria-occitana.org\/en\/wp-json\/wp\/v2\/product_cat?post=18159"},{"taxonomy":"product_tag","embeddable":true,"href":"https:\/\/www.libraria-occitana.org\/en\/wp-json\/wp\/v2\/product_tag?post=18159"}],"curies":[{"name":"wp","href":"https:\/\/api.w.org\/{rel}","templated":true}]}}