{"id":18165,"date":"2004-10-01T16:59:23","date_gmt":"2004-10-01T14:59:23","guid":{"rendered":"http:\/\/www.libraria-occitana.org\/all-products\/teatre-occitan-tome-1-2?lang=en"},"modified":"2026-04-26T00:16:53","modified_gmt":"2026-04-25T22:16:53","slug":"teatre-occitan-tome-1-2","status":"publish","type":"product","link":"https:\/\/www.libraria-occitana.org\/en\/product\/teatre-occitan-tome-1-2\/","title":{"rendered":"Teatre occitan T\u00f2me 1 &#038; 2"},"content":{"rendered":"<p>Les deux volumes ne peuvent se vendre s\u00e9par\u00e9ment.<br \/>\n\u00c9dition \u00e9tablie par Jan dau Melhau avec en vis-\u00e0-vis du texte occitan, en fran\u00e7ais : la pr\u00e9sentation de chaque pi\u00e8ce, son argument, divers documents (lettres, articles\u2026) et pour chaque page un fort lexique. En fin du second tome, petit album de photos. Chaque pi\u00e8ce a pour frontispice une composition de Jan-Marc Simeonin dont des \u00e9l\u00e9ments forment les dessins des deux couvertures.<\/p>\n<p><strong>T\u00f2me I :<\/strong><br \/>\n&#8211; Tot s\u2019ad\u00f2ba<br \/>\n&#8211; Lo Grand<br \/>\n&#8211; La Vessa de la barja<br \/>\n&#8211; Quand se parla d\u2019amor (en collaboracion coma lo Leon Cordes)<\/p>\n<p><strong>T\u00f2me II :<\/strong><br \/>\n&#8211; L\u2019Enclutge e lo fer chaud<br \/>\n&#8211; Los Esraminadors arpiats al cial<br \/>\n&#8211; Los Grelins de la debina<br \/>\n&#8211; Juncalha al bisest<\/p>\n<p>L\u2019\u0153uvre th\u00e9\u00e2trale occitane d\u2019Antoine Dubernard (n\u00e9 \u00e0 Uzerche le 13 d\u00e9cembre 1920 et mort incongr\u00fbment \u00e0 Illiers, le pays de Proust, le 10 janvier 1998) est unique en Limousin et sans doute pour l\u2019ensemble des pays d\u2019oc. On est rarement all\u00e9 aussi loin et avec une telle force, une telle noirceur, un esprit \u00e0 la fois d\u00e9senchant\u00e9 et compatissant dans le traitement de l\u2019humaine trag\u00e9die que dans ses trois pi\u00e8ces majeures (sur les huit contenues dans ces deux volumes), majeures comme on parle des \u00e9glises majeures de l\u2019art roman auvergnat, ce qui ne saurait exclure tout charme ou int\u00e9r\u00eat aux autres, fussent-elles d\u00e9pr\u00e9ci\u00e9es par la c\u00e9l\u00e9bration particuli\u00e8re de ces quelques \u00e9lues. Et d\u2019ailleurs, n\u2019y e\u00fbt-il que ces trois, c\u2019est plus qu\u2019il n\u2019en faut \u00e0 un auteur pour qu\u2019on le dresse en gloire pour une bonne \u00e9ternit\u00e9.<\/p>\n<p>Que le Limousin, ce pays oubli\u00e9 des dieux et des hommes, donn\u00e2t l\u00e0 \u00e0 l\u2019Occitanie (et au reste du monde) trois chefs-d\u2019\u0153uvre en fait de th\u00e9\u00e2tre alors qu\u2019il s\u2019appr\u00eatait par la voix de Marcelle Delpastre \u00e0 faire de m\u00eame (et mieux encore !) en fait de po\u00e9sie, ne laisse pas d\u2019\u00eatre troublant, comme s\u2019il revenait \u00e0 ce non-pays de donner \u00e0 cette langue ses derniers \u00e9clats litt\u00e9raires comme il lui avait donn\u00e9 ses premiers. Et le faisant par la voix de deux paysans n\u2019ayant jamais quitt\u00e9 leur terre (\u00e9tant n\u00e9s \u00e0 cinq ans d\u2019intervalle, ils sont morts \u00e0 un mois sans s\u2019\u00eatre jamais connus quoique habitant \u00e0 25 km l\u2019un de l\u2019autre !) pour bien nous signifier que la fin de cette langue co\u00efncide avec la fin des paysans (et qu\u2019il sied que ce soient eux qui nous le disent), la fin de la civilisation n\u00e9olithique qu\u2019elle est, en ces terres, la derni\u00e8re en date \u00e0 avoir port\u00e9e.<\/p>\n<p>Ces pi\u00e8ces, qui ont si peu, qui n\u2019ont pas \u00e9t\u00e9 jou\u00e9es, reste maintenant \u00e0 les sortir du livre, o\u00f9 elles ne sont que de passage, pour les rendre \u00e0 leur vocation, \u00e0 leur oralit\u00e9, les mettre en sc\u00e8ne. Qui l\u2019osera ?<\/p>\n<p style=\"text-align: right;\">JdM<\/p>\n","protected":false},"excerpt":{"rendered":"<p>Les deux volumes ne peuvent se vendre s\u00e9par\u00e9ment. \u00c9dition \u00e9tablie par Jan dau Melhau avec en vis-\u00e0-vis du texte occitan, en fran\u00e7ais : la pr\u00e9sentation de chaque pi\u00e8ce, son argument, divers documents (lettres, articles\u2026) et pour chaque page un fort lexique. En fin du second tome, petit album de photos. Chaque pi\u00e8ce a pour frontispice [&hellip;]<\/p>\n","protected":false},"featured_media":18166,"template":"","meta":{"_acf_changed":false,"_genesis_hide_title":false,"_genesis_hide_breadcrumbs":false,"_genesis_hide_singular_image":false,"_genesis_hide_footer_widgets":false,"_genesis_custom_body_class":"","_genesis_custom_post_class":"","_genesis_layout":""},"product_brand":[],"product_cat":[7132,7184,7174],"product_tag":[],"class_list":{"0":"post-18165","1":"product","2":"type-product","3":"status-publish","4":"has-post-thumbnail","6":"product_cat-books","7":"product_cat-drama-en","8":"product_cat-literature-en","9":"pa_auteur-debernart-antoni-en","10":"pa_auteur-melhau-jan-dau-fr-en","11":"pa_editeur-lo-chamin-de-sent-jaume-en","12":"pa_illustrateur-simeonin-jan-marc-en","13":"pa_langue-occitan-en","14":"pa_langue-occitan-lemosin-en","15":"entry","17":"first","18":"instock","19":"shipping-taxable","20":"purchasable","21":"product-type-simple"},"acf":[],"_links":{"self":[{"href":"https:\/\/www.libraria-occitana.org\/en\/wp-json\/wp\/v2\/product\/18165","targetHints":{"allow":["GET"]}}],"collection":[{"href":"https:\/\/www.libraria-occitana.org\/en\/wp-json\/wp\/v2\/product"}],"about":[{"href":"https:\/\/www.libraria-occitana.org\/en\/wp-json\/wp\/v2\/types\/product"}],"wp:featuredmedia":[{"embeddable":true,"href":"https:\/\/www.libraria-occitana.org\/en\/wp-json\/wp\/v2\/media\/18166"}],"wp:attachment":[{"href":"https:\/\/www.libraria-occitana.org\/en\/wp-json\/wp\/v2\/media?parent=18165"}],"wp:term":[{"taxonomy":"product_brand","embeddable":true,"href":"https:\/\/www.libraria-occitana.org\/en\/wp-json\/wp\/v2\/product_brand?post=18165"},{"taxonomy":"product_cat","embeddable":true,"href":"https:\/\/www.libraria-occitana.org\/en\/wp-json\/wp\/v2\/product_cat?post=18165"},{"taxonomy":"product_tag","embeddable":true,"href":"https:\/\/www.libraria-occitana.org\/en\/wp-json\/wp\/v2\/product_tag?post=18165"}],"curies":[{"name":"wp","href":"https:\/\/api.w.org\/{rel}","templated":true}]}}