{"id":18174,"date":"2004-04-01T16:55:25","date_gmt":"2004-04-01T15:55:25","guid":{"rendered":"http:\/\/www.libraria-occitana.org\/all-products\/biolas-daiga-bulles-deau?lang=en"},"modified":"2026-04-18T06:16:29","modified_gmt":"2026-04-18T04:16:29","slug":"biolas-daiga-bulles-deau","status":"publish","type":"product","link":"https:\/\/www.libraria-occitana.org\/en\/product\/biolas-daiga-bulles-deau\/","title":{"rendered":"Bi\u00f2las d&#8217;aiga &#8211; Bulles d&#8217;eau"},"content":{"rendered":"<p><strong>[oc]<\/strong><br \/>\n\u00ab\u00a0La chalor mena drech au liech<br \/>\nEntre murs de bastits vielhs.<br \/>\nDesj\u00e0 son plan atrapats,<br \/>\nMeitats desbilhats que son<br \/>\nDins tormenta d&#8217;\u00e9nvia,<br \/>\nDe mir\u00e0udias envirajadas,<br \/>\nA s&#8217;estirgossar.\u00a0\u00bb<\/p>\n<p><strong>[fr]<\/strong><br \/>\nLa chaleur m\u00e8ne au lit<br \/>\nEntre les murs vieux.<br \/>\n\u00c0 peine d\u00e9v\u00eatus<br \/>\nLes voici d\u00e9j\u00e0 happ\u00e9s<br \/>\nPar une tourmente d&#8217;envie,<br \/>\nDe regards \u00e9tourdis,<br \/>\nQui s&#8217;\u00e9tirent.<\/p>\n","protected":false},"excerpt":{"rendered":"<p>[oc] \u00ab\u00a0La chalor mena drech au liech Entre murs de bastits vielhs. Desj\u00e0 son plan atrapats, Meitats desbilhats que son Dins tormenta d&#8217;\u00e9nvia, De mir\u00e0udias envirajadas, A s&#8217;estirgossar.\u00a0\u00bb [fr] La chaleur m\u00e8ne au lit Entre les murs vieux. \u00c0 peine d\u00e9v\u00eatus Les voici d\u00e9j\u00e0 happ\u00e9s Par une tourmente d&#8217;envie, De regards \u00e9tourdis, Qui s&#8217;\u00e9tirent.<\/p>\n","protected":false},"featured_media":18175,"template":"","meta":{"_acf_changed":false,"_genesis_hide_title":false,"_genesis_hide_breadcrumbs":false,"_genesis_hide_singular_image":false,"_genesis_hide_footer_widgets":false,"_genesis_custom_body_class":"","_genesis_custom_post_class":"","_genesis_layout":""},"product_brand":[],"product_cat":[7132,7174,7180],"product_tag":[],"class_list":{"0":"post-18174","1":"product","2":"type-product","3":"status-publish","4":"has-post-thumbnail","6":"product_cat-books","7":"product_cat-literature-en","8":"product_cat-poetry-en","9":"pa_auteur-bonnet-benedicta-en","10":"pa_editeur-ieo-fr-en","11":"pa_editeur-ieo-perigord-novelum-en","12":"pa_langue-occitan-lemosin-en","13":"pa_langue-occitan-francais-en","14":"entry","16":"first","17":"instock","18":"shipping-taxable","19":"purchasable","20":"product-type-simple"},"acf":[],"_links":{"self":[{"href":"https:\/\/www.libraria-occitana.org\/en\/wp-json\/wp\/v2\/product\/18174","targetHints":{"allow":["GET"]}}],"collection":[{"href":"https:\/\/www.libraria-occitana.org\/en\/wp-json\/wp\/v2\/product"}],"about":[{"href":"https:\/\/www.libraria-occitana.org\/en\/wp-json\/wp\/v2\/types\/product"}],"wp:featuredmedia":[{"embeddable":true,"href":"https:\/\/www.libraria-occitana.org\/en\/wp-json\/wp\/v2\/media\/18175"}],"wp:attachment":[{"href":"https:\/\/www.libraria-occitana.org\/en\/wp-json\/wp\/v2\/media?parent=18174"}],"wp:term":[{"taxonomy":"product_brand","embeddable":true,"href":"https:\/\/www.libraria-occitana.org\/en\/wp-json\/wp\/v2\/product_brand?post=18174"},{"taxonomy":"product_cat","embeddable":true,"href":"https:\/\/www.libraria-occitana.org\/en\/wp-json\/wp\/v2\/product_cat?post=18174"},{"taxonomy":"product_tag","embeddable":true,"href":"https:\/\/www.libraria-occitana.org\/en\/wp-json\/wp\/v2\/product_tag?post=18174"}],"curies":[{"name":"wp","href":"https:\/\/api.w.org\/{rel}","templated":true}]}}