{"id":18182,"date":"2004-02-01T15:23:29","date_gmt":"2004-02-01T14:23:29","guid":{"rendered":"http:\/\/www.libraria-occitana.org\/all-products\/alienor-daquitaine-la-reine-insoumise?lang=en"},"modified":"2024-07-05T00:02:24","modified_gmt":"2024-07-04T22:02:24","slug":"alienor-daquitaine-la-reine-insoumise","status":"publish","type":"product","link":"https:\/\/www.libraria-occitana.org\/en\/product\/alienor-daquitaine-la-reine-insoumise\/","title":{"rendered":"Ali\u00e9nor d&#8217;Aquitaine : La reine insoumise"},"content":{"rendered":"<p>Deux fois reine &#8211; de France avec Louis VII, puis d\u2019Angleterre avec Henri II -, m\u00e8re de trois rois, Ali\u00e9nor d\u2019Aquitaine (1124-1204) a r\u00e9gn\u00e9 presque sept d\u00e9cennies, au cours desquelles elle a sillonn\u00e9 inlassablement l\u2019Europe pour tenter de pr\u00e9server l\u2019unit\u00e9 et la paix de son domaine, avant de finir ses jours, octog\u00e9naire, \u00e0 l\u2019abbaye de Fontevraud. Un destin exceptionnel pour une femme hors du commun qui bouleversa en son temps la tradition masculine de l\u2019exercice et de la transmission du pouvoir, du choix de l\u2019aim\u00e9, et du patronage artistique et litt\u00e9raire.<\/p>\n<p>De son vivant objet d\u2019une &#8220;l\u00e9gende noire&#8221; qui voit en elle une s\u00e9ductrice imp\u00e9nitente, h\u00e9riti\u00e8re de cette culture occitane volontiers libertine illustr\u00e9e par son a\u00efeul Guillaume IX, elle contrevient assur\u00e9ment au mod\u00e8le f\u00e9minin admis. Peut-on cependant lui imputer les multiples liaisons coupables que lui pr\u00eatent les chroniqueurs ? A-t-elle vraiment \u00e9t\u00e9 \u00e0 l\u2019origine de ce qu\u2019on nomme, peut-\u00eatre \u00e0 tort, &#8220;l\u2019amour courtois&#8221; ? En a-t-elle \u00e9t\u00e9 l\u2019inspiratrice ou le mod\u00e8le ?<\/p>\n<p>S\u2019interrogeant sur la r\u00e9alit\u00e9 de sa protection \u00e0 l\u2019\u00e9gard des troubadours et des romanciers, Jean Flori bouscule quelques id\u00e9es re\u00e7ues, souligne les liens de Chr\u00e9tien de Troyes avec la cour Plantagen\u00eat, et recherche la trace d\u2019Ali\u00e9nor dans le formidable essor des romans chevaleresques arthuriens. Un livre-somme, aussi p\u00e9n\u00e9trant et riche d\u2019hypoth\u00e8ses nouvelles que son pr\u00e9c\u00e9dent Richard C\u0153ur de Lion, paru dans cette m\u00eame collection.<\/p>\n","protected":false},"excerpt":{"rendered":"<p>Deux fois reine &#8211; de France avec Louis VII, puis d\u2019Angleterre avec Henri II -, m\u00e8re de trois rois, Ali\u00e9nor d\u2019Aquitaine (1124-1204) a r\u00e9gn\u00e9 presque sept d\u00e9cennies, au cours desquelles elle a sillonn\u00e9 inlassablement l\u2019Europe pour tenter de pr\u00e9server l\u2019unit\u00e9 et la paix de son domaine, avant de finir ses jours, octog\u00e9naire, \u00e0 l\u2019abbaye de [&hellip;]<\/p>\n","protected":false},"featured_media":36585,"template":"","meta":{"_acf_changed":false,"_genesis_hide_title":false,"_genesis_hide_breadcrumbs":false,"_genesis_hide_singular_image":false,"_genesis_hide_footer_widgets":false,"_genesis_custom_body_class":"","_genesis_custom_post_class":"","_genesis_layout":""},"product_brand":[],"product_cat":[7132,7148,7160],"product_tag":[],"class_list":{"0":"post-18182","1":"product","2":"type-product","3":"status-publish","4":"has-post-thumbnail","6":"product_cat-books","7":"product_cat-history-geography-en","8":"product_cat-medieval-history-en","9":"pa_auteur-flori-jean-en","10":"pa_editeur-payot-rivages-en","11":"pa_langue-francais-en","12":"entry","14":"first","15":"outofstock","16":"shipping-taxable","17":"purchasable","18":"product-type-simple"},"acf":[],"_links":{"self":[{"href":"https:\/\/www.libraria-occitana.org\/en\/wp-json\/wp\/v2\/product\/18182","targetHints":{"allow":["GET"]}}],"collection":[{"href":"https:\/\/www.libraria-occitana.org\/en\/wp-json\/wp\/v2\/product"}],"about":[{"href":"https:\/\/www.libraria-occitana.org\/en\/wp-json\/wp\/v2\/types\/product"}],"wp:featuredmedia":[{"embeddable":true,"href":"https:\/\/www.libraria-occitana.org\/en\/wp-json\/wp\/v2\/media\/36585"}],"wp:attachment":[{"href":"https:\/\/www.libraria-occitana.org\/en\/wp-json\/wp\/v2\/media?parent=18182"}],"wp:term":[{"taxonomy":"product_brand","embeddable":true,"href":"https:\/\/www.libraria-occitana.org\/en\/wp-json\/wp\/v2\/product_brand?post=18182"},{"taxonomy":"product_cat","embeddable":true,"href":"https:\/\/www.libraria-occitana.org\/en\/wp-json\/wp\/v2\/product_cat?post=18182"},{"taxonomy":"product_tag","embeddable":true,"href":"https:\/\/www.libraria-occitana.org\/en\/wp-json\/wp\/v2\/product_tag?post=18182"}],"curies":[{"name":"wp","href":"https:\/\/api.w.org\/{rel}","templated":true}]}}