{"id":18190,"date":"2004-01-01T14:56:02","date_gmt":"2004-01-01T13:56:02","guid":{"rendered":"http:\/\/www.libraria-occitana.org\/all-products\/alba-doccitania?lang=en"},"modified":"2026-04-29T05:36:11","modified_gmt":"2026-04-29T03:36:11","slug":"alba-doccitania","status":"publish","type":"product","link":"https:\/\/www.libraria-occitana.org\/en\/product\/alba-doccitania\/","title":{"rendered":"Alba d&#8217;Occitania"},"content":{"rendered":"<p>Du swing au reggae en passant par la valse musette, la rencontre entre deux l\u00e9gendes d&#8217;Occitanie.<\/p>\n<p>Le chanteur rend un dernier hommage au grand \u00e9crivain de langue d&#8217;Oc Joan Bodon.<\/p>\n<p>Textes, traductions en fran\u00e7ais, photos in\u00e9dites \u00e0 l&#8217;int\u00e9rieur.<\/p>\n<p><strong>Titres :<\/strong><br \/>\n1. Aquel jorn sabi que vendr\u00e0<br \/>\n2. Jorn de fi\u00e8ira<br \/>\n3. Montpelhi\u00e8r<br \/>\n4. La talvera<br \/>\n5. Alba d&#8217;Occitania<br \/>\n6. Alba de Pigala<br \/>\n7. Los \u00f2mes sens patria<br \/>\n8. Ser de fi\u00e8ira<br \/>\n9. La filha polida<br \/>\n10. L&#8217;erba d&#8217;agram<br \/>\n11. Crida<br \/>\n12. Tolosa<br \/>\n13. L&#8217;ostal n\u00f2stre<br \/>\n14. La filha de Perpinhan<br \/>\n15. Los carboni\u00e8rs de La Sala<br \/>\n16. Sus la montanha<\/p>\n","protected":false},"excerpt":{"rendered":"<p>Du swing au reggae en passant par la valse musette, la rencontre entre deux l\u00e9gendes d&#8217;Occitanie. Le chanteur rend un dernier hommage au grand \u00e9crivain de langue d&#8217;Oc Joan Bodon. Textes, traductions en fran\u00e7ais, photos in\u00e9dites \u00e0 l&#8217;int\u00e9rieur. Titres : 1. Aquel jorn sabi que vendr\u00e0 2. Jorn de fi\u00e8ira 3. Montpelhi\u00e8r 4. La talvera [&hellip;]<\/p>\n","protected":false},"featured_media":42585,"template":"","meta":{"_acf_changed":false,"_genesis_hide_title":false,"_genesis_hide_breadcrumbs":false,"_genesis_hide_singular_image":false,"_genesis_hide_footer_widgets":false,"_genesis_custom_body_class":"","_genesis_custom_post_class":"","_genesis_layout":""},"product_brand":[],"product_cat":[7216,7218],"product_tag":[],"class_list":{"0":"post-18190","1":"product","2":"type-product","3":"status-publish","4":"has-post-thumbnail","6":"product_cat-music-en","7":"product_cat-voice-en","8":"pa_auteur-mans-de-breish-en","9":"pa_editeur-occitania-produccions-en","10":"pa_langue-occitan-en","11":"pa_langue-occitan-lengadocian-en","12":"entry","14":"first","15":"outofstock","16":"shipping-taxable","17":"purchasable","18":"product-type-simple"},"acf":[],"_links":{"self":[{"href":"https:\/\/www.libraria-occitana.org\/en\/wp-json\/wp\/v2\/product\/18190","targetHints":{"allow":["GET"]}}],"collection":[{"href":"https:\/\/www.libraria-occitana.org\/en\/wp-json\/wp\/v2\/product"}],"about":[{"href":"https:\/\/www.libraria-occitana.org\/en\/wp-json\/wp\/v2\/types\/product"}],"wp:featuredmedia":[{"embeddable":true,"href":"https:\/\/www.libraria-occitana.org\/en\/wp-json\/wp\/v2\/media\/42585"}],"wp:attachment":[{"href":"https:\/\/www.libraria-occitana.org\/en\/wp-json\/wp\/v2\/media?parent=18190"}],"wp:term":[{"taxonomy":"product_brand","embeddable":true,"href":"https:\/\/www.libraria-occitana.org\/en\/wp-json\/wp\/v2\/product_brand?post=18190"},{"taxonomy":"product_cat","embeddable":true,"href":"https:\/\/www.libraria-occitana.org\/en\/wp-json\/wp\/v2\/product_cat?post=18190"},{"taxonomy":"product_tag","embeddable":true,"href":"https:\/\/www.libraria-occitana.org\/en\/wp-json\/wp\/v2\/product_tag?post=18190"}],"curies":[{"name":"wp","href":"https:\/\/api.w.org\/{rel}","templated":true}]}}