{"id":18192,"date":"2004-01-01T14:06:10","date_gmt":"2004-01-01T13:06:10","guid":{"rendered":"http:\/\/www.libraria-occitana.org\/all-products\/airs-traditionnels-a-danser-de-haute-loire-mes-quand-vendras-dancaras?lang=en"},"modified":"2024-07-05T00:02:22","modified_gmt":"2024-07-04T22:02:22","slug":"airs-traditionnels-a-danser-de-haute-loire-mes-quand-vendras-dancaras","status":"publish","type":"product","link":"https:\/\/www.libraria-occitana.org\/en\/product\/airs-traditionnels-a-danser-de-haute-loire-mes-quand-vendras-dancaras\/","title":{"rendered":"Airs traditionnels \u00e0 danser de Haute-Loire&#8230; m\u00e8s quand vendr\u00e0s, dan\u00e7ar\u00e0s !"},"content":{"rendered":"<p>40 airs \u00e0 danser traditionnels, recueillis ou compos\u00e9s en Haute-Loire&#8230;<\/p>\n","protected":false},"excerpt":{"rendered":"<p>40 airs \u00e0 danser traditionnels, recueillis ou compos\u00e9s en Haute-Loire&#8230;<\/p>\n","protected":false},"featured_media":36591,"template":"","meta":{"_acf_changed":false,"_genesis_hide_title":false,"_genesis_hide_breadcrumbs":false,"_genesis_hide_singular_image":false,"_genesis_hide_footer_widgets":false,"_genesis_custom_body_class":"","_genesis_custom_post_class":"","_genesis_layout":""},"product_brand":[],"product_cat":[7132,7190,7192],"product_tag":[],"class_list":{"0":"post-18192","1":"product","2":"type-product","3":"status-publish","4":"has-post-thumbnail","6":"product_cat-books","7":"product_cat-music-dances-en","8":"product_cat-scores-lyrics-en","9":"pa_auteur-perre-didier-en","10":"pa_editeur-cadanse-en","11":"pa_langue-francais-en","12":"entry","14":"first","15":"outofstock","16":"shipping-taxable","17":"purchasable","18":"product-type-simple"},"acf":[],"_links":{"self":[{"href":"https:\/\/www.libraria-occitana.org\/en\/wp-json\/wp\/v2\/product\/18192","targetHints":{"allow":["GET"]}}],"collection":[{"href":"https:\/\/www.libraria-occitana.org\/en\/wp-json\/wp\/v2\/product"}],"about":[{"href":"https:\/\/www.libraria-occitana.org\/en\/wp-json\/wp\/v2\/types\/product"}],"wp:featuredmedia":[{"embeddable":true,"href":"https:\/\/www.libraria-occitana.org\/en\/wp-json\/wp\/v2\/media\/36591"}],"wp:attachment":[{"href":"https:\/\/www.libraria-occitana.org\/en\/wp-json\/wp\/v2\/media?parent=18192"}],"wp:term":[{"taxonomy":"product_brand","embeddable":true,"href":"https:\/\/www.libraria-occitana.org\/en\/wp-json\/wp\/v2\/product_brand?post=18192"},{"taxonomy":"product_cat","embeddable":true,"href":"https:\/\/www.libraria-occitana.org\/en\/wp-json\/wp\/v2\/product_cat?post=18192"},{"taxonomy":"product_tag","embeddable":true,"href":"https:\/\/www.libraria-occitana.org\/en\/wp-json\/wp\/v2\/product_tag?post=18192"}],"curies":[{"name":"wp","href":"https:\/\/api.w.org\/{rel}","templated":true}]}}