{"id":18199,"date":"2003-10-01T15:05:01","date_gmt":"2003-10-01T14:05:01","guid":{"rendered":"http:\/\/www.libraria-occitana.org\/all-products\/jos-lo-signe-de-sent-frances-jornau-dun-menudet?lang=en"},"modified":"2026-04-14T23:26:15","modified_gmt":"2026-04-14T21:26:15","slug":"jos-lo-signe-de-sent-frances-jornau-dun-menudet","status":"publish","type":"product","link":"https:\/\/www.libraria-occitana.org\/en\/product\/jos-lo-signe-de-sent-frances-jornau-dun-menudet\/","title":{"rendered":"Jos lo signe de Sent Franc\u00e9s : Jornau d&#8217;un menudet"},"content":{"rendered":"<p><strong>[fr]<\/strong><br \/>\nC\u2019est le journal d\u2019un franciscain, le p\u00e8re Pujos, fr\u00e8re mineur d\u2019entre les plus humbles, un des quatre avec Raymond Buche, Antoine Dubernard, et Jean Mouzat \u00e0 avoir en 1943 sign\u00e9 cet \u00ab Appel \u00e0 la jeunesse limousine \u00bb pour la d\u00e9fense de sa langue et de sa culture, sans se compromettre tant soit peu avec le pouvoir alors en place.<\/p>\n<p><strong>[oc]<\/strong><br \/>\nDe vocacion religiosa aboriva, lo dr\u00f2lle dau chaminador raibava de chaminar de per las vias dau Lemosin per tornar lo vielh pa\u00eds, maucresent que paganisat, a l\u2019Evangeli.<\/p>\n<p>Chausiguet pas per zo far, \u00e7\u00f2 qu\u2019es de costum, la blauda blancha dau Domenica (d\u2019alhors de meschaent remembre dins n\u00f2stras terras d\u2019oc), mas la burela dau Frances, la man nuda e lo p\u00e8 nud.<\/p>\n<p>Ne\u2019n es segur pauc que pro tornat, de son vuelher missionari, mas la j\u00f2unesa mai la j\u00f2ia son totjorn dins sos uelhs : la j\u00f2ia francescana ! diria.<\/p>\n<p>Dins \u2019queu libreton \u2019na vita tota, de long quasi d\u2019un secle, e dins la n\u00f2stra lenga, que li es gaire mai de dire \u2019quela fe e que \u2019laidonc farjar los mots n\u2019es estat lo pretzfach, \u00e7\u00f2 que dau tesmonhatge dau Renat-Gabrieu Puj\u00f2s ne\u2019n dobla l\u2019interes.<\/p>\n","protected":false},"excerpt":{"rendered":"<p>[fr] C\u2019est le journal d\u2019un franciscain, le p\u00e8re Pujos, fr\u00e8re mineur d\u2019entre les plus humbles, un des quatre avec Raymond Buche, Antoine Dubernard, et Jean Mouzat \u00e0 avoir en 1943 sign\u00e9 cet \u00ab Appel \u00e0 la jeunesse limousine \u00bb pour la d\u00e9fense de sa langue et de sa culture, sans se compromettre tant soit peu [&hellip;]<\/p>\n","protected":false},"featured_media":18200,"template":"","meta":{"_acf_changed":false,"_genesis_hide_title":false,"_genesis_hide_breadcrumbs":false,"_genesis_hide_singular_image":false,"_genesis_hide_footer_widgets":false,"_genesis_custom_body_class":"","_genesis_custom_post_class":"","_genesis_layout":""},"product_brand":[],"product_cat":[7132,7174,7186],"product_tag":[],"class_list":{"0":"post-18199","1":"product","2":"type-product","3":"status-publish","4":"has-post-thumbnail","6":"product_cat-books","7":"product_cat-literature-en","8":"product_cat-personal-narratives-memoirs-en","9":"pa_auteur-pujos-renat-gabrieu-en","10":"pa_editeur-lo-chamin-de-sent-jaume-en","11":"pa_langue-occitan-en","12":"pa_langue-occitan-lemosin-en","13":"entry","15":"first","16":"instock","17":"shipping-taxable","18":"purchasable","19":"product-type-simple"},"acf":[],"_links":{"self":[{"href":"https:\/\/www.libraria-occitana.org\/en\/wp-json\/wp\/v2\/product\/18199","targetHints":{"allow":["GET"]}}],"collection":[{"href":"https:\/\/www.libraria-occitana.org\/en\/wp-json\/wp\/v2\/product"}],"about":[{"href":"https:\/\/www.libraria-occitana.org\/en\/wp-json\/wp\/v2\/types\/product"}],"wp:featuredmedia":[{"embeddable":true,"href":"https:\/\/www.libraria-occitana.org\/en\/wp-json\/wp\/v2\/media\/18200"}],"wp:attachment":[{"href":"https:\/\/www.libraria-occitana.org\/en\/wp-json\/wp\/v2\/media?parent=18199"}],"wp:term":[{"taxonomy":"product_brand","embeddable":true,"href":"https:\/\/www.libraria-occitana.org\/en\/wp-json\/wp\/v2\/product_brand?post=18199"},{"taxonomy":"product_cat","embeddable":true,"href":"https:\/\/www.libraria-occitana.org\/en\/wp-json\/wp\/v2\/product_cat?post=18199"},{"taxonomy":"product_tag","embeddable":true,"href":"https:\/\/www.libraria-occitana.org\/en\/wp-json\/wp\/v2\/product_tag?post=18199"}],"curies":[{"name":"wp","href":"https:\/\/api.w.org\/{rel}","templated":true}]}}