{"id":18203,"date":"2003-10-01T11:21:54","date_gmt":"2003-10-01T10:21:54","guid":{"rendered":"http:\/\/www.libraria-occitana.org\/all-products\/lo-pitit-bateu-que-volia-veire-la-mar?lang=en"},"modified":"2026-04-29T10:39:51","modified_gmt":"2026-04-29T08:39:51","slug":"lo-pitit-bateu-que-volia-veire-la-mar","status":"publish","type":"product","link":"https:\/\/www.libraria-occitana.org\/en\/product\/lo-pitit-bateu-que-volia-veire-la-mar\/","title":{"rendered":"Lo pitit bateu que voli\u00e1 veire la mar"},"content":{"rendered":"<p>L\u2019histoire d\u2019un petit bateau en papier : sorti du cartable d\u2019un \u00e9colier, il est pouss\u00e9 par les vents \u00e0 travers paysages et saisons et arrive enfin sur la mer dont il r\u00eavait tant. Une balade po\u00e9tique illustr\u00e9e d\u2019aquarelles aux accents limousins.<\/p>\n","protected":false},"excerpt":{"rendered":"<p>L\u2019histoire d\u2019un petit bateau en papier : sorti du cartable d\u2019un \u00e9colier, il est pouss\u00e9 par les vents \u00e0 travers paysages et saisons et arrive enfin sur la mer dont il r\u00eavait tant. Une balade po\u00e9tique illustr\u00e9e d\u2019aquarelles aux accents limousins.<\/p>\n","protected":false},"featured_media":36594,"template":"","meta":{"_acf_changed":false,"_genesis_hide_title":false,"_genesis_hide_breadcrumbs":false,"_genesis_hide_singular_image":false,"_genesis_hide_footer_widgets":false,"_genesis_custom_body_class":"","_genesis_custom_post_class":"","_genesis_layout":""},"product_brand":[],"product_cat":[7132,7170,7164],"product_tag":[],"class_list":{"0":"post-18203","1":"product","2":"type-product","3":"status-publish","4":"has-post-thumbnail","6":"product_cat-books","7":"product_cat-juvenile-en","8":"product_cat-juvenile-and-teen-comics-humour-en","9":"pa_editeur-ieo-fr-en","10":"pa_illustrateur-parot-urroz-estela-en","11":"pa_langue-occitan-en","12":"pa_langue-occitan-lemosin-en","13":"entry","15":"first","16":"instock","17":"shipping-taxable","18":"purchasable","19":"product-type-simple"},"acf":[],"_links":{"self":[{"href":"https:\/\/www.libraria-occitana.org\/en\/wp-json\/wp\/v2\/product\/18203","targetHints":{"allow":["GET"]}}],"collection":[{"href":"https:\/\/www.libraria-occitana.org\/en\/wp-json\/wp\/v2\/product"}],"about":[{"href":"https:\/\/www.libraria-occitana.org\/en\/wp-json\/wp\/v2\/types\/product"}],"wp:featuredmedia":[{"embeddable":true,"href":"https:\/\/www.libraria-occitana.org\/en\/wp-json\/wp\/v2\/media\/36594"}],"wp:attachment":[{"href":"https:\/\/www.libraria-occitana.org\/en\/wp-json\/wp\/v2\/media?parent=18203"}],"wp:term":[{"taxonomy":"product_brand","embeddable":true,"href":"https:\/\/www.libraria-occitana.org\/en\/wp-json\/wp\/v2\/product_brand?post=18203"},{"taxonomy":"product_cat","embeddable":true,"href":"https:\/\/www.libraria-occitana.org\/en\/wp-json\/wp\/v2\/product_cat?post=18203"},{"taxonomy":"product_tag","embeddable":true,"href":"https:\/\/www.libraria-occitana.org\/en\/wp-json\/wp\/v2\/product_tag?post=18203"}],"curies":[{"name":"wp","href":"https:\/\/api.w.org\/{rel}","templated":true}]}}