{"id":18214,"date":"2005-02-01T15:15:02","date_gmt":"2005-02-01T14:15:02","guid":{"rendered":"http:\/\/www.libraria-occitana.org\/all-products\/viralenga-jocs-de-mots-en-occitan?lang=en"},"modified":"2026-04-16T04:56:27","modified_gmt":"2026-04-16T02:56:27","slug":"viralenga-jocs-de-mots-en-occitan","status":"publish","type":"product","link":"https:\/\/www.libraria-occitana.org\/en\/product\/viralenga-jocs-de-mots-en-occitan\/","title":{"rendered":"Viralenga : J\u00f2cs de mots en occitan"},"content":{"rendered":"<p><strong>[oc]<\/strong><br \/>\nViralenga qu&#8217;ei un ut\u00eds (en occitan gascon) qui permeter\u00e0 au m\u00e8stre de crear, dens la soa classa, las condicions mei bonas de liberacion de l&#8217;expression orau.<br \/>\n&#8211; 30 activitats, en f\u00f2rma de j\u00f2cs, ordinadas segon ua progression pedagogica.<br \/>\n&#8211; ann\u00e8x dab tots los elements necessaris taus j\u00f2cs.<\/p>\n<p><strong>[fr]<\/strong><br \/>\nOutil qui propose \u00e0 l&#8217;enseignant d&#8217;occitan 30 activit\u00e9s pour favoriser l&#8217;expression orale. Ces activit\u00e9s, sous forme de jeux, sont ordonn\u00e9es selon une progression p\u00e9dagogique, les annexes regroupant tous les \u00e9l\u00e9ments n\u00e9cessaires aux jeux. Les situations ludiques permettront \u00e0 l&#8217;\u00e9l\u00e8ve d&#8217;int\u00e9grer les r\u00e8gles de fonctionnement de l&#8217;occitan en privil\u00e9giant une activit\u00e9 de recherche, recherche pour r\u00e9soudre des probl\u00e8mes, recherche de la rapidit\u00e9 d&#8217;ex\u00e9cution d&#8217;une consigne.<\/p>\n<p>Cycle 3.<\/p>\n","protected":false},"excerpt":{"rendered":"<p>[oc] Viralenga qu&#8217;ei un ut\u00eds (en occitan gascon) qui permeter\u00e0 au m\u00e8stre de crear, dens la soa classa, las condicions mei bonas de liberacion de l&#8217;expression orau. &#8211; 30 activitats, en f\u00f2rma de j\u00f2cs, ordinadas segon ua progression pedagogica. &#8211; ann\u00e8x dab tots los elements necessaris taus j\u00f2cs. [fr] Outil qui propose \u00e0 l&#8217;enseignant d&#8217;occitan [&hellip;]<\/p>\n","protected":false},"featured_media":18215,"template":"","meta":{"_acf_changed":false,"_genesis_hide_title":false,"_genesis_hide_breadcrumbs":false,"_genesis_hide_singular_image":false,"_genesis_hide_footer_widgets":false,"_genesis_custom_body_class":"","_genesis_custom_post_class":"","_genesis_layout":""},"product_brand":[],"product_cat":[7132,7136,7144],"product_tag":[],"class_list":{"0":"post-18214","1":"product","2":"type-product","3":"status-publish","4":"has-post-thumbnail","6":"product_cat-books","7":"product_cat-dictionaries-language-educational-en","8":"product_cat-educational-pedagogy-en","9":"pa_auteur-pambrun-teresa-en","10":"pa_editeur-canope-editions-en","11":"pa_langue-occitan-en","12":"pa_langue-occitan-gascon-en","13":"entry","15":"first","16":"instock","17":"shipping-taxable","18":"purchasable","19":"product-type-simple"},"acf":[],"_links":{"self":[{"href":"https:\/\/www.libraria-occitana.org\/en\/wp-json\/wp\/v2\/product\/18214","targetHints":{"allow":["GET"]}}],"collection":[{"href":"https:\/\/www.libraria-occitana.org\/en\/wp-json\/wp\/v2\/product"}],"about":[{"href":"https:\/\/www.libraria-occitana.org\/en\/wp-json\/wp\/v2\/types\/product"}],"wp:featuredmedia":[{"embeddable":true,"href":"https:\/\/www.libraria-occitana.org\/en\/wp-json\/wp\/v2\/media\/18215"}],"wp:attachment":[{"href":"https:\/\/www.libraria-occitana.org\/en\/wp-json\/wp\/v2\/media?parent=18214"}],"wp:term":[{"taxonomy":"product_brand","embeddable":true,"href":"https:\/\/www.libraria-occitana.org\/en\/wp-json\/wp\/v2\/product_brand?post=18214"},{"taxonomy":"product_cat","embeddable":true,"href":"https:\/\/www.libraria-occitana.org\/en\/wp-json\/wp\/v2\/product_cat?post=18214"},{"taxonomy":"product_tag","embeddable":true,"href":"https:\/\/www.libraria-occitana.org\/en\/wp-json\/wp\/v2\/product_tag?post=18214"}],"curies":[{"name":"wp","href":"https:\/\/api.w.org\/{rel}","templated":true}]}}