{"id":18216,"date":"2005-02-01T11:50:04","date_gmt":"2005-02-01T10:50:04","guid":{"rendered":"http:\/\/www.libraria-occitana.org\/all-products\/faridondeta-revira-te-faridoundette-retourne-toi?lang=en"},"modified":"2024-07-05T00:16:27","modified_gmt":"2024-07-04T22:16:27","slug":"faridondeta-revira-te-faridoundette-retourne-toi","status":"publish","type":"product","link":"https:\/\/www.libraria-occitana.org\/en\/product\/faridondeta-revira-te-faridoundette-retourne-toi\/","title":{"rendered":"Faridondeta, revira-te ! &#8211; Faridoundette, retourne-toi"},"content":{"rendered":"<p>Dans les cours de r\u00e9cr\u00e9ation, les enfants \u00e9changent encore de nos jours tout un savoir qu&#8217;ils se transmettent sans l&#8217;intervention des adultes : formulettes, jeux, rondes, etc., pr\u00e9sentant une tr\u00e8s grande diversit\u00e9 et fluctuabilit\u00e9. La transmission vivante des jeux chant\u00e9s ou psalmodi\u00e9s accompagn\u00e9s de gestes et de d\u00e9ambulations subsiste \u00e0 des degr\u00e9s divers en domaine fran\u00e7ais.<\/p>\n<p>Si l&#8217;usage du jeu chant\u00e9 en occitan s&#8217;est \u00e9teint, selon des facteurs variables, avec la disparition de la langue dans les cours de r\u00e9cr\u00e9ation, l&#8217;extraordinaire effort du mouvement p\u00e9dagogique contemporain marque un renouveau. L&#8217;objectif de ce recueil, qui s&#8217;adresse \u00e0 une population d&#8217;enfants de 3 \u00e0 10 ans environ, est de r\u00e9pondre \u00e0 une demande de p\u00e9dagogues et de participer \u00e0 un but pratique. Il permet d&#8217;abord, pour les enfants qui ne font pas d&#8217;occitan \u00e0 l&#8217;\u00e9cole, de leur en donner cependant une petite connaissance par le moyen facile du jeu, du rythme, de la m\u00e9lodie. Quant aux enfants des classes bilingues, ce recueil donne \u00e0 leurs enseignants un vaste r\u00e9pertoire &#8211; 107 jeux chant\u00e9s &#8211; de ce savoir occitan perdu et les aide dans leur volont\u00e9 de transmettre leur culture.<\/p>\n<p>Le recueil n&#8217;a pas de vis\u00e9es p\u00e9dagogiques, il pr\u00e9sente au n\u00e9ophyte &#8211; occitan ou pas -, au chercheur, voire \u00e0 l&#8217;ethnologue, un r\u00e9pertoire qu&#8217;il conna\u00eet mal et dont il d\u00e9couvrira les richesses inou\u00efes.<\/p>\n<p>Le r\u00e9pertoire est pr\u00e9c\u00e9d\u00e9 d&#8217;une introduction pr\u00e9sentant la sp\u00e9cificit\u00e9 du jeu chant\u00e9 en g\u00e9n\u00e9ral et plus particuli\u00e8rement du jeu chant\u00e9 dans le domaine occitan ; il est suivi, en fin de recueil, d&#8217;un commentaire ethnographique.<\/p>\n","protected":false},"excerpt":{"rendered":"<p>Dans les cours de r\u00e9cr\u00e9ation, les enfants \u00e9changent encore de nos jours tout un savoir qu&#8217;ils se transmettent sans l&#8217;intervention des adultes : formulettes, jeux, rondes, etc., pr\u00e9sentant une tr\u00e8s grande diversit\u00e9 et fluctuabilit\u00e9. La transmission vivante des jeux chant\u00e9s ou psalmodi\u00e9s accompagn\u00e9s de gestes et de d\u00e9ambulations subsiste \u00e0 des degr\u00e9s divers en domaine [&hellip;]<\/p>\n","protected":false},"featured_media":18217,"template":"","meta":{"_acf_changed":false,"_genesis_hide_title":false,"_genesis_hide_breadcrumbs":false,"_genesis_hide_singular_image":false,"_genesis_hide_footer_widgets":false,"_genesis_custom_body_class":"","_genesis_custom_post_class":"","_genesis_layout":""},"product_brand":[],"product_cat":[7132,7136,7144],"product_tag":[],"class_list":{"0":"post-18216","1":"product","2":"type-product","3":"status-publish","4":"has-post-thumbnail","6":"product_cat-books","7":"product_cat-dictionaries-language-educational-en","8":"product_cat-educational-pedagogy-en","9":"pa_auteur-gauzit-eliane-en","10":"pa_editeur-atlantica-en","11":"pa_langue-occitan-francais-en","12":"entry","14":"first","15":"outofstock","16":"shipping-taxable","17":"purchasable","18":"product-type-simple"},"acf":[],"_links":{"self":[{"href":"https:\/\/www.libraria-occitana.org\/en\/wp-json\/wp\/v2\/product\/18216","targetHints":{"allow":["GET"]}}],"collection":[{"href":"https:\/\/www.libraria-occitana.org\/en\/wp-json\/wp\/v2\/product"}],"about":[{"href":"https:\/\/www.libraria-occitana.org\/en\/wp-json\/wp\/v2\/types\/product"}],"wp:featuredmedia":[{"embeddable":true,"href":"https:\/\/www.libraria-occitana.org\/en\/wp-json\/wp\/v2\/media\/18217"}],"wp:attachment":[{"href":"https:\/\/www.libraria-occitana.org\/en\/wp-json\/wp\/v2\/media?parent=18216"}],"wp:term":[{"taxonomy":"product_brand","embeddable":true,"href":"https:\/\/www.libraria-occitana.org\/en\/wp-json\/wp\/v2\/product_brand?post=18216"},{"taxonomy":"product_cat","embeddable":true,"href":"https:\/\/www.libraria-occitana.org\/en\/wp-json\/wp\/v2\/product_cat?post=18216"},{"taxonomy":"product_tag","embeddable":true,"href":"https:\/\/www.libraria-occitana.org\/en\/wp-json\/wp\/v2\/product_tag?post=18216"}],"curies":[{"name":"wp","href":"https:\/\/api.w.org\/{rel}","templated":true}]}}