{"id":18223,"date":"2005-01-01T16:51:29","date_gmt":"2005-01-01T15:51:29","guid":{"rendered":"http:\/\/www.libraria-occitana.org\/all-products\/et-ades-sera-lalba-angoisse-de-laube?lang=en"},"modified":"2026-04-29T10:34:05","modified_gmt":"2026-04-29T08:34:05","slug":"et-ades-sera-lalba-angoisse-de-laube","status":"publish","type":"product","link":"https:\/\/www.libraria-occitana.org\/en\/product\/et-ades-sera-lalba-angoisse-de-laube\/","title":{"rendered":"\u00ab Et ades sera l&#8217;Alba \u00bb &#8211; Angoisse de l&#8217;aube"},"content":{"rendered":"<p>Recueil des chansons d&#8217;aube des troubadours<\/p>\n<p>Tu veux partir ? Ce n&#8217;est pas pr\u00e8s d&#8217;\u00eatre le jour.<br \/>\nC&#8217;\u00e9tait le rossignol et non pas l&#8217;alouette<br \/>\nqui a perc\u00e9 le fond craintif de ton oreille ;<br \/>\nil chante la nuit sur ce grenadier ;<br \/>\ncrois-moi, amour, c&#8217;\u00e9tait le rossignol.<br \/>\n\u2013 C&#8217;\u00e9tait l&#8217;alouette messag\u00e8re de l&#8217;aube<br \/>\net non le rossignol : vois quelles raies jalouses, amour,<br \/>\ns\u00e9parent les nuages dans l&#8217;orient lointain ;<br \/>\nles cierges de la nuit sont br\u00fbl\u00e9s, le gai matin<br \/>\nfait des pointes sur les montagnes embrum\u00e9es.<br \/>\nIl faut vivre et partir \u2013 ou mourir et rester<\/p>\n<p>Shakespeare, <em>\u0152uvres compl\u00e8tes<\/em>, t. II, Rom\u00e9o et Juliette, III, V. Pl\u00e9iade, 1959.<\/p>\n<p>Le dernier vers du dialogue de <em>Rom\u00e9o et Juliette<\/em> pose parfaitement la probl\u00e9matique de l\u2019<em>alba<\/em> amoureuse : la dame des troubadours est l\u2019\u00e9pouse d\u2019un seigneur jaloux et les amants ne peuvent se retrouver qu\u2019\u00e0 la faveur de la nuit, furtivement ; le guetteur du ch\u00e2teau, pr\u00e9pos\u00e9 \u00e0 l\u2019annonce de l\u2019arriv\u00e9e de l\u2019aube, devient, volontairement ou non, leur complice en donnant \u00e0 l\u2019amant le signal du d\u00e9part. Mais la nuit est toujours trop courte pour un couple que l\u2019amour physique ne saurait rassasier et la s\u00e9paration est une d\u00e9chirure.<\/p>\n<p>\u00c0 c\u00f4t\u00e9 de ces <em>albas<\/em> profanes, il existe des <em>albas<\/em> religieuses o\u00f9 les signes s\u2019inversent. La nuit du p\u00e9ch\u00e9 torture l\u2019\u00e2me : elle aspire au lever d\u2019un jour divin dont l\u2019aube devient la m\u00e8re virginale.<\/p>\n<p>Dans quelques vingt po\u00e8mes, les troubadours font la magistrale d\u00e9monstration de leur art de la variation sur un lieu commun qui nous conduit de la grande pr\u00e9dication religieuse \u00e0 des pi\u00e8ces parfois moqueuses, parfois tragiques, parfois parodiques.<\/p>\n<p>Pr\u00e9c\u00e9d\u00e9 d&#8217;une introduction de Franck Bauer et G\u00e9rard Gouiran.<\/p>\n","protected":false},"excerpt":{"rendered":"<p>Recueil des chansons d&#8217;aube des troubadours Tu veux partir ? Ce n&#8217;est pas pr\u00e8s d&#8217;\u00eatre le jour. C&#8217;\u00e9tait le rossignol et non pas l&#8217;alouette qui a perc\u00e9 le fond craintif de ton oreille ; il chante la nuit sur ce grenadier ; crois-moi, amour, c&#8217;\u00e9tait le rossignol. \u2013 C&#8217;\u00e9tait l&#8217;alouette messag\u00e8re de l&#8217;aube et non [&hellip;]<\/p>\n","protected":false},"featured_media":17505,"template":"","meta":{"_acf_changed":false,"_genesis_hide_title":false,"_genesis_hide_breadcrumbs":false,"_genesis_hide_singular_image":false,"_genesis_hide_footer_widgets":false,"_genesis_custom_body_class":"","_genesis_custom_post_class":"","_genesis_layout":""},"product_brand":[],"product_cat":[7188,7132,7174],"product_tag":[],"class_list":{"0":"post-18223","1":"product","2":"type-product","3":"status-publish","4":"has-post-thumbnail","6":"product_cat-arts-studies-en","7":"product_cat-books","8":"product_cat-literature-en","9":"pa_auteur-gouiran-gerard-en","10":"pa_editeur-pu-mediterranee-en","11":"pa_langue-occitan-medievau-en","12":"pa_langue-occitan-francais-en","13":"entry","15":"first","16":"instock","17":"shipping-taxable","18":"purchasable","19":"product-type-simple"},"acf":[],"_links":{"self":[{"href":"https:\/\/www.libraria-occitana.org\/en\/wp-json\/wp\/v2\/product\/18223","targetHints":{"allow":["GET"]}}],"collection":[{"href":"https:\/\/www.libraria-occitana.org\/en\/wp-json\/wp\/v2\/product"}],"about":[{"href":"https:\/\/www.libraria-occitana.org\/en\/wp-json\/wp\/v2\/types\/product"}],"wp:featuredmedia":[{"embeddable":true,"href":"https:\/\/www.libraria-occitana.org\/en\/wp-json\/wp\/v2\/media\/17505"}],"wp:attachment":[{"href":"https:\/\/www.libraria-occitana.org\/en\/wp-json\/wp\/v2\/media?parent=18223"}],"wp:term":[{"taxonomy":"product_brand","embeddable":true,"href":"https:\/\/www.libraria-occitana.org\/en\/wp-json\/wp\/v2\/product_brand?post=18223"},{"taxonomy":"product_cat","embeddable":true,"href":"https:\/\/www.libraria-occitana.org\/en\/wp-json\/wp\/v2\/product_cat?post=18223"},{"taxonomy":"product_tag","embeddable":true,"href":"https:\/\/www.libraria-occitana.org\/en\/wp-json\/wp\/v2\/product_tag?post=18223"}],"curies":[{"name":"wp","href":"https:\/\/api.w.org\/{rel}","templated":true}]}}