{"id":18224,"date":"2005-01-01T16:33:42","date_gmt":"2005-01-01T15:33:42","guid":{"rendered":"http:\/\/www.libraria-occitana.org\/all-products\/gramatica-de-loccitan-gascon-contemporaneu?lang=en"},"modified":"2026-04-29T10:47:47","modified_gmt":"2026-04-29T08:47:47","slug":"gramatica-de-loccitan-gascon-contemporaneu","status":"publish","type":"product","link":"https:\/\/www.libraria-occitana.org\/en\/product\/gramatica-de-loccitan-gascon-contemporaneu\/","title":{"rendered":"Gramatica de l&#8217;occitan gascon contemporan\u00e8u"},"content":{"rendered":"<p>Une <em>Gramatica de l\u2019occitan gascon contemporan\u00e8u<\/em> en occitan : voil\u00e0 l\u2019outil qui manquait et qui vient compl\u00e9ter tous ceux qui existaient d\u00e9j\u00e0 : m\u00e9mentos, manuels et dictionnaires. Les auteurs ont mis leur connaissance de la langue et leur exp\u00e9rience de l\u2019enseignement au service de ce travail et\u2026 c\u2019est une r\u00e9ussite.<\/p>\n<p>Tous les aspects de la langue sont \u00e9tudi\u00e9s m\u00e9thodiquement. La variabilit\u00e9 g\u00e9ographique est prise en compte le plus souvent possible, mais, pour permettre un apprentissage efficace de la langue et son utilisation dans le cadre d\u2019une communication large, les auteurs pr\u00e9conisent, surtout sur le plan morphologique, l\u2019emploi des formes les plus r\u00e9pandues.<\/p>\n<p>Cette grammaire sera l\u2019outil de r\u00e9f\u00e9rence de tous ceux qui veulent approfondir leur connaissance de la langue.<\/p>\n","protected":false},"excerpt":{"rendered":"<p>Une Gramatica de l\u2019occitan gascon contemporan\u00e8u en occitan : voil\u00e0 l\u2019outil qui manquait et qui vient compl\u00e9ter tous ceux qui existaient d\u00e9j\u00e0 : m\u00e9mentos, manuels et dictionnaires. Les auteurs ont mis leur connaissance de la langue et leur exp\u00e9rience de l\u2019enseignement au service de ce travail et\u2026 c\u2019est une r\u00e9ussite. Tous les aspects de la [&hellip;]<\/p>\n","protected":false},"featured_media":18225,"template":"","meta":{"_acf_changed":false,"_genesis_hide_title":false,"_genesis_hide_breadcrumbs":false,"_genesis_hide_singular_image":false,"_genesis_hide_footer_widgets":false,"_genesis_custom_body_class":"","_genesis_custom_post_class":"","_genesis_layout":""},"product_brand":[],"product_cat":[7132,7138,7136],"product_tag":[],"class_list":{"0":"post-18224","1":"product","2":"type-product","3":"status-publish","4":"has-post-thumbnail","6":"product_cat-books","7":"product_cat-dictionaries-grammars-en","8":"product_cat-dictionaries-language-educational-en","9":"pa_auteur-bianchi-andre-en","10":"pa_auteur-romieu-maurici-en","11":"pa_editeur-pu-bordeaux-en","12":"pa_langue-occitan-en","13":"pa_langue-occitan-gascon-en","14":"entry","16":"first","17":"outofstock","18":"shipping-taxable","19":"purchasable","20":"product-type-simple"},"acf":[],"_links":{"self":[{"href":"https:\/\/www.libraria-occitana.org\/en\/wp-json\/wp\/v2\/product\/18224","targetHints":{"allow":["GET"]}}],"collection":[{"href":"https:\/\/www.libraria-occitana.org\/en\/wp-json\/wp\/v2\/product"}],"about":[{"href":"https:\/\/www.libraria-occitana.org\/en\/wp-json\/wp\/v2\/types\/product"}],"wp:featuredmedia":[{"embeddable":true,"href":"https:\/\/www.libraria-occitana.org\/en\/wp-json\/wp\/v2\/media\/18225"}],"wp:attachment":[{"href":"https:\/\/www.libraria-occitana.org\/en\/wp-json\/wp\/v2\/media?parent=18224"}],"wp:term":[{"taxonomy":"product_brand","embeddable":true,"href":"https:\/\/www.libraria-occitana.org\/en\/wp-json\/wp\/v2\/product_brand?post=18224"},{"taxonomy":"product_cat","embeddable":true,"href":"https:\/\/www.libraria-occitana.org\/en\/wp-json\/wp\/v2\/product_cat?post=18224"},{"taxonomy":"product_tag","embeddable":true,"href":"https:\/\/www.libraria-occitana.org\/en\/wp-json\/wp\/v2\/product_tag?post=18224"}],"curies":[{"name":"wp","href":"https:\/\/api.w.org\/{rel}","templated":true}]}}