{"id":18226,"date":"2005-01-01T11:57:28","date_gmt":"2005-01-01T10:57:28","guid":{"rendered":"http:\/\/www.libraria-occitana.org\/all-products\/marcelle-delpastre-a-fleur-de-vie?lang=en"},"modified":"2026-04-19T04:36:44","modified_gmt":"2026-04-19T02:36:44","slug":"marcelle-delpastre-a-fleur-de-vie","status":"publish","type":"product","link":"https:\/\/www.libraria-occitana.org\/en\/product\/marcelle-delpastre-a-fleur-de-vie\/","title":{"rendered":"Marcelle Delpastre, \u00e0 fleur de vie"},"content":{"rendered":"<p>&#8211; <strong>MARCELLE DELPASTRE, \u00c0 FLEUR DE VIE<\/strong>. 26 min<br \/>\nDans son hameau de Germont (pr\u00e8s de Chamberet en Corr\u00e8ze), l&#8217;\u00e9crivain et agricultrice Marcelle Delpastre a poursuivi pendant plus de trente ans un travail po\u00e9tique exigeant, marginal, au contact de la terre et de ses intuitions.<br \/>\nSon autobiographie (pr\u00e8s d&#8217;une dizaine d&#8217;ouvrages \u00e9dit\u00e9s chez Payot), ses nombreux \u00e9crits (nouvelles, po\u00e8mes, enqu\u00eates ethnographiques) l&#8217;ont faite conna\u00eetre \u00e0 un large public. Dans ce dernier film, r\u00e9alis\u00e9 en 1996, dix ans apr\u00e8s les premiers tournages propos\u00e9s en compl\u00e9ment de programme, Marcelle Delpastre analyse son travail d&#8217;\u00e9criture et parle avec humour et conviction de cette recherche obstin\u00e9e d&#8217;une parole authentique et puissante autour de sa terre.<\/p>\n<p><strong>Compl\u00e9ment de programme:<\/strong><br \/>\n&#8211; <strong>MARCELLE, PAROLE<\/strong>. 9 min<br \/>\nCe film \u00e0 l&#8217;origine en 35 mm scope, pr\u00e9sent\u00e9 en salles, tente de traduire le travail et les \u00e9motions de l&#8217;\u00e9crivain farouchement li\u00e9e \u00e0 sa ruralit\u00e9 et \u00e0 son environnement.<\/p>\n<p>&#8211; <strong>MARCELLE DELPASTRE, LE CHANT V\u00c9G\u00c9TAL<\/strong>. 23 min<br \/>\nDes extraits de ce document permettent d&#8217;entendre les t\u00e9moignages d&#8217;Henri Pichette et Ren\u00e9 Rougerie sur le travail d&#8217;\u00e9criture de Marcelle Delpastre.<\/p>\n<p>&#8211; <strong>MARCELLE DELPASTRE \/ JAN DAU MELHAU<\/strong>. 26 min<br \/>\nCe t\u00e9moignage film\u00e9 de l&#8217;\u00e9diteur po\u00e8te et chanteur, h\u00e9ritier l\u00e9gal de Marcelle Delpastre, permet de mieux cerner la derni\u00e8re p\u00e9riode de sa vie, toujours hant\u00e9e malgr\u00e9 la maladie par sa soif d&#8217;\u00e9criture.<\/p>\n","protected":false},"excerpt":{"rendered":"<p>&#8211; MARCELLE DELPASTRE, \u00c0 FLEUR DE VIE. 26 min Dans son hameau de Germont (pr\u00e8s de Chamberet en Corr\u00e8ze), l&#8217;\u00e9crivain et agricultrice Marcelle Delpastre a poursuivi pendant plus de trente ans un travail po\u00e9tique exigeant, marginal, au contact de la terre et de ses intuitions. Son autobiographie (pr\u00e8s d&#8217;une dizaine d&#8217;ouvrages \u00e9dit\u00e9s chez Payot), ses [&hellip;]<\/p>\n","protected":false},"featured_media":18227,"template":"","meta":{"_acf_changed":false,"_genesis_hide_title":false,"_genesis_hide_breadcrumbs":false,"_genesis_hide_singular_image":false,"_genesis_hide_footer_widgets":false,"_genesis_custom_body_class":"","_genesis_custom_post_class":"","_genesis_layout":""},"product_brand":[],"product_cat":[7241,7249],"product_tag":[],"class_list":{"0":"post-18226","1":"product","2":"type-product","3":"status-publish","4":"has-post-thumbnail","6":"product_cat-documentary-en","7":"product_cat-videos-3-en","8":"pa_auteur-cazals-patrick-en","9":"pa_editeur-les-films-du-horla-en","10":"pa_langue-francais-en","11":"entry","13":"first","14":"instock","15":"shipping-taxable","16":"purchasable","17":"product-type-simple"},"acf":[],"_links":{"self":[{"href":"https:\/\/www.libraria-occitana.org\/en\/wp-json\/wp\/v2\/product\/18226","targetHints":{"allow":["GET"]}}],"collection":[{"href":"https:\/\/www.libraria-occitana.org\/en\/wp-json\/wp\/v2\/product"}],"about":[{"href":"https:\/\/www.libraria-occitana.org\/en\/wp-json\/wp\/v2\/types\/product"}],"wp:featuredmedia":[{"embeddable":true,"href":"https:\/\/www.libraria-occitana.org\/en\/wp-json\/wp\/v2\/media\/18227"}],"wp:attachment":[{"href":"https:\/\/www.libraria-occitana.org\/en\/wp-json\/wp\/v2\/media?parent=18226"}],"wp:term":[{"taxonomy":"product_brand","embeddable":true,"href":"https:\/\/www.libraria-occitana.org\/en\/wp-json\/wp\/v2\/product_brand?post=18226"},{"taxonomy":"product_cat","embeddable":true,"href":"https:\/\/www.libraria-occitana.org\/en\/wp-json\/wp\/v2\/product_cat?post=18226"},{"taxonomy":"product_tag","embeddable":true,"href":"https:\/\/www.libraria-occitana.org\/en\/wp-json\/wp\/v2\/product_tag?post=18226"}],"curies":[{"name":"wp","href":"https:\/\/api.w.org\/{rel}","templated":true}]}}