{"id":18235,"date":"2004-11-01T09:48:56","date_gmt":"2004-11-01T08:48:56","guid":{"rendered":"http:\/\/www.libraria-occitana.org\/all-products\/baroques-occitans-anthologie-de-la-poesie-en-langue-doc-1560-1660?lang=en"},"modified":"2026-04-11T21:41:25","modified_gmt":"2026-04-11T19:41:25","slug":"baroques-occitans-anthologie-de-la-poesie-en-langue-doc-1560-1660","status":"publish","type":"product","link":"https:\/\/www.libraria-occitana.org\/en\/product\/baroques-occitans-anthologie-de-la-poesie-en-langue-doc-1560-1660\/","title":{"rendered":"Baroques occitans : Anthologie de la po\u00e9sie en langue d&#8217;oc &#8211; 1560-1660"},"content":{"rendered":"<p>Robert Lafont est n\u00e9 \u00e0 N\u00eemes en 1923 et mort en 2009 \u00e0 Florence. Il a pendant de longues ann\u00e9es enseign\u00e9 la langue et la litt\u00e9rature occitanes \u00e0 l&#8217;Universit\u00e9 de Montpellier. \u00c9crivain, il est l&#8217;auteur d&#8217;une \u0153uvre abondante et diverse en occitan (romans, pi\u00e8ces de th\u00e9\u00e2tre, po\u00e8mes). Chercheur et essayiste, on lui doit de nombreux ouvrages qui concernent aussi bien les champs de la linguistique g\u00e9n\u00e9rale et romane que ceux de l&#8217;histoire, de la r\u00e9flexion socio-\u00e9conomique ou de l&#8217;histoire litt\u00e9raire. Dans ce dernier domaine, il a en particulier contribu\u00e9 de fa\u00e7on d\u00e9cisive, d\u00e8s la fin des ann\u00e9es 1950, \u00e0 la red\u00e9couverte des \u00e9crivains occitans de l&#8217;\u00e9poque baroque. L&#8217;<em>Anthologie des baroques occitans<\/em>, synth\u00e8se des recherches men\u00e9es par Robert Lafont sur le sujet, textes \u00e0 l&#8217;appui, repr\u00e9sente un jalon fondamental dans l&#8217;\u00e9tude de notre litt\u00e9rature.<\/p>\n","protected":false},"excerpt":{"rendered":"<p>Robert Lafont est n\u00e9 \u00e0 N\u00eemes en 1923 et mort en 2009 \u00e0 Florence. Il a pendant de longues ann\u00e9es enseign\u00e9 la langue et la litt\u00e9rature occitanes \u00e0 l&#8217;Universit\u00e9 de Montpellier. \u00c9crivain, il est l&#8217;auteur d&#8217;une \u0153uvre abondante et diverse en occitan (romans, pi\u00e8ces de th\u00e9\u00e2tre, po\u00e8mes). Chercheur et essayiste, on lui doit de nombreux [&hellip;]<\/p>\n","protected":false},"featured_media":36570,"template":"","meta":{"_acf_changed":false,"_genesis_hide_title":false,"_genesis_hide_breadcrumbs":false,"_genesis_hide_singular_image":false,"_genesis_hide_footer_widgets":false,"_genesis_custom_body_class":"","_genesis_custom_post_class":"","_genesis_layout":""},"product_brand":[],"product_cat":[7132,7174,7180],"product_tag":[],"class_list":{"0":"post-18235","1":"product","2":"type-product","3":"status-publish","4":"has-post-thumbnail","6":"product_cat-books","7":"product_cat-literature-en","8":"product_cat-poetry-en","9":"pa_editeur-pu-mediterranee-en","10":"pa_illustrateur-lafont-robert-en","11":"pa_langue-occitan-francais-en","12":"entry","14":"first","15":"instock","16":"shipping-taxable","17":"purchasable","18":"product-type-simple"},"acf":[],"_links":{"self":[{"href":"https:\/\/www.libraria-occitana.org\/en\/wp-json\/wp\/v2\/product\/18235","targetHints":{"allow":["GET"]}}],"collection":[{"href":"https:\/\/www.libraria-occitana.org\/en\/wp-json\/wp\/v2\/product"}],"about":[{"href":"https:\/\/www.libraria-occitana.org\/en\/wp-json\/wp\/v2\/types\/product"}],"wp:featuredmedia":[{"embeddable":true,"href":"https:\/\/www.libraria-occitana.org\/en\/wp-json\/wp\/v2\/media\/36570"}],"wp:attachment":[{"href":"https:\/\/www.libraria-occitana.org\/en\/wp-json\/wp\/v2\/media?parent=18235"}],"wp:term":[{"taxonomy":"product_brand","embeddable":true,"href":"https:\/\/www.libraria-occitana.org\/en\/wp-json\/wp\/v2\/product_brand?post=18235"},{"taxonomy":"product_cat","embeddable":true,"href":"https:\/\/www.libraria-occitana.org\/en\/wp-json\/wp\/v2\/product_cat?post=18235"},{"taxonomy":"product_tag","embeddable":true,"href":"https:\/\/www.libraria-occitana.org\/en\/wp-json\/wp\/v2\/product_tag?post=18235"}],"curies":[{"name":"wp","href":"https:\/\/api.w.org\/{rel}","templated":true}]}}