{"id":18237,"date":"2004-10-01T19:02:13","date_gmt":"2004-10-01T17:02:13","guid":{"rendered":"http:\/\/www.libraria-occitana.org\/all-products\/asterix-a-lescola-gallesa-catorze-istorias-completas-dasterix?lang=en"},"modified":"2026-04-18T23:01:30","modified_gmt":"2026-04-18T21:01:30","slug":"asterix-a-lescola-gallesa-catorze-istorias-completas-dasterix","status":"publish","type":"product","link":"https:\/\/www.libraria-occitana.org\/en\/product\/asterix-a-lescola-gallesa-catorze-istorias-completas-dasterix\/","title":{"rendered":"Ast\u00e9rix a l&#8217;esc\u00f2la gallesa : Cat\u00f2rze ist\u00f2rias completas d&#8217;Ast\u00e9rix"},"content":{"rendered":"<p>Asterix se p\u00f2t legir u\u00e8i dins mai de 120 lengas per lo monde&#8230; e poiri\u00e1 pas parlar las lengas de Fran\u00e7a?&#8230;<\/p>\n<p>Albert Uderzo nos a donc pegat quauques bofas, un biais gall\u00e9s de menar los \u00f2mes, e nos a demandat de reparar aquela error.<\/p>\n<p>Apr\u00e8s qualques temptativas que fogu\u00e8ron f\u00f2r\u00e7a presadas al s\u00e8gle passat e que se fagu\u00e8ron a l&#8217;iniciativa d&#8217;editors diferents, las edicions Albert Ren\u00e9 se son mobilizadas per assegurar a aqueste album, qu&#8217;es un floril\u00e8gi, un estatut de precursor en l&#8217;editant en meteis temps en si\u00e8is lengas diferentas. Se los irreductibles de totas las regions se&#8217;n regaudisson, seri\u00e1 possible que d&#8217;autras lengas vengu\u00e8sson enriquir la collecion, e segur, d&#8217;autres albums d&#8217;Asterix lo Gall\u00e9s. Es un afar que cal segir&#8230;<\/p>\n","protected":false},"excerpt":{"rendered":"<p>Asterix se p\u00f2t legir u\u00e8i dins mai de 120 lengas per lo monde&#8230; e poiri\u00e1 pas parlar las lengas de Fran\u00e7a?&#8230; Albert Uderzo nos a donc pegat quauques bofas, un biais gall\u00e9s de menar los \u00f2mes, e nos a demandat de reparar aquela error. Apr\u00e8s qualques temptativas que fogu\u00e8ron f\u00f2r\u00e7a presadas al s\u00e8gle passat e [&hellip;]<\/p>\n","protected":false},"featured_media":36573,"template":"","meta":{"_acf_changed":false,"_genesis_hide_title":false,"_genesis_hide_breadcrumbs":false,"_genesis_hide_singular_image":false,"_genesis_hide_footer_widgets":false,"_genesis_custom_body_class":"","_genesis_custom_post_class":"","_genesis_layout":""},"product_brand":[],"product_cat":[7132,7168,7164],"product_tag":[],"class_list":{"0":"post-18237","1":"product","2":"type-product","3":"status-publish","4":"has-post-thumbnail","6":"product_cat-books","7":"product_cat-comics-en","8":"product_cat-juvenile-and-teen-comics-humour-en","9":"pa_auteur-goscinny-rene-en","10":"pa_auteur-uderzo-a-en","11":"pa_editeur-albert-rene-en","12":"pa_illustrateur-grosclaude-david-en","13":"pa_langue-occitan-en","14":"entry","16":"first","17":"instock","18":"shipping-taxable","19":"purchasable","20":"product-type-simple"},"acf":[],"_links":{"self":[{"href":"https:\/\/www.libraria-occitana.org\/en\/wp-json\/wp\/v2\/product\/18237","targetHints":{"allow":["GET"]}}],"collection":[{"href":"https:\/\/www.libraria-occitana.org\/en\/wp-json\/wp\/v2\/product"}],"about":[{"href":"https:\/\/www.libraria-occitana.org\/en\/wp-json\/wp\/v2\/types\/product"}],"wp:featuredmedia":[{"embeddable":true,"href":"https:\/\/www.libraria-occitana.org\/en\/wp-json\/wp\/v2\/media\/36573"}],"wp:attachment":[{"href":"https:\/\/www.libraria-occitana.org\/en\/wp-json\/wp\/v2\/media?parent=18237"}],"wp:term":[{"taxonomy":"product_brand","embeddable":true,"href":"https:\/\/www.libraria-occitana.org\/en\/wp-json\/wp\/v2\/product_brand?post=18237"},{"taxonomy":"product_cat","embeddable":true,"href":"https:\/\/www.libraria-occitana.org\/en\/wp-json\/wp\/v2\/product_cat?post=18237"},{"taxonomy":"product_tag","embeddable":true,"href":"https:\/\/www.libraria-occitana.org\/en\/wp-json\/wp\/v2\/product_tag?post=18237"}],"curies":[{"name":"wp","href":"https:\/\/api.w.org\/{rel}","templated":true}]}}