{"id":18241,"date":"2006-01-01T09:01:25","date_gmt":"2006-01-01T08:01:25","guid":{"rendered":"http:\/\/www.libraria-occitana.org\/all-products\/ataut-darnaut-daniel-tombeau-darnaud-daniel-sextinas-occitanas-sextines-occitanes?lang=en"},"modified":"2026-04-17T00:41:32","modified_gmt":"2026-04-16T22:41:32","slug":"ataut-darnaut-daniel-tombeau-darnaud-daniel-sextinas-occitanas-sextines-occitanes","status":"publish","type":"product","link":"https:\/\/www.libraria-occitana.org\/en\/product\/ataut-darnaut-daniel-tombeau-darnaud-daniel-sextinas-occitanas-sextines-occitanes\/","title":{"rendered":"Ata\u00fct d&#8217;Arnaut Daniel &#8211; Tombeau d&#8217;Arnaud Daniel : Sextinas occitanas &#8211; Sextines occitanes"},"content":{"rendered":"<p style=\"text-align: left;\">Toujours myst\u00e9rieuse, la sextine a p\u00e9n\u00e9tr\u00e9 peu \u00e0 peu presque toutes les langues romanes. Apr\u00e8s une longue \u00e9clipse, elle est r\u00e9apparue au vingti\u00e8me si\u00e8cle. Pierre Lartigue dans son essai <em>L&#8217;H\u00e9lice d&#8217;\u00e9crire<\/em>, a fait avec passion l&#8217;histoire de la forme, de sa naissance aux derni\u00e8res ann\u00e9es du vingti\u00e8me si\u00e8cle. Il \u00e9tait temps qu&#8217;elle soit honor\u00e9e par un choix judicieux d&#8217;exemples compos\u00e9s dans la langue de son cr\u00e9ateur, Arnaud Daniel. C&#8217;est ce qui est fait ici. On lira d&#8217;abord, apr\u00e8s le mod\u00e8le originel, les sextines &#8220;sur les m\u00eames rimes&#8221; de ses imitateurs du 13e si\u00e8cle (Guilhem de Sant Gregori, Bartolomeu Zorzi et Pons Fabre d&#8217;Uz\u00e8s). La sextine de Dante et l&#8217;une des 9 sextines de P\u00e9trarque sont pr\u00e9sent\u00e9es ensuite. Enfin, quatre contemporains (Joan Mouzat, Sulli Andri\u00e9u Peyre, P\u00e8ire Bec et Max Roqueta) compl\u00e8tent ce bel hommage, savamment et amoureusement compos\u00e9 par Jean Eygun.<\/p>\n<p style=\"text-align: right;\">Jacques Roubaud<\/p>\n","protected":false},"excerpt":{"rendered":"<p>Toujours myst\u00e9rieuse, la sextine a p\u00e9n\u00e9tr\u00e9 peu \u00e0 peu presque toutes les langues romanes. Apr\u00e8s une longue \u00e9clipse, elle est r\u00e9apparue au vingti\u00e8me si\u00e8cle. Pierre Lartigue dans son essai L&#8217;H\u00e9lice d&#8217;\u00e9crire, a fait avec passion l&#8217;histoire de la forme, de sa naissance aux derni\u00e8res ann\u00e9es du vingti\u00e8me si\u00e8cle. Il \u00e9tait temps qu&#8217;elle soit honor\u00e9e par [&hellip;]<\/p>\n","protected":false},"featured_media":36528,"template":"","meta":{"_acf_changed":false,"_genesis_hide_title":false,"_genesis_hide_breadcrumbs":false,"_genesis_hide_singular_image":false,"_genesis_hide_footer_widgets":false,"_genesis_custom_body_class":"","_genesis_custom_post_class":"","_genesis_layout":""},"product_brand":[],"product_cat":[7132,7174,7180],"product_tag":[],"class_list":{"0":"post-18241","1":"product","2":"type-product","3":"status-publish","4":"has-post-thumbnail","6":"product_cat-books","7":"product_cat-literature-en","8":"product_cat-poetry-en","9":"pa_auteur-collectiu-en-2","10":"pa_editeur-letras-doc-en","11":"pa_langue-occitan-francais-en","12":"entry","14":"first","15":"instock","16":"shipping-taxable","17":"purchasable","18":"product-type-simple"},"acf":[],"_links":{"self":[{"href":"https:\/\/www.libraria-occitana.org\/en\/wp-json\/wp\/v2\/product\/18241","targetHints":{"allow":["GET"]}}],"collection":[{"href":"https:\/\/www.libraria-occitana.org\/en\/wp-json\/wp\/v2\/product"}],"about":[{"href":"https:\/\/www.libraria-occitana.org\/en\/wp-json\/wp\/v2\/types\/product"}],"wp:featuredmedia":[{"embeddable":true,"href":"https:\/\/www.libraria-occitana.org\/en\/wp-json\/wp\/v2\/media\/36528"}],"wp:attachment":[{"href":"https:\/\/www.libraria-occitana.org\/en\/wp-json\/wp\/v2\/media?parent=18241"}],"wp:term":[{"taxonomy":"product_brand","embeddable":true,"href":"https:\/\/www.libraria-occitana.org\/en\/wp-json\/wp\/v2\/product_brand?post=18241"},{"taxonomy":"product_cat","embeddable":true,"href":"https:\/\/www.libraria-occitana.org\/en\/wp-json\/wp\/v2\/product_cat?post=18241"},{"taxonomy":"product_tag","embeddable":true,"href":"https:\/\/www.libraria-occitana.org\/en\/wp-json\/wp\/v2\/product_tag?post=18241"}],"curies":[{"name":"wp","href":"https:\/\/api.w.org\/{rel}","templated":true}]}}