{"id":18243,"date":"2005-12-01T15:51:50","date_gmt":"2005-12-01T14:51:50","guid":{"rendered":"http:\/\/www.libraria-occitana.org\/all-products\/goteta-o-los-camins-de-la-vida?lang=en"},"modified":"2020-06-12T14:23:43","modified_gmt":"2020-06-12T12:23:43","slug":"goteta-o-los-camins-de-la-vida","status":"publish","type":"product","link":"https:\/\/www.libraria-occitana.org\/en\/product\/goteta-o-los-camins-de-la-vida\/","title":{"rendered":"Goteta o los camins de la vida"},"content":{"rendered":"<p><strong>[oc]<\/strong><br \/>\nVaqu\u00ed <em>Goteta<\/em>, que Max Roqueta fagu\u00e8t espelir en 1986, a partir d&#8217;ist\u00f2rias inventadas per los escolans de Los\u00e8ra. Es una gota d&#8217;aiga, enrebalada sens relambi dins los camins de la vida, que li fa gaug de descobrir tant de monds diferents amb sos engranatges secrets. Faula sus lo moviment e l&#8217;eternitat de \u00e7\u00f2 que viu, <em>Goteta<\/em> es una lei\u00e7on d&#8217;ist\u00f2ria naturala e un percors po\u00ebtic. Un encantament.<\/p>\n<p><strong>[fr]<\/strong><br \/>\nVoici <em>Gouttette<\/em>, que Max Rouquette fit na\u00eetre en 1986, \u00e0 partir d&#8217;histoires invent\u00e9es par les \u00e9l\u00e8ves des \u00e9coles de Loz\u00e8re. C&#8217;est une goutte d&#8217;eau, entra\u00een\u00e9e sans rel\u00e2che dans les chemins de la vie, et qui se r\u00e9jouit de d\u00e9couvrir tant de mondes diff\u00e9rents avec leurs rouages secrets. Fable sur le mouvement et l&#8217;\u00e9ternit\u00e9 du vivant, Gouttette est une le\u00e7on d&#8217;histoire naturelle et un parcours po\u00e9tique. Un enchantement.<\/p>\n<p>Coll\u00e8ges &gt; lyc\u00e9es.<\/p>\n","protected":false},"excerpt":{"rendered":"<p>[oc] Vaqu\u00ed Goteta, que Max Roqueta fagu\u00e8t espelir en 1986, a partir d&#8217;ist\u00f2rias inventadas per los escolans de Los\u00e8ra. Es una gota d&#8217;aiga, enrebalada sens relambi dins los camins de la vida, que li fa gaug de descobrir tant de monds diferents amb sos engranatges secrets. Faula sus lo moviment e l&#8217;eternitat de \u00e7\u00f2 que [&hellip;]<\/p>\n","protected":false},"featured_media":18244,"template":"","meta":{"_acf_changed":false,"_genesis_hide_title":false,"_genesis_hide_breadcrumbs":false,"_genesis_hide_singular_image":false,"_genesis_hide_footer_widgets":false,"_genesis_custom_body_class":"","_genesis_custom_post_class":"","_genesis_layout":""},"product_brand":[],"product_cat":[7132,7164,7166],"product_tag":[],"class_list":{"0":"post-18243","1":"product","2":"type-product","3":"status-publish","4":"has-post-thumbnail","6":"product_cat-books","7":"product_cat-juvenile-and-teen-comics-humour-en","8":"product_cat-teen-en","9":"pa_auteur-roqueta-max-en","10":"pa_editeur-crdp-montpellier-fr-en","11":"pa_langue-occitan-lengadocian-en","12":"pa_langue-occitan-francais-en","13":"entry","15":"first","16":"outofstock","17":"shipping-taxable","18":"purchasable","19":"product-type-simple"},"acf":[],"_links":{"self":[{"href":"https:\/\/www.libraria-occitana.org\/en\/wp-json\/wp\/v2\/product\/18243","targetHints":{"allow":["GET"]}}],"collection":[{"href":"https:\/\/www.libraria-occitana.org\/en\/wp-json\/wp\/v2\/product"}],"about":[{"href":"https:\/\/www.libraria-occitana.org\/en\/wp-json\/wp\/v2\/types\/product"}],"wp:featuredmedia":[{"embeddable":true,"href":"https:\/\/www.libraria-occitana.org\/en\/wp-json\/wp\/v2\/media\/18244"}],"wp:attachment":[{"href":"https:\/\/www.libraria-occitana.org\/en\/wp-json\/wp\/v2\/media?parent=18243"}],"wp:term":[{"taxonomy":"product_brand","embeddable":true,"href":"https:\/\/www.libraria-occitana.org\/en\/wp-json\/wp\/v2\/product_brand?post=18243"},{"taxonomy":"product_cat","embeddable":true,"href":"https:\/\/www.libraria-occitana.org\/en\/wp-json\/wp\/v2\/product_cat?post=18243"},{"taxonomy":"product_tag","embeddable":true,"href":"https:\/\/www.libraria-occitana.org\/en\/wp-json\/wp\/v2\/product_tag?post=18243"}],"curies":[{"name":"wp","href":"https:\/\/api.w.org\/{rel}","templated":true}]}}