{"id":18251,"date":"2005-11-01T14:22:11","date_gmt":"2005-11-01T13:22:11","guid":{"rendered":"http:\/\/www.libraria-occitana.org\/all-products\/al-picar-de-la-dalha-dires-et-expressions-du-pays-doc?lang=en"},"modified":"2020-06-12T14:23:46","modified_gmt":"2020-06-12T12:23:46","slug":"al-picar-de-la-dalha-dires-et-expressions-du-pays-doc","status":"publish","type":"product","link":"https:\/\/www.libraria-occitana.org\/en\/product\/al-picar-de-la-dalha-dires-et-expressions-du-pays-doc\/","title":{"rendered":"Al picar de la dalha : Dires et expressions du pays d&#8217;Oc"},"content":{"rendered":"<p>Cet ouvrage reprend les chroniques <em>Pels camins de la tradicion<\/em> publi\u00e9es par la revue <em>Infoc<\/em> de 1994 \u00e0 2000 : expressions, proverbes, dires rythment la marche du temps, les rapports des hommes avec la nature et les animaux, les \u00e2ges de la vie, les m\u00e9tiers et travaux, le cycle des saisons\u2026<\/p>\n<p>Fruits de la civilisation occitane, ces formules gardent une valeur d\u2019actualit\u00e9 et nous plongent dans l&#8217;univers d\u2019une langue populaire.<\/p>\n<p>C&#8217;est avec d\u00e9lice que vous savourerez ces centaines d&#8217;expressions occitanes, pr\u00e9sent\u00e9es et comment\u00e9es en fran\u00e7ais.<\/p>\n","protected":false},"excerpt":{"rendered":"<p>Cet ouvrage reprend les chroniques Pels camins de la tradicion publi\u00e9es par la revue Infoc de 1994 \u00e0 2000 : expressions, proverbes, dires rythment la marche du temps, les rapports des hommes avec la nature et les animaux, les \u00e2ges de la vie, les m\u00e9tiers et travaux, le cycle des saisons\u2026 Fruits de la civilisation [&hellip;]<\/p>\n","protected":false},"featured_media":18252,"template":"","meta":{"_acf_changed":false,"_genesis_hide_title":false,"_genesis_hide_breadcrumbs":false,"_genesis_hide_singular_image":false,"_genesis_hide_footer_widgets":false,"_genesis_custom_body_class":"","_genesis_custom_post_class":"","_genesis_layout":""},"product_brand":[],"product_cat":[7132,7136,7146],"product_tag":[],"class_list":{"0":"post-18251","1":"product","2":"type-product","3":"status-publish","4":"has-post-thumbnail","6":"product_cat-books","7":"product_cat-dictionaries-language-educational-en","8":"product_cat-vocabulary-idioms-en","9":"pa_auteur-lagarda-andrieu-en","10":"pa_editeur-ieo-fr-en","11":"pa_langue-occitan-lengadocian-en","12":"pa_langue-occitan-francais-en","13":"entry","15":"first","16":"outofstock","17":"shipping-taxable","18":"purchasable","19":"product-type-simple"},"acf":[],"_links":{"self":[{"href":"https:\/\/www.libraria-occitana.org\/en\/wp-json\/wp\/v2\/product\/18251","targetHints":{"allow":["GET"]}}],"collection":[{"href":"https:\/\/www.libraria-occitana.org\/en\/wp-json\/wp\/v2\/product"}],"about":[{"href":"https:\/\/www.libraria-occitana.org\/en\/wp-json\/wp\/v2\/types\/product"}],"wp:featuredmedia":[{"embeddable":true,"href":"https:\/\/www.libraria-occitana.org\/en\/wp-json\/wp\/v2\/media\/18252"}],"wp:attachment":[{"href":"https:\/\/www.libraria-occitana.org\/en\/wp-json\/wp\/v2\/media?parent=18251"}],"wp:term":[{"taxonomy":"product_brand","embeddable":true,"href":"https:\/\/www.libraria-occitana.org\/en\/wp-json\/wp\/v2\/product_brand?post=18251"},{"taxonomy":"product_cat","embeddable":true,"href":"https:\/\/www.libraria-occitana.org\/en\/wp-json\/wp\/v2\/product_cat?post=18251"},{"taxonomy":"product_tag","embeddable":true,"href":"https:\/\/www.libraria-occitana.org\/en\/wp-json\/wp\/v2\/product_tag?post=18251"}],"curies":[{"name":"wp","href":"https:\/\/api.w.org\/{rel}","templated":true}]}}