{"id":18253,"date":"2005-10-01T17:12:19","date_gmt":"2005-10-01T16:12:19","guid":{"rendered":"http:\/\/www.libraria-occitana.org\/all-products\/anthologie-des-troubadours-du-cantal?lang=en"},"modified":"2026-04-03T05:36:30","modified_gmt":"2026-04-03T03:36:30","slug":"anthologie-des-troubadours-du-cantal","status":"publish","type":"product","link":"https:\/\/www.libraria-occitana.org\/en\/product\/anthologie-des-troubadours-du-cantal\/","title":{"rendered":"Anthologie des Troubadours du Cantal"},"content":{"rendered":"<p>Une mise \u00e0 jour de la connaissance des troubadours du Cantal auxquels sont adjoints deux limitrophes proches : Guilhem de Mur et Guilhem de Biars.<\/p>\n<p>Introduction g\u00e9n\u00e9rale, table des auteurs, pr\u00e9sentation non l\u00e9gendaire de chaque troubadour accompagn\u00e9 d&#8217;un texte significatif (ou deux), notes et commentaires divers, bibliographie.<br \/>\nEdition de r\u00e9f\u00e9rence, pratique : texte et traduction sont en regard ligne \u00e0 ligne, la pr\u00e9sentation et les explications sont en fran\u00e7ais. Cet ouvrage est une actualisation corrective des <em>Troubadours cantaliens<\/em> du Duc de la Salle de Rochemaure (1910). Il est destin\u00e9 au grand public et aux \u00e9tudiants d&#8217;universit\u00e9.<\/p>\n","protected":false},"excerpt":{"rendered":"<p>Une mise \u00e0 jour de la connaissance des troubadours du Cantal auxquels sont adjoints deux limitrophes proches : Guilhem de Mur et Guilhem de Biars. Introduction g\u00e9n\u00e9rale, table des auteurs, pr\u00e9sentation non l\u00e9gendaire de chaque troubadour accompagn\u00e9 d&#8217;un texte significatif (ou deux), notes et commentaires divers, bibliographie. Edition de r\u00e9f\u00e9rence, pratique : texte et traduction [&hellip;]<\/p>\n","protected":false},"featured_media":36531,"template":"","meta":{"_acf_changed":false,"_genesis_hide_title":false,"_genesis_hide_breadcrumbs":false,"_genesis_hide_singular_image":false,"_genesis_hide_footer_widgets":false,"_genesis_custom_body_class":"","_genesis_custom_post_class":"","_genesis_layout":""},"product_brand":[],"product_cat":[7132,7174,7180],"product_tag":[],"class_list":{"0":"post-18253","1":"product","2":"type-product","3":"status-publish","4":"has-post-thumbnail","6":"product_cat-books","7":"product_cat-literature-en","8":"product_cat-poetry-en","9":"pa_auteur-teulat-roger-en","10":"pa_editeur-lo-convise-en","11":"pa_langue-occitan-medievau-en","12":"pa_langue-occitan-francais-en","13":"entry","15":"first","16":"outofstock","17":"shipping-taxable","18":"purchasable","19":"product-type-simple"},"acf":[],"_links":{"self":[{"href":"https:\/\/www.libraria-occitana.org\/en\/wp-json\/wp\/v2\/product\/18253","targetHints":{"allow":["GET"]}}],"collection":[{"href":"https:\/\/www.libraria-occitana.org\/en\/wp-json\/wp\/v2\/product"}],"about":[{"href":"https:\/\/www.libraria-occitana.org\/en\/wp-json\/wp\/v2\/types\/product"}],"wp:featuredmedia":[{"embeddable":true,"href":"https:\/\/www.libraria-occitana.org\/en\/wp-json\/wp\/v2\/media\/36531"}],"wp:attachment":[{"href":"https:\/\/www.libraria-occitana.org\/en\/wp-json\/wp\/v2\/media?parent=18253"}],"wp:term":[{"taxonomy":"product_brand","embeddable":true,"href":"https:\/\/www.libraria-occitana.org\/en\/wp-json\/wp\/v2\/product_brand?post=18253"},{"taxonomy":"product_cat","embeddable":true,"href":"https:\/\/www.libraria-occitana.org\/en\/wp-json\/wp\/v2\/product_cat?post=18253"},{"taxonomy":"product_tag","embeddable":true,"href":"https:\/\/www.libraria-occitana.org\/en\/wp-json\/wp\/v2\/product_tag?post=18253"}],"curies":[{"name":"wp","href":"https:\/\/api.w.org\/{rel}","templated":true}]}}