{"id":18255,"date":"2005-10-01T11:47:40","date_gmt":"2005-10-01T09:47:40","guid":{"rendered":"http:\/\/www.libraria-occitana.org\/all-products\/lo-chant-perdut-de-la-lenga-le-chant-perdu-de-la-langue?lang=en"},"modified":"2026-04-29T03:42:04","modified_gmt":"2026-04-29T01:42:04","slug":"lo-chant-perdut-de-la-lenga-le-chant-perdu-de-la-langue","status":"publish","type":"product","link":"https:\/\/www.libraria-occitana.org\/en\/product\/lo-chant-perdut-de-la-lenga-le-chant-perdu-de-la-langue\/","title":{"rendered":"Lo chant perdut de la lenga &#8211; Le chant perdu de la langue"},"content":{"rendered":"<p><em>Lo chant perdut de la lenga<\/em>, recueil de vingt-cinq textes bilingues (fran\u00e7ais-occitan), \u00e9voque la lente disparition de la langue limousine et du monde rural qui lui servait d&#8217;\u00e9crin.<\/p>\n","protected":false},"excerpt":{"rendered":"<p>Lo chant perdut de la lenga, recueil de vingt-cinq textes bilingues (fran\u00e7ais-occitan), \u00e9voque la lente disparition de la langue limousine et du monde rural qui lui servait d&#8217;\u00e9crin.<\/p>\n","protected":false},"featured_media":18256,"template":"","meta":{"_acf_changed":false,"_genesis_hide_title":false,"_genesis_hide_breadcrumbs":false,"_genesis_hide_singular_image":false,"_genesis_hide_footer_widgets":false,"_genesis_custom_body_class":"","_genesis_custom_post_class":"","_genesis_layout":""},"product_brand":[],"product_cat":[7132,7174,7180],"product_tag":[],"class_list":{"0":"post-18255","1":"product","2":"type-product","3":"status-publish","4":"has-post-thumbnail","6":"product_cat-books","7":"product_cat-literature-en","8":"product_cat-poetry-en","9":"pa_auteur-bourges-nadine-en","10":"pa_editeur-editions-du-ver-luisant-en","11":"pa_langue-occitan-lemosin-en","12":"pa_langue-occitan-francais-en","13":"entry","15":"first","16":"outofstock","17":"shipping-taxable","18":"purchasable","19":"product-type-simple"},"acf":[],"_links":{"self":[{"href":"https:\/\/www.libraria-occitana.org\/en\/wp-json\/wp\/v2\/product\/18255","targetHints":{"allow":["GET"]}}],"collection":[{"href":"https:\/\/www.libraria-occitana.org\/en\/wp-json\/wp\/v2\/product"}],"about":[{"href":"https:\/\/www.libraria-occitana.org\/en\/wp-json\/wp\/v2\/types\/product"}],"wp:featuredmedia":[{"embeddable":true,"href":"https:\/\/www.libraria-occitana.org\/en\/wp-json\/wp\/v2\/media\/18256"}],"wp:attachment":[{"href":"https:\/\/www.libraria-occitana.org\/en\/wp-json\/wp\/v2\/media?parent=18255"}],"wp:term":[{"taxonomy":"product_brand","embeddable":true,"href":"https:\/\/www.libraria-occitana.org\/en\/wp-json\/wp\/v2\/product_brand?post=18255"},{"taxonomy":"product_cat","embeddable":true,"href":"https:\/\/www.libraria-occitana.org\/en\/wp-json\/wp\/v2\/product_cat?post=18255"},{"taxonomy":"product_tag","embeddable":true,"href":"https:\/\/www.libraria-occitana.org\/en\/wp-json\/wp\/v2\/product_tag?post=18255"}],"curies":[{"name":"wp","href":"https:\/\/api.w.org\/{rel}","templated":true}]}}