{"id":18257,"date":"2005-10-01T09:56:31","date_gmt":"2005-10-01T08:56:31","guid":{"rendered":"http:\/\/www.libraria-occitana.org\/all-products\/mostra-me-daus-monstres?lang=en"},"modified":"2026-04-13T04:46:42","modified_gmt":"2026-04-13T02:46:42","slug":"mostra-me-daus-monstres","status":"publish","type":"product","link":"https:\/\/www.libraria-occitana.org\/en\/product\/mostra-me-daus-monstres\/","title":{"rendered":"M\u00f2stra-me daus monstres !"},"content":{"rendered":"<p>[oc]<br \/>\nUn gente monstre, plan espantable ? Aisat emb una recepta aitau ! Monstres gigants e aflacats, monstres pialuts e pauruts, dins l&#8217;aer o a ras de terra, d&#8217;aier o d&#8217;a\u00fcei.<\/p>\n<p>Cicles 1, 2 e 3. Libreton pedagogic <a href=\"http:\/\/capoc.crdp-aquitaine.fr\/articles.php?lng=en&amp;pg=450&amp;mnuid=304&amp;tconfig=0\">sus lo site dau CAP&#8217;\u00d2C<\/a>.<\/p>\n<p>[fr]<br \/>\nUn beau monstre, tr\u00e8s effrayant ? Facile, avec cette recette ! Monstres g\u00e9ants et indolents, monstres poilus et peureux, dans l&#8217;air ou \u00e0 ras-de-terre, d&#8217;hier ou d&#8217;aujourd&#8217;hui\u0085.<\/p>\n<p>Cycles 1, 2 et 3. Livret p\u00e9dagogique <a href=\"http:\/\/capoc.crdp-aquitaine.fr\/articles.php?lng=en&amp;pg=450&amp;mnuid=304&amp;tconfig=0\">sur le site du CAP&#8217;\u00d2C<\/a>.<\/p>\n","protected":false},"excerpt":{"rendered":"<p>[oc] Un gente monstre, plan espantable ? Aisat emb una recepta aitau ! Monstres gigants e aflacats, monstres pialuts e pauruts, dins l&#8217;aer o a ras de terra, d&#8217;aier o d&#8217;a\u00fcei. Cicles 1, 2 e 3. Libreton pedagogic sus lo site dau CAP&#8217;\u00d2C. [fr] Un beau monstre, tr\u00e8s effrayant ? Facile, avec cette recette ! [&hellip;]<\/p>\n","protected":false},"featured_media":18258,"template":"","meta":{"_acf_changed":false,"_genesis_hide_title":false,"_genesis_hide_breadcrumbs":false,"_genesis_hide_singular_image":false,"_genesis_hide_footer_widgets":false,"_genesis_custom_body_class":"","_genesis_custom_post_class":"","_genesis_layout":""},"product_brand":[],"product_cat":[7132,7170,7164],"product_tag":[],"class_list":{"0":"post-18257","1":"product","2":"type-product","3":"status-publish","4":"has-post-thumbnail","6":"product_cat-books","7":"product_cat-juvenile-en","8":"product_cat-juvenile-and-teen-comics-humour-en","9":"pa_auteur-fijac-frederic-en","10":"pa_editeur-canope-editions-en","11":"pa_illustrateur-decamps-domenja-decomps-dominique-en","12":"pa_langue-occitan-en","13":"pa_langue-occitan-lemosin-en","14":"entry","16":"first","17":"instock","18":"shipping-taxable","19":"purchasable","20":"product-type-simple"},"acf":[],"_links":{"self":[{"href":"https:\/\/www.libraria-occitana.org\/en\/wp-json\/wp\/v2\/product\/18257","targetHints":{"allow":["GET"]}}],"collection":[{"href":"https:\/\/www.libraria-occitana.org\/en\/wp-json\/wp\/v2\/product"}],"about":[{"href":"https:\/\/www.libraria-occitana.org\/en\/wp-json\/wp\/v2\/types\/product"}],"wp:featuredmedia":[{"embeddable":true,"href":"https:\/\/www.libraria-occitana.org\/en\/wp-json\/wp\/v2\/media\/18258"}],"wp:attachment":[{"href":"https:\/\/www.libraria-occitana.org\/en\/wp-json\/wp\/v2\/media?parent=18257"}],"wp:term":[{"taxonomy":"product_brand","embeddable":true,"href":"https:\/\/www.libraria-occitana.org\/en\/wp-json\/wp\/v2\/product_brand?post=18257"},{"taxonomy":"product_cat","embeddable":true,"href":"https:\/\/www.libraria-occitana.org\/en\/wp-json\/wp\/v2\/product_cat?post=18257"},{"taxonomy":"product_tag","embeddable":true,"href":"https:\/\/www.libraria-occitana.org\/en\/wp-json\/wp\/v2\/product_tag?post=18257"}],"curies":[{"name":"wp","href":"https:\/\/api.w.org\/{rel}","templated":true}]}}