{"id":18259,"date":"2005-09-01T16:25:21","date_gmt":"2005-09-01T15:25:21","guid":{"rendered":"http:\/\/www.libraria-occitana.org\/all-products\/petit-bal-des-errants-luna-negra?lang=en"},"modified":"2026-04-29T10:59:31","modified_gmt":"2026-04-29T08:59:31","slug":"petit-bal-des-errants-luna-negra","status":"publish","type":"product","link":"https:\/\/www.libraria-occitana.org\/en\/product\/petit-bal-des-errants-luna-negra\/","title":{"rendered":"Petit bal des errants : Luna negra"},"content":{"rendered":"<p>Apr\u00e8s le <a title=\"Petit th\u00e9\u00e2tre d\u00e9samour : Dins los u\u00e8lhs de la coeta del pavon\" href=\"http:\/\/www.libraria-occitana.org\/all-products\/petit-theatre-desamour-dins-los-uelhs-de-la-coeta-del-pavon\"><em>Petit Th\u00e9\u00e2tre D\u00e9samour<\/em><\/a>, tout de couleurs, sous la m\u00eame double signature le <em>Petit Bal des Errants<\/em>, tout de noir et de blanc, cet insistant mot de petit ne qualifiant qu\u2019une belle et bonne humilit\u00e9 et le format d\u2019une \u0153uvre sensible, \u00e9l\u00e9gante et probe, \u00e9nigmatique, n\u00e9cessaire. Seize dessins comme autant de vitraux en grisaille que l\u2019on souhaiterait accueillis dans quelque temple \u00e0 la d\u00e9it\u00e9 mal assur\u00e9e. Et le texte comme une clef dont on verrouille et que l\u2019on jette.<\/p>\n<p><strong>Colleccion \u00ab Au mot son imatge \u00bb :<\/strong><br \/>\nCes livres de grand format (20,5 \u00d7 30,5 cm), en cahiers libres de 8 pages, sous pochette \u00e0 rabats, allient vraiment le texte \u00e0 l\u2019image, soit que l\u2019image vienne illustrer le texte, soit que le texte vienne argumenter l\u2019image.<\/p>\n","protected":false},"excerpt":{"rendered":"<p>Apr\u00e8s le Petit Th\u00e9\u00e2tre D\u00e9samour, tout de couleurs, sous la m\u00eame double signature le Petit Bal des Errants, tout de noir et de blanc, cet insistant mot de petit ne qualifiant qu\u2019une belle et bonne humilit\u00e9 et le format d\u2019une \u0153uvre sensible, \u00e9l\u00e9gante et probe, \u00e9nigmatique, n\u00e9cessaire. Seize dessins comme autant de vitraux en grisaille [&hellip;]<\/p>\n","protected":false},"featured_media":18260,"template":"","meta":{"_acf_changed":false,"_genesis_hide_title":false,"_genesis_hide_breadcrumbs":false,"_genesis_hide_singular_image":false,"_genesis_hide_footer_widgets":false,"_genesis_custom_body_class":"","_genesis_custom_post_class":"","_genesis_layout":""},"product_brand":[],"product_cat":[7132,7174,7180],"product_tag":[],"class_list":{"0":"post-18259","1":"product","2":"type-product","3":"status-publish","4":"has-post-thumbnail","6":"product_cat-books","7":"product_cat-literature-en","8":"product_cat-poetry-en","9":"pa_auteur-canet-teresa-en","10":"pa_editeur-lo-chamin-de-sent-jaume-en","11":"pa_illustrateur-dumas-michel-en","12":"pa_langue-francais-en","13":"pa_langue-occitan-en","14":"pa_langue-occitan-lengadocian-en","15":"entry","17":"first","18":"instock","19":"shipping-taxable","20":"purchasable","21":"product-type-simple"},"acf":[],"_links":{"self":[{"href":"https:\/\/www.libraria-occitana.org\/en\/wp-json\/wp\/v2\/product\/18259","targetHints":{"allow":["GET"]}}],"collection":[{"href":"https:\/\/www.libraria-occitana.org\/en\/wp-json\/wp\/v2\/product"}],"about":[{"href":"https:\/\/www.libraria-occitana.org\/en\/wp-json\/wp\/v2\/types\/product"}],"wp:featuredmedia":[{"embeddable":true,"href":"https:\/\/www.libraria-occitana.org\/en\/wp-json\/wp\/v2\/media\/18260"}],"wp:attachment":[{"href":"https:\/\/www.libraria-occitana.org\/en\/wp-json\/wp\/v2\/media?parent=18259"}],"wp:term":[{"taxonomy":"product_brand","embeddable":true,"href":"https:\/\/www.libraria-occitana.org\/en\/wp-json\/wp\/v2\/product_brand?post=18259"},{"taxonomy":"product_cat","embeddable":true,"href":"https:\/\/www.libraria-occitana.org\/en\/wp-json\/wp\/v2\/product_cat?post=18259"},{"taxonomy":"product_tag","embeddable":true,"href":"https:\/\/www.libraria-occitana.org\/en\/wp-json\/wp\/v2\/product_tag?post=18259"}],"curies":[{"name":"wp","href":"https:\/\/api.w.org\/{rel}","templated":true}]}}