{"id":18265,"date":"2005-07-01T14:38:30","date_gmt":"2005-07-01T13:38:30","guid":{"rendered":"http:\/\/www.libraria-occitana.org\/all-products\/auvergnats-et-limousins-en-migrance?lang=en"},"modified":"2026-04-29T11:05:51","modified_gmt":"2026-04-29T09:05:51","slug":"auvergnats-et-limousins-en-migrance","status":"publish","type":"product","link":"https:\/\/www.libraria-occitana.org\/en\/product\/auvergnats-et-limousins-en-migrance\/","title":{"rendered":"Auvergnats et Limousins en migrance"},"content":{"rendered":"<p>Il faut bien reconna\u00eetre que nos contemporains s&#8217;int\u00e9ressent davantage \u00e0 ce qui est lointain dans le temps (la pr\u00e9histoire) ou dans l&#8217;espace (l&#8217;astronomie) qu&#8217;\u00e0 ce qui nous touche de pr\u00e8s : les migrations de nos p\u00e8res auvergnats et limousins au XX\u00e8me si\u00e8cle par exemple.<\/p>\n<p>Ils sont partis pour pratiquer des m\u00e9tiers de peine : \u00ab \u00e0 la faux \u00bb, \u00ab \u00e0 la scie \u00bb, \u00ab au sucre \u00bb. Les plus habiles sont devenus sabotiers, ma\u00e7ons, boulangers, chaudronniers, \u00e9tameurs&#8230; D&#8217;autres ont exerc\u00e9 des activit\u00e9s que l&#8217;on qualifie aujourd&#8217;hui de services : ramoneurs, chiffonniers, cochers de fiacre, chauffeurs de taxi&#8230; Les plus entreprenants sont entr\u00e9s dans le n\u00e9goce des parapluies, de la toile, des vins fins, ou ont fond\u00e9 des industries (minoteries, centrales hydrauliques&#8230;).<br \/>\nCet ouvrage est constitu\u00e9 de centaines de r\u00e9cits de vie ; de g\u00e9n\u00e9alogies ; de photos d&#8217;archives familiales ; de cartes, etc. \u00c0 l&#8217;histoire et \u00e0 la g\u00e9ographie d&#8217;un flux migratoire s&#8217;ajoute la riche substance anthropologique du v\u00e9cu des expatri\u00e9s : en Hollande, Belgique, Suisse, Espagne, ou plus simplement hors de leur Massif Central natal.<\/p>\n<p>La survie de l&#8217;\u00ab esp\u00e8ce \u00bb &#8211; auvergnate ou limousine en l&#8217;occurrence &#8211; a \u00e9t\u00e9 assur\u00e9e par l&#8217;\u00e9migration jusque dans les derni\u00e8res ann\u00e9es du XX\u00e8me si\u00e8cle. C&#8217;est \u00e0 l&#8217;approche de ce ph\u00e9nom\u00e8ne majeur que nous convie cet ouvrage, richement illustr\u00e9 par des documents tir\u00e9s d&#8217;archives priv\u00e9es, donc in\u00e9dits pour la plupart. Le crayon talentueux de Michel Cottier donne \u00e0 ce livre la touche artistique ultime.<\/p>\n","protected":false},"excerpt":{"rendered":"<p>Il faut bien reconna\u00eetre que nos contemporains s&#8217;int\u00e9ressent davantage \u00e0 ce qui est lointain dans le temps (la pr\u00e9histoire) ou dans l&#8217;espace (l&#8217;astronomie) qu&#8217;\u00e0 ce qui nous touche de pr\u00e8s : les migrations de nos p\u00e8res auvergnats et limousins au XX\u00e8me si\u00e8cle par exemple. Ils sont partis pour pratiquer des m\u00e9tiers de peine : \u00ab [&hellip;]<\/p>\n","protected":false},"featured_media":18266,"template":"","meta":{"_acf_changed":false,"_genesis_hide_title":false,"_genesis_hide_breadcrumbs":false,"_genesis_hide_singular_image":false,"_genesis_hide_footer_widgets":false,"_genesis_custom_body_class":"","_genesis_custom_post_class":"","_genesis_layout":""},"product_brand":[],"product_cat":[7132,7148,7158],"product_tag":[],"class_list":{"0":"post-18265","1":"product","2":"type-product","3":"status-publish","4":"has-post-thumbnail","6":"product_cat-books","7":"product_cat-history-geography-en","8":"product_cat-modern-and-contemporary-history-en","9":"pa_auteur-prival-marc-en","10":"pa_editeur-editions-de-la-montmarie-en","11":"pa_illustrateur-cottier-michel-en","12":"pa_langue-francais-en","13":"entry","15":"first","16":"outofstock","17":"shipping-taxable","18":"purchasable","19":"product-type-simple"},"acf":[],"_links":{"self":[{"href":"https:\/\/www.libraria-occitana.org\/en\/wp-json\/wp\/v2\/product\/18265","targetHints":{"allow":["GET"]}}],"collection":[{"href":"https:\/\/www.libraria-occitana.org\/en\/wp-json\/wp\/v2\/product"}],"about":[{"href":"https:\/\/www.libraria-occitana.org\/en\/wp-json\/wp\/v2\/types\/product"}],"wp:featuredmedia":[{"embeddable":true,"href":"https:\/\/www.libraria-occitana.org\/en\/wp-json\/wp\/v2\/media\/18266"}],"wp:attachment":[{"href":"https:\/\/www.libraria-occitana.org\/en\/wp-json\/wp\/v2\/media?parent=18265"}],"wp:term":[{"taxonomy":"product_brand","embeddable":true,"href":"https:\/\/www.libraria-occitana.org\/en\/wp-json\/wp\/v2\/product_brand?post=18265"},{"taxonomy":"product_cat","embeddable":true,"href":"https:\/\/www.libraria-occitana.org\/en\/wp-json\/wp\/v2\/product_cat?post=18265"},{"taxonomy":"product_tag","embeddable":true,"href":"https:\/\/www.libraria-occitana.org\/en\/wp-json\/wp\/v2\/product_tag?post=18265"}],"curies":[{"name":"wp","href":"https:\/\/api.w.org\/{rel}","templated":true}]}}