{"id":18269,"date":"2005-06-01T16:52:38","date_gmt":"2005-06-01T15:52:38","guid":{"rendered":"http:\/\/www.libraria-occitana.org\/all-products\/des-andes-au-limousin-pays-de-martial-et-leonarda-contes-et-recits?lang=en"},"modified":"2026-04-29T01:21:55","modified_gmt":"2026-04-28T23:21:55","slug":"des-andes-au-limousin-pays-de-martial-et-leonarda-contes-et-recits","status":"publish","type":"product","link":"https:\/\/www.libraria-occitana.org\/en\/product\/des-andes-au-limousin-pays-de-martial-et-leonarda-contes-et-recits\/","title":{"rendered":"Des Andes au Limousin, pays de Martial et Leonarda : Contes et r\u00e9cits"},"content":{"rendered":"<p>Une femme qui file, un homme qui guide l&#8217;attelage, des semailles, la jalousie et le mauvais \u0153il, la maladie et ses rem\u00e8des, une procession derri\u00e8re un saint, la r\u00e9signation ou bien le refus, le don qui attend un rendu, l&#8217;\u00e9change avec la terre, des dieux qui remplacent d&#8217;autres dieux, des puissants venus d&#8217;ailleurs, une culture bafou\u00e9e, une langue qui se perd&#8230;<\/p>\n<p>&#8230; Tout cela Marie-France Houdart l&#8217;a vu et v\u00e9cu, ici et l\u00e0-bas, o\u00f9 plut\u00f4t l\u00e0-bas et puis ici. Et si vous voulez la suivre, elle vous m\u00e8nera d&#8217;un pays \u00e0 l&#8217;autre en vous racontant des histoires.<\/p>\n<p>Vous y rencontrerez Belna la petite Celte qui se rend \u00e0 la source sacr\u00e9e pour obtenir la gu\u00e9rison de sa Grande qui revivra dans un bout de bois sculpt\u00e9, Petit Waroc, qui re\u00e7oit de son p\u00e8re un \u00e9pi de ma\u00efs du champ de l&#8217;Inka, Juanito qui sera puni par le vieux de la Montagne parce qu&#8217;il a ramass\u00e9 plus d&#8217;herbe de vie que sa mante ne pouvait en contenir, et la Jeanne qui, parce qu&#8217;elle poss\u00e8de la force d&#8217;enlever le mal, sera pouss\u00e9e au bord du gouffre et deviendra Dame Blanche. Vous entendrez les saints du Limousin se chamailler du haut des arbres en observant les humains, et vous \u00e9couterez aussi Epiphania vous raconter ses peines et sa vie de tous les jours dans son village des Andes.<\/p>\n<p>Et tout au long des pages, vous croiserez les Martial et Leonarda d&#8217;ici et de l\u00e0-bas, qui vous diront leurs angoisses et leurs mis\u00e8res de paysans, jusqu&#8217;au jour o\u00f9 deux de leurs descendants, Martial de l\u00e0-bas et Leonarda d&#8217;ici, se rencontreront, initi\u00e9s et lib\u00e9r\u00e9s par ce voyage au pays des contes, pour cr\u00e9er leur commun avenir.<\/p>\n","protected":false},"excerpt":{"rendered":"<p>Une femme qui file, un homme qui guide l&#8217;attelage, des semailles, la jalousie et le mauvais \u0153il, la maladie et ses rem\u00e8des, une procession derri\u00e8re un saint, la r\u00e9signation ou bien le refus, le don qui attend un rendu, l&#8217;\u00e9change avec la terre, des dieux qui remplacent d&#8217;autres dieux, des puissants venus d&#8217;ailleurs, une culture [&hellip;]<\/p>\n","protected":false},"featured_media":36543,"template":"","meta":{"_acf_changed":false,"_genesis_hide_title":false,"_genesis_hide_breadcrumbs":false,"_genesis_hide_singular_image":false,"_genesis_hide_footer_widgets":false,"_genesis_custom_body_class":"","_genesis_custom_post_class":"","_genesis_layout":""},"product_brand":[],"product_cat":[7132,7174,7176],"product_tag":[],"class_list":{"0":"post-18269","1":"product","2":"type-product","3":"status-publish","4":"has-post-thumbnail","6":"product_cat-books","7":"product_cat-literature-en","8":"product_cat-tales-fables-en","9":"pa_auteur-houdart-marie-france-en","10":"pa_editeur-maiade-en","11":"pa_langue-francais-en","12":"entry","14":"first","15":"instock","16":"shipping-taxable","17":"purchasable","18":"product-type-simple"},"acf":[],"_links":{"self":[{"href":"https:\/\/www.libraria-occitana.org\/en\/wp-json\/wp\/v2\/product\/18269","targetHints":{"allow":["GET"]}}],"collection":[{"href":"https:\/\/www.libraria-occitana.org\/en\/wp-json\/wp\/v2\/product"}],"about":[{"href":"https:\/\/www.libraria-occitana.org\/en\/wp-json\/wp\/v2\/types\/product"}],"wp:featuredmedia":[{"embeddable":true,"href":"https:\/\/www.libraria-occitana.org\/en\/wp-json\/wp\/v2\/media\/36543"}],"wp:attachment":[{"href":"https:\/\/www.libraria-occitana.org\/en\/wp-json\/wp\/v2\/media?parent=18269"}],"wp:term":[{"taxonomy":"product_brand","embeddable":true,"href":"https:\/\/www.libraria-occitana.org\/en\/wp-json\/wp\/v2\/product_brand?post=18269"},{"taxonomy":"product_cat","embeddable":true,"href":"https:\/\/www.libraria-occitana.org\/en\/wp-json\/wp\/v2\/product_cat?post=18269"},{"taxonomy":"product_tag","embeddable":true,"href":"https:\/\/www.libraria-occitana.org\/en\/wp-json\/wp\/v2\/product_tag?post=18269"}],"curies":[{"name":"wp","href":"https:\/\/api.w.org\/{rel}","templated":true}]}}