{"id":18271,"date":"2005-06-01T17:15:36","date_gmt":"2005-06-01T15:15:36","guid":{"rendered":"http:\/\/www.libraria-occitana.org\/all-products\/des-trois-passages-en-limousin-naissance-epousailles-funerailles?lang=en"},"modified":"2026-04-29T10:59:22","modified_gmt":"2026-04-29T08:59:22","slug":"des-trois-passages-en-limousin-naissance-epousailles-funerailles","status":"publish","type":"product","link":"https:\/\/www.libraria-occitana.org\/en\/product\/des-trois-passages-en-limousin-naissance-epousailles-funerailles\/","title":{"rendered":"Des trois passages en Limousin : naissance &#8211; \u00e9pousailles &#8211; fun\u00e9railles"},"content":{"rendered":"<p>Trois textes de Marcelle Delpastre \u00e9crits entre 1964 et 1969, dont le ton en est commun, et qui forment \u00e0 l\u2019\u00e9vidence un beau triptyque.<\/p>\n<p>Les deux premiers avaient d\u00e9j\u00e0 \u00e9t\u00e9 publi\u00e9s dans la revue de la Soci\u00e9t\u00e9 ethnographique du Limousin et de la Marche (SELM), \u00c9tudes r\u00e9gionales puis \u00c9tudes limousines (Naissance en Limousin : n\u00b0 15 de mars 1966, n\u00b0 16 de mai 1966, n\u00b0 18-19 d\u2019ao\u00fbt-octobre 1966 ; \u00c9pousailles en Limousin : n\u00b0 38-39 de juillet-d\u00e9cembre 1970, n\u00b0 40-41 de janvier-juin 1971, n\u00b0 42-43 de juillet-d\u00e9cembre 1971 ), le troisi\u00e8me \u00ab Fun\u00e9railles en Limousin \u00bb \u00e9tait in\u00e9dit.<\/p>\n<p>Il s\u2019agit ici moins d\u2019une analyse (bien qu\u2019elle ne soit pas absente, mais on sait jusqu\u2019o\u00f9 peut la mener Delpastre) que de la relation, minutieuse comme \u00e0 son habitude, des rituels accompagnant ces trois moments essentiels de la vie humaine, o\u00f9 les mots et les gestes ont si grande importance. Et c\u2019est avec le souci, bien av\u00e9r\u00e9 depuis, de fixer la m\u00e9moire d\u2019un monde en train de dispara\u00eetre et qui, 40 ans plus tard, nous semble d\u00e9j\u00e0 loin. Un monde qui entretenait un tout autre rapport \u00e0 la vie et \u00e0 la mort. Un monde que chacun, d\u00e9sormais aura loisir de t\u00e2cher \u00e0 comprendre et pourquoi pas, tout ou partie, de regretter.<\/p>\n<p><strong>Colleccion \u00ab De temps pacan \u00bb :<\/strong><br \/>\nLe sous-titre de la collection dit : \u00ab ethno-mythologie populaire \u00bb ce qui en fixe les limites dans un grand angle de vue, toute la culture traditionnelle \u00e9tant finalement concern\u00e9e.<\/p>\n","protected":false},"excerpt":{"rendered":"<p>Trois textes de Marcelle Delpastre \u00e9crits entre 1964 et 1969, dont le ton en est commun, et qui forment \u00e0 l\u2019\u00e9vidence un beau triptyque. Les deux premiers avaient d\u00e9j\u00e0 \u00e9t\u00e9 publi\u00e9s dans la revue de la Soci\u00e9t\u00e9 ethnographique du Limousin et de la Marche (SELM), \u00c9tudes r\u00e9gionales puis \u00c9tudes limousines (Naissance en Limousin : n\u00b0 [&hellip;]<\/p>\n","protected":false},"featured_media":18272,"template":"","meta":{"_acf_changed":false,"_genesis_hide_title":false,"_genesis_hide_breadcrumbs":false,"_genesis_hide_singular_image":false,"_genesis_hide_footer_widgets":false,"_genesis_custom_body_class":"","_genesis_custom_post_class":"","_genesis_layout":""},"product_brand":[],"product_cat":[7132,7208,7206],"product_tag":[],"class_list":{"0":"post-18271","1":"product","2":"type-product","3":"status-publish","4":"has-post-thumbnail","6":"product_cat-books","7":"product_cat-customs-rites-and-beliefs-en","8":"product_cat-traditions-heritage-en","9":"pa_auteur-delpastre-marcela-en","10":"pa_editeur-lo-chamin-de-sent-jaume-en","11":"pa_langue-francais-en","12":"entry","14":"first","15":"instock","16":"shipping-taxable","17":"purchasable","18":"product-type-simple"},"acf":[],"_links":{"self":[{"href":"https:\/\/www.libraria-occitana.org\/en\/wp-json\/wp\/v2\/product\/18271","targetHints":{"allow":["GET"]}}],"collection":[{"href":"https:\/\/www.libraria-occitana.org\/en\/wp-json\/wp\/v2\/product"}],"about":[{"href":"https:\/\/www.libraria-occitana.org\/en\/wp-json\/wp\/v2\/types\/product"}],"wp:featuredmedia":[{"embeddable":true,"href":"https:\/\/www.libraria-occitana.org\/en\/wp-json\/wp\/v2\/media\/18272"}],"wp:attachment":[{"href":"https:\/\/www.libraria-occitana.org\/en\/wp-json\/wp\/v2\/media?parent=18271"}],"wp:term":[{"taxonomy":"product_brand","embeddable":true,"href":"https:\/\/www.libraria-occitana.org\/en\/wp-json\/wp\/v2\/product_brand?post=18271"},{"taxonomy":"product_cat","embeddable":true,"href":"https:\/\/www.libraria-occitana.org\/en\/wp-json\/wp\/v2\/product_cat?post=18271"},{"taxonomy":"product_tag","embeddable":true,"href":"https:\/\/www.libraria-occitana.org\/en\/wp-json\/wp\/v2\/product_tag?post=18271"}],"curies":[{"name":"wp","href":"https:\/\/api.w.org\/{rel}","templated":true}]}}