{"id":18275,"date":"2005-05-01T13:35:30","date_gmt":"2005-05-01T12:35:30","guid":{"rendered":"http:\/\/www.libraria-occitana.org\/all-products\/mon-dictionnaire-ou-mais-quest-ce-que-je-fous-dans-ce-merdier?lang=en"},"modified":"2026-04-13T02:11:17","modified_gmt":"2026-04-13T00:11:17","slug":"mon-dictionnaire-ou-mais-quest-ce-que-je-fous-dans-ce-merdier","status":"publish","type":"product","link":"https:\/\/www.libraria-occitana.org\/en\/product\/mon-dictionnaire-ou-mais-quest-ce-que-je-fous-dans-ce-merdier\/","title":{"rendered":"Mon dictionnaire ou Mais qu&#8217;est-ce que je fous dans ce merdier ?"},"content":{"rendered":"<p>L&#8217;id\u00e9e d&#8217;un tel ouvrage, je la cultivais de longtemps. D&#8217;id\u00e9e, on n&#8217;en trouvera d&#8217;ailleurs pas d&#8217;autre (je fais gr\u00e2ce des miennes \u00e0 ce temps si savant), mais on y trouvera de la col\u00e8re, \u00e7a oui. Ce que j&#8217;ai sur le c\u0153ur. Et Dieu sait si j&#8217;en ai sur le c\u0153ur, si ce monde \u00e0 la con dans lequel on m&#8217;a jet\u00e9 comme on te fout dehors il y a 53 ans m&#8217;est insupportable. J&#8217;en suis m\u00eame, oui j&#8217;ai cet orgueil l\u00e0 ! \u00e0 me supposer des col\u00e8res plus fortes que les v\u00f4tres, fussiez-vous au plus haut de l&#8217;exasp\u00e9ration.<\/p>\n<p>Je ne d\u00e9col\u00e8re plus.<br \/>\nIl me semble que je ne tiens plus au monde que par la col\u00e8re.<br \/>\nEh bien mais, quelle id\u00e9e ! c&#8217;est \u00e0 cette col\u00e8re-l\u00e0 que je vous convie. Ne craignez rien pourtant, je lui ai donn\u00e9 le ton qu&#8217;il sied, vous savez bien, celui qui v\u00eat le d\u00e9sespoir de politesse, qui vous la rendra lisible \u00e0 d\u00e9faut de vous la rendre aimable.<\/p>\n","protected":false},"excerpt":{"rendered":"<p>L&#8217;id\u00e9e d&#8217;un tel ouvrage, je la cultivais de longtemps. D&#8217;id\u00e9e, on n&#8217;en trouvera d&#8217;ailleurs pas d&#8217;autre (je fais gr\u00e2ce des miennes \u00e0 ce temps si savant), mais on y trouvera de la col\u00e8re, \u00e7a oui. Ce que j&#8217;ai sur le c\u0153ur. Et Dieu sait si j&#8217;en ai sur le c\u0153ur, si ce monde \u00e0 la [&hellip;]<\/p>\n","protected":false},"featured_media":18276,"template":"","meta":{"_acf_changed":false,"_genesis_hide_title":false,"_genesis_hide_breadcrumbs":false,"_genesis_hide_singular_image":false,"_genesis_hide_footer_widgets":false,"_genesis_custom_body_class":"","_genesis_custom_post_class":"","_genesis_layout":""},"product_brand":[],"product_cat":[7132,7172,7164],"product_tag":[],"class_list":{"0":"post-18275","1":"product","2":"type-product","3":"status-publish","4":"has-post-thumbnail","6":"product_cat-books","7":"product_cat-humor-en","8":"product_cat-juvenile-and-teen-comics-humour-en","9":"pa_auteur-melhau-jan-dau-fr-en","10":"pa_editeur-jan-dau-melhau-en","11":"pa_langue-francais-en","12":"entry","14":"first","15":"instock","16":"shipping-taxable","17":"purchasable","18":"product-type-simple"},"acf":[],"_links":{"self":[{"href":"https:\/\/www.libraria-occitana.org\/en\/wp-json\/wp\/v2\/product\/18275","targetHints":{"allow":["GET"]}}],"collection":[{"href":"https:\/\/www.libraria-occitana.org\/en\/wp-json\/wp\/v2\/product"}],"about":[{"href":"https:\/\/www.libraria-occitana.org\/en\/wp-json\/wp\/v2\/types\/product"}],"wp:featuredmedia":[{"embeddable":true,"href":"https:\/\/www.libraria-occitana.org\/en\/wp-json\/wp\/v2\/media\/18276"}],"wp:attachment":[{"href":"https:\/\/www.libraria-occitana.org\/en\/wp-json\/wp\/v2\/media?parent=18275"}],"wp:term":[{"taxonomy":"product_brand","embeddable":true,"href":"https:\/\/www.libraria-occitana.org\/en\/wp-json\/wp\/v2\/product_brand?post=18275"},{"taxonomy":"product_cat","embeddable":true,"href":"https:\/\/www.libraria-occitana.org\/en\/wp-json\/wp\/v2\/product_cat?post=18275"},{"taxonomy":"product_tag","embeddable":true,"href":"https:\/\/www.libraria-occitana.org\/en\/wp-json\/wp\/v2\/product_tag?post=18275"}],"curies":[{"name":"wp","href":"https:\/\/api.w.org\/{rel}","templated":true}]}}