{"id":18280,"date":"2006-10-01T11:21:56","date_gmt":"2006-10-01T10:21:56","guid":{"rendered":"http:\/\/www.libraria-occitana.org\/all-products\/tres-contes-per-nadau-trois-contes-pour-noel-libre-cd?lang=en"},"modified":"2026-04-29T01:26:17","modified_gmt":"2026-04-28T23:26:17","slug":"tres-contes-per-nadau-trois-contes-pour-noel-libre-cd","status":"publish","type":"product","link":"https:\/\/www.libraria-occitana.org\/en\/product\/tres-contes-per-nadau-trois-contes-pour-noel-libre-cd\/","title":{"rendered":"Tres contes per Nadau &#8211; Trois contes pour No\u00ebl (libre + CD)"},"content":{"rendered":"<p>Trois contes de Roland Berland parus dans\u00a0<em>La Clau lemosina<\/em>\u00a0il y a quelques ann\u00e9es :<\/p>\n<ul>\n<li>\u00ab\u00a0La pomme de No\u00ebl\u00a0\u00bb : Une petite fille qui attend avec sa pomme rouge la venue du P\u00e8re No\u00ebl\u2026<\/li>\n<li>\u00ab\u00a0Poussi\u00e8re d\u2019\u00e9toiles\u00a0\u00bb : Deux enfants perdus dans la neige et le froid le soir de No\u00ebl\u2026<\/li>\n<li>\u00ab\u00a0Le petit roi de rien du tout\u00a0\u00bb : Une all\u00e9gorie du monde actuel dans toute son \u00e9tranget\u00e9 et sa cruaut\u00e9.<\/li>\n<\/ul>\n<p>Trois nouvelles, pour une promenade po\u00e9tique en Limousin. De ses dessins et aquarelles, Estela Parot-Urroz a illustr\u00e9 ce petit monde. Jean-Claude Bray a laiss\u00e9 courir sa plume pour les traductions en fran\u00e7ais.<\/p>\n<p>CD des contes lus par l\u2019auteur en occitan.<\/p>\n","protected":false},"excerpt":{"rendered":"<p>Trois contes de Roland Berland parus dans\u00a0La Clau lemosina\u00a0il y a quelques ann\u00e9es : \u00ab\u00a0La pomme de No\u00ebl\u00a0\u00bb : Une petite fille qui attend avec sa pomme rouge la venue du P\u00e8re No\u00ebl\u2026 \u00ab\u00a0Poussi\u00e8re d\u2019\u00e9toiles\u00a0\u00bb : Deux enfants perdus dans la neige et le froid le soir de No\u00ebl\u2026 \u00ab\u00a0Le petit roi de rien du [&hellip;]<\/p>\n","protected":false},"featured_media":36522,"template":"","meta":{"_acf_changed":false,"_genesis_hide_title":false,"_genesis_hide_breadcrumbs":false,"_genesis_hide_singular_image":false,"_genesis_hide_footer_widgets":false,"_genesis_custom_body_class":"","_genesis_custom_post_class":"","_genesis_layout":""},"product_brand":[],"product_cat":[7132,7174,7176],"product_tag":[],"class_list":{"0":"post-18280","1":"product","2":"type-product","3":"status-publish","4":"has-post-thumbnail","6":"product_cat-books","7":"product_cat-literature-en","8":"product_cat-tales-fables-en","9":"pa_auteur-berland-rolland-en","10":"pa_editeur-ieo-lemosin-en-2","11":"pa_illustrateur-parot-urroz-estela-en","12":"pa_langue-occitan-lemosin-en","13":"pa_langue-occitan-francais-en","14":"entry","16":"first","17":"instock","18":"shipping-taxable","19":"purchasable","20":"product-type-simple"},"acf":[],"_links":{"self":[{"href":"https:\/\/www.libraria-occitana.org\/en\/wp-json\/wp\/v2\/product\/18280","targetHints":{"allow":["GET"]}}],"collection":[{"href":"https:\/\/www.libraria-occitana.org\/en\/wp-json\/wp\/v2\/product"}],"about":[{"href":"https:\/\/www.libraria-occitana.org\/en\/wp-json\/wp\/v2\/types\/product"}],"wp:featuredmedia":[{"embeddable":true,"href":"https:\/\/www.libraria-occitana.org\/en\/wp-json\/wp\/v2\/media\/36522"}],"wp:attachment":[{"href":"https:\/\/www.libraria-occitana.org\/en\/wp-json\/wp\/v2\/media?parent=18280"}],"wp:term":[{"taxonomy":"product_brand","embeddable":true,"href":"https:\/\/www.libraria-occitana.org\/en\/wp-json\/wp\/v2\/product_brand?post=18280"},{"taxonomy":"product_cat","embeddable":true,"href":"https:\/\/www.libraria-occitana.org\/en\/wp-json\/wp\/v2\/product_cat?post=18280"},{"taxonomy":"product_tag","embeddable":true,"href":"https:\/\/www.libraria-occitana.org\/en\/wp-json\/wp\/v2\/product_tag?post=18280"}],"curies":[{"name":"wp","href":"https:\/\/api.w.org\/{rel}","templated":true}]}}