{"id":18288,"date":"2006-06-01T19:12:24","date_gmt":"2006-06-01T17:12:24","guid":{"rendered":"http:\/\/www.libraria-occitana.org\/all-products\/dictionnaire-francais-limousin-lemouzi-n178-ter?lang=en"},"modified":"2026-04-13T01:41:57","modified_gmt":"2026-04-12T23:41:57","slug":"dictionnaire-francais-limousin-lemouzi-n178-ter","status":"publish","type":"product","link":"https:\/\/www.libraria-occitana.org\/en\/product\/dictionnaire-francais-limousin-lemouzi-n178-ter\/","title":{"rendered":"Dictionnaire fran\u00e7ais-limousin \/ Lemouzi N\u00b0178 ter"},"content":{"rendered":"<p><strong>Une somme in\u00e9dite et \u00e9rudite<\/strong><\/p>\n<p>Outil p\u00e9dagogique par excellence, l&#8217;ouvrage, tr\u00e8s dense et approfondi, offre cependant un acc\u00e8s facile au vocabulaire limousin courant : il en signale la plupart des nuances, souligne les termes plus particuli\u00e8rement utilis\u00e9s dans les diff\u00e9rents terroirs, indique de nombreuses locutions usuelles, des citations d&#8217;auteurs, des \u00e9claircissements grammaticaux divers&#8230; De plus, de nombreuses notes \u00e9rudites, historiques, litt\u00e9raires ou ethnographiques augmentent encore l&#8217;attention en faveur d&#8217;une entreprise \u00e0 la gloire du Limousin, utile et pr\u00e9cieuse pour tous ceux qui lui sont attach\u00e9s, qui l&#8217;aiment et le respectent.<\/p>\n","protected":false},"excerpt":{"rendered":"<p>Une somme in\u00e9dite et \u00e9rudite Outil p\u00e9dagogique par excellence, l&#8217;ouvrage, tr\u00e8s dense et approfondi, offre cependant un acc\u00e8s facile au vocabulaire limousin courant : il en signale la plupart des nuances, souligne les termes plus particuli\u00e8rement utilis\u00e9s dans les diff\u00e9rents terroirs, indique de nombreuses locutions usuelles, des citations d&#8217;auteurs, des \u00e9claircissements grammaticaux divers&#8230; De plus, [&hellip;]<\/p>\n","protected":false},"featured_media":18289,"template":"","meta":{"_acf_changed":false,"_genesis_hide_title":false,"_genesis_hide_breadcrumbs":false,"_genesis_hide_singular_image":false,"_genesis_hide_footer_widgets":false,"_genesis_custom_body_class":"","_genesis_custom_post_class":"","_genesis_layout":""},"product_brand":[],"product_cat":[7132,7138,7136],"product_tag":[],"class_list":{"0":"post-18288","1":"product","2":"type-product","3":"status-publish","4":"has-post-thumbnail","6":"product_cat-books","7":"product_cat-dictionaries-grammars-en","8":"product_cat-dictionaries-language-educational-en","9":"pa_auteur-tintou-michel-en","10":"pa_editeur-lemouzi-en","11":"pa_langue-occitan-lemosin-en","12":"pa_langue-occitan-francais-en","13":"entry","15":"first","16":"instock","17":"shipping-taxable","18":"purchasable","19":"product-type-simple"},"acf":[],"_links":{"self":[{"href":"https:\/\/www.libraria-occitana.org\/en\/wp-json\/wp\/v2\/product\/18288","targetHints":{"allow":["GET"]}}],"collection":[{"href":"https:\/\/www.libraria-occitana.org\/en\/wp-json\/wp\/v2\/product"}],"about":[{"href":"https:\/\/www.libraria-occitana.org\/en\/wp-json\/wp\/v2\/types\/product"}],"wp:featuredmedia":[{"embeddable":true,"href":"https:\/\/www.libraria-occitana.org\/en\/wp-json\/wp\/v2\/media\/18289"}],"wp:attachment":[{"href":"https:\/\/www.libraria-occitana.org\/en\/wp-json\/wp\/v2\/media?parent=18288"}],"wp:term":[{"taxonomy":"product_brand","embeddable":true,"href":"https:\/\/www.libraria-occitana.org\/en\/wp-json\/wp\/v2\/product_brand?post=18288"},{"taxonomy":"product_cat","embeddable":true,"href":"https:\/\/www.libraria-occitana.org\/en\/wp-json\/wp\/v2\/product_cat?post=18288"},{"taxonomy":"product_tag","embeddable":true,"href":"https:\/\/www.libraria-occitana.org\/en\/wp-json\/wp\/v2\/product_tag?post=18288"}],"curies":[{"name":"wp","href":"https:\/\/api.w.org\/{rel}","templated":true}]}}