{"id":18294,"date":"2006-06-01T10:52:17","date_gmt":"2006-06-01T08:52:17","guid":{"rendered":"http:\/\/www.libraria-occitana.org\/all-products\/nouvelles-paysannes-souvenirs-denfance-de-saint-leonard-de-noblat-a-montparnasse?lang=en"},"modified":"2026-04-26T06:46:25","modified_gmt":"2026-04-26T04:46:25","slug":"nouvelles-paysannes-souvenirs-denfance-de-saint-leonard-de-noblat-a-montparnasse","status":"publish","type":"product","link":"https:\/\/www.libraria-occitana.org\/en\/product\/nouvelles-paysannes-souvenirs-denfance-de-saint-leonard-de-noblat-a-montparnasse\/","title":{"rendered":"Nouvelles paysannes &#038; souvenirs d&#8217;enfance : De Saint-L\u00e9onard-de-Noblat \u00e0 Montparnasse"},"content":{"rendered":"<p>Dans les ann\u00e9es trente, paraissent aux <em>\u0152uvres Libres<\/em> deux fortes nouvelles paysannes : <em>Didi<\/em> et <em>Village<\/em>. Elles sont sign\u00e9es Existence, rien de plus\u2026 &#8220;\u00c9nigmatique Existence&#8221;, dira Michel Ragon, que ravissent la fra\u00eecheur et l&#8217;humour de cette berg\u00e8re limousine autodidacte. On savait qu&#8217;elle \u00e9tait &#8220;mont\u00e9e&#8221; \u00e0 Paris o\u00f9 elle devint mod\u00e8le pour les peintres et peintre elle-m\u00eame\u2026<\/p>\n<p>En d\u00e9couvrant qu&#8217;Existence avait nom Germaine Coupet, en situant les lieux de son enfance, en regardant \u00e0 travers photographies et peintures son beau visage se redessiner apr\u00e8s tout ce temps, il semble que son \u0153uvre se soit soudain coloris\u00e9e. Et aujourd&#8217;hui viennent s&#8217;ajouter \u00e0 ses deux nouvelles les in\u00e9dits et pr\u00e9cieux <em>Souvenirs d&#8217;enfance<\/em> de C\u00e9line, sa s\u0153ur cadette. D&#8217;un r\u00e9cit l&#8217;autre, leurs voix se r\u00e9pondent, se compl\u00e8tent, se transforment en un troublant duetto de voix d&#8217;en bas, un rare t\u00e9moignage ethnologique sur un Limousin disparu (et, pour C\u00e9line, sur Montparnasse avant 1914). Domestiques d\u00e8s leur plus jeune \u00e2ge, autour de 1900, les deux s\u0153urs auront suivi un cheminement aussi impr\u00e9visible que singulier, depuis la terre natale jusqu&#8217;aux ateliers artistiques parisiens et parall\u00e8lement aux mutations diverses, plus ou moins rapides selon les milieux, de la soci\u00e9t\u00e9 fran\u00e7aise des d\u00e9buts du XX\u00e8me si\u00e8cle.<\/p>\n<p>Cet ouvrage est illustr\u00e9 de quelques peintures et dessins d&#8217;Existence.<\/p>\n<p>Introduction de Martine &amp; Bertrand Willot, Association La Vie d&#8217;Artiste.<br \/>\nPostfaces de Martine Tandeau de Marsac et Yves Beneyton.<\/p>\n","protected":false},"excerpt":{"rendered":"<p>Dans les ann\u00e9es trente, paraissent aux \u0152uvres Libres deux fortes nouvelles paysannes : Didi et Village. Elles sont sign\u00e9es Existence, rien de plus\u2026 &#8220;\u00c9nigmatique Existence&#8221;, dira Michel Ragon, que ravissent la fra\u00eecheur et l&#8217;humour de cette berg\u00e8re limousine autodidacte. On savait qu&#8217;elle \u00e9tait &#8220;mont\u00e9e&#8221; \u00e0 Paris o\u00f9 elle devint mod\u00e8le pour les peintres et peintre [&hellip;]<\/p>\n","protected":false},"featured_media":44584,"template":"","meta":{"_acf_changed":false,"_genesis_hide_title":false,"_genesis_hide_breadcrumbs":false,"_genesis_hide_singular_image":false,"_genesis_hide_footer_widgets":false,"_genesis_custom_body_class":"","_genesis_custom_post_class":"","_genesis_layout":""},"product_brand":[],"product_cat":[7132,7174,7182],"product_tag":[],"class_list":{"0":"post-18294","1":"product","2":"type-product","3":"status-publish","4":"has-post-thumbnail","6":"product_cat-books","7":"product_cat-literature-en","8":"product_cat-novels-short-stories-en","9":"pa_auteur-copet-germana-existence-en","10":"pa_auteur-coupet-celine-en","11":"pa_editeur-plein-chant-en","12":"pa_langue-francais-en","13":"entry","15":"first","16":"instock","17":"shipping-taxable","18":"purchasable","19":"product-type-simple"},"acf":[],"_links":{"self":[{"href":"https:\/\/www.libraria-occitana.org\/en\/wp-json\/wp\/v2\/product\/18294","targetHints":{"allow":["GET"]}}],"collection":[{"href":"https:\/\/www.libraria-occitana.org\/en\/wp-json\/wp\/v2\/product"}],"about":[{"href":"https:\/\/www.libraria-occitana.org\/en\/wp-json\/wp\/v2\/types\/product"}],"wp:featuredmedia":[{"embeddable":true,"href":"https:\/\/www.libraria-occitana.org\/en\/wp-json\/wp\/v2\/media\/44584"}],"wp:attachment":[{"href":"https:\/\/www.libraria-occitana.org\/en\/wp-json\/wp\/v2\/media?parent=18294"}],"wp:term":[{"taxonomy":"product_brand","embeddable":true,"href":"https:\/\/www.libraria-occitana.org\/en\/wp-json\/wp\/v2\/product_brand?post=18294"},{"taxonomy":"product_cat","embeddable":true,"href":"https:\/\/www.libraria-occitana.org\/en\/wp-json\/wp\/v2\/product_cat?post=18294"},{"taxonomy":"product_tag","embeddable":true,"href":"https:\/\/www.libraria-occitana.org\/en\/wp-json\/wp\/v2\/product_tag?post=18294"}],"curies":[{"name":"wp","href":"https:\/\/api.w.org\/{rel}","templated":true}]}}