{"id":18298,"date":"2006-04-01T16:49:52","date_gmt":"2006-04-01T15:49:52","guid":{"rendered":"http:\/\/www.libraria-occitana.org\/all-products\/en-frances-dins-la-revirada-libre-de-legir-per-los-mainatges-mai-los-nabacuols?lang=en"},"modified":"2026-04-12T23:06:32","modified_gmt":"2026-04-12T21:06:32","slug":"en-frances-dins-la-revirada-libre-de-legir-per-los-mainatges-mai-los-nabacuols","status":"publish","type":"product","link":"https:\/\/www.libraria-occitana.org\/en\/product\/en-frances-dins-la-revirada-libre-de-legir-per-los-mainatges-mai-los-nabacuols\/","title":{"rendered":"En franc\u00e9s dins la revirada : Libre de legir per los mainatges mai los nabacuols"},"content":{"rendered":"<p>En occitan (dans le rabat de la couverture, un livret de 8 pages le r\u00e9sume en fran\u00e7ais).<\/p>\n<p>En 1985, Melhau (pour les textes) et Simeonin (pour les images) firent para\u00eetre aux \u00e9ditions du Leberaubre un livre de lecture \u2014 \u00e0 dire vrai une plaisanterie, une parodie de livre de lecture \u2013 \u00e9crit de bonne main, photocopi\u00e9 \u00e0 cinq exemplaires, cousu et reli\u00e9 \u00e0 la perfection. Il se louait \u00e0 la semaine. Il n\u2019y trouva que les lecteurs pouvant lui assurer une telle proc\u00e9dure. Cette nouvelle (premi\u00e8re ?) \u00e9dition de trois cents exemplaires lui en fera-t-elle trouver plus ? Dis-nous oui, toi qui ach\u00e8ves de lire la quatri\u00e8me de couverture\u2026<\/p>\n","protected":false},"excerpt":{"rendered":"<p>En occitan (dans le rabat de la couverture, un livret de 8 pages le r\u00e9sume en fran\u00e7ais). En 1985, Melhau (pour les textes) et Simeonin (pour les images) firent para\u00eetre aux \u00e9ditions du Leberaubre un livre de lecture \u2014 \u00e0 dire vrai une plaisanterie, une parodie de livre de lecture \u2013 \u00e9crit de bonne main, [&hellip;]<\/p>\n","protected":false},"featured_media":18299,"template":"","meta":{"_acf_changed":false,"_genesis_hide_title":false,"_genesis_hide_breadcrumbs":false,"_genesis_hide_singular_image":false,"_genesis_hide_footer_widgets":false,"_genesis_custom_body_class":"","_genesis_custom_post_class":"","_genesis_layout":""},"product_brand":[],"product_cat":[7132,7172,7164],"product_tag":[],"class_list":{"0":"post-18298","1":"product","2":"type-product","3":"status-publish","4":"has-post-thumbnail","6":"product_cat-books","7":"product_cat-humor-en","8":"product_cat-juvenile-and-teen-comics-humour-en","9":"pa_auteur-melhau-jan-dau-fr-en","10":"pa_editeur-lo-chamin-de-sent-jaume-en","11":"pa_illustrateur-simeonin-jan-marc-en","12":"pa_langue-occitan-en","13":"pa_langue-occitan-lemosin-en","14":"entry","16":"first","17":"instock","18":"shipping-taxable","19":"purchasable","20":"product-type-simple"},"acf":[],"_links":{"self":[{"href":"https:\/\/www.libraria-occitana.org\/en\/wp-json\/wp\/v2\/product\/18298","targetHints":{"allow":["GET"]}}],"collection":[{"href":"https:\/\/www.libraria-occitana.org\/en\/wp-json\/wp\/v2\/product"}],"about":[{"href":"https:\/\/www.libraria-occitana.org\/en\/wp-json\/wp\/v2\/types\/product"}],"wp:featuredmedia":[{"embeddable":true,"href":"https:\/\/www.libraria-occitana.org\/en\/wp-json\/wp\/v2\/media\/18299"}],"wp:attachment":[{"href":"https:\/\/www.libraria-occitana.org\/en\/wp-json\/wp\/v2\/media?parent=18298"}],"wp:term":[{"taxonomy":"product_brand","embeddable":true,"href":"https:\/\/www.libraria-occitana.org\/en\/wp-json\/wp\/v2\/product_brand?post=18298"},{"taxonomy":"product_cat","embeddable":true,"href":"https:\/\/www.libraria-occitana.org\/en\/wp-json\/wp\/v2\/product_cat?post=18298"},{"taxonomy":"product_tag","embeddable":true,"href":"https:\/\/www.libraria-occitana.org\/en\/wp-json\/wp\/v2\/product_tag?post=18298"}],"curies":[{"name":"wp","href":"https:\/\/api.w.org\/{rel}","templated":true}]}}