{"id":18300,"date":"2006-04-01T16:48:52","date_gmt":"2006-04-01T15:48:52","guid":{"rendered":"http:\/\/www.libraria-occitana.org\/all-products\/las-islas-jos-lo-sang?lang=en"},"modified":"2026-04-03T05:01:08","modified_gmt":"2026-04-03T03:01:08","slug":"las-islas-jos-lo-sang","status":"publish","type":"product","link":"https:\/\/www.libraria-occitana.org\/en\/product\/las-islas-jos-lo-sang\/","title":{"rendered":"Las islas jos lo sang"},"content":{"rendered":"<p>Los personatges de <em>Dau vent dins las plumas<\/em>, Joan-Franc\u00e9s Barnabeu Segur de Malacomba, la tendra Nani, lo fier Angelo e lors companhs, laissan enfin las ribas de Garona per ganhar l&#8217;Anglaterra ente los espera Sir Cromwell. Viatge plan riscat ente un pirata se cacha darrier chasca ersa. Mai dangeirosas enquera son las vanelas e las pla\u00e7as de London. Segur s&#8217;i p\u00f2den rencontrar de las figuras simpaticas e plan conegudas, mas lo mai sovent un s&#8217;i c\u00f2pa de las testas, un s&#8217;i cotela, s&#8217;i pingalha. Se raletan la m\u00f2rt e la tra\u00efson. Mas l&#8217;orror suprema ser\u00e1 tucada quante van segre las armadas anglesas dau costat de Dublin. Anglaterra, Irlanda, vos setz ben las islas jos lo sang.<\/p>\n","protected":false},"excerpt":{"rendered":"<p>Los personatges de Dau vent dins las plumas, Joan-Franc\u00e9s Barnabeu Segur de Malacomba, la tendra Nani, lo fier Angelo e lors companhs, laissan enfin las ribas de Garona per ganhar l&#8217;Anglaterra ente los espera Sir Cromwell. Viatge plan riscat ente un pirata se cacha darrier chasca ersa. Mai dangeirosas enquera son las vanelas e las [&hellip;]<\/p>\n","protected":false},"featured_media":18301,"template":"","meta":{"_acf_changed":false,"_genesis_hide_title":false,"_genesis_hide_breadcrumbs":false,"_genesis_hide_singular_image":false,"_genesis_hide_footer_widgets":false,"_genesis_custom_body_class":"","_genesis_custom_post_class":"","_genesis_layout":""},"product_brand":[],"product_cat":[7132,7174,7182],"product_tag":[],"class_list":{"0":"post-18300","1":"product","2":"type-product","3":"status-publish","4":"has-post-thumbnail","6":"product_cat-books","7":"product_cat-literature-en","8":"product_cat-novels-short-stories-en","9":"pa_auteur-ganhaire-joan-en","10":"pa_editeur-ieo-fr-en","11":"pa_langue-occitan-en","12":"pa_langue-occitan-lemosin-en","13":"entry","15":"first","16":"outofstock","17":"shipping-taxable","18":"purchasable","19":"product-type-simple"},"acf":[],"_links":{"self":[{"href":"https:\/\/www.libraria-occitana.org\/en\/wp-json\/wp\/v2\/product\/18300","targetHints":{"allow":["GET"]}}],"collection":[{"href":"https:\/\/www.libraria-occitana.org\/en\/wp-json\/wp\/v2\/product"}],"about":[{"href":"https:\/\/www.libraria-occitana.org\/en\/wp-json\/wp\/v2\/types\/product"}],"wp:featuredmedia":[{"embeddable":true,"href":"https:\/\/www.libraria-occitana.org\/en\/wp-json\/wp\/v2\/media\/18301"}],"wp:attachment":[{"href":"https:\/\/www.libraria-occitana.org\/en\/wp-json\/wp\/v2\/media?parent=18300"}],"wp:term":[{"taxonomy":"product_brand","embeddable":true,"href":"https:\/\/www.libraria-occitana.org\/en\/wp-json\/wp\/v2\/product_brand?post=18300"},{"taxonomy":"product_cat","embeddable":true,"href":"https:\/\/www.libraria-occitana.org\/en\/wp-json\/wp\/v2\/product_cat?post=18300"},{"taxonomy":"product_tag","embeddable":true,"href":"https:\/\/www.libraria-occitana.org\/en\/wp-json\/wp\/v2\/product_tag?post=18300"}],"curies":[{"name":"wp","href":"https:\/\/api.w.org\/{rel}","templated":true}]}}