{"id":18339,"date":"2007-01-01T17:46:48","date_gmt":"2007-01-01T16:46:48","guid":{"rendered":"http:\/\/www.libraria-occitana.org\/all-products\/toits-de-bois-en-europe-du-limousin-aux-carpathes?lang=en"},"modified":"2026-04-26T00:46:20","modified_gmt":"2026-04-25T22:46:20","slug":"toits-de-bois-en-europe-du-limousin-aux-carpathes","status":"publish","type":"product","link":"https:\/\/www.libraria-occitana.org\/en\/product\/toits-de-bois-en-europe-du-limousin-aux-carpathes\/","title":{"rendered":"Toits de bois en Europe : Du Limousin aux Carpathes"},"content":{"rendered":"<p>Par-del\u00e0 ce tour d&#8217;Europe des toits de bois, qui, \u00e0 travers temps et lieux, nous entra\u00eene du Limousin aux Carpathes en passant par la Scandinavie et la Russie, \u00e0 la d\u00e9couverte d&#8217;un magnifique patrimoine d&#8217;art populaire et religieux, l&#8217;auteur, Thierry Houdart, ing\u00e9nieur du bois, porte un regard technique et enthousiaste sur ces diff\u00e9rents modes de couverture en bois.<\/p>\n<p>Faciles \u00e0 mettre en \u0153uvre, \u00e9conomiques, \u00e9cologiques, durables, sachant \u00e9pouser les formes les plus complexes, les tuiles de bois, du bardeau fendu et affin\u00e9 artisanalement aux planchettes sci\u00e9es, sont un des plus beaux mat\u00e9riaux de couverture pour nos toits contemporains et repr\u00e9sentent aussi une noble utilisation des bois de pays. Une nouvelle g\u00e9n\u00e9ration d&#8217;artisans-bardeliers est n\u00e9e, qui perp\u00e9tuent et renouvellent un savoir-faire venant du fond des \u00e2ges.<\/p>\n<p>Ce livre s&#8217;adresse \u00e0 tous ceux qui, particuliers, artisans, architectes&#8230;, pensent que, r\u00e9adapt\u00e9es au monde d&#8217;aujourd&#8217;hui, des techniques anciennes qui utilisent un mat\u00e9riau naturel, ont plus que jamais leur place dans l&#8217;architecture actuelle.<\/p>\n<p>Alors, de ch\u00e2taignier, de m\u00e9l\u00e8ze ou d&#8217;\u00e9pic\u00e9a, couvrez vos toits&#8230; de bois.<\/p>\n","protected":false},"excerpt":{"rendered":"<p>Par-del\u00e0 ce tour d&#8217;Europe des toits de bois, qui, \u00e0 travers temps et lieux, nous entra\u00eene du Limousin aux Carpathes en passant par la Scandinavie et la Russie, \u00e0 la d\u00e9couverte d&#8217;un magnifique patrimoine d&#8217;art populaire et religieux, l&#8217;auteur, Thierry Houdart, ing\u00e9nieur du bois, porte un regard technique et enthousiaste sur ces diff\u00e9rents modes de [&hellip;]<\/p>\n","protected":false},"featured_media":18340,"template":"","meta":{"_acf_changed":false,"_genesis_hide_title":false,"_genesis_hide_breadcrumbs":false,"_genesis_hide_singular_image":false,"_genesis_hide_footer_widgets":false,"_genesis_custom_body_class":"","_genesis_custom_post_class":"","_genesis_layout":""},"product_brand":[],"product_cat":[7132,7214,7206],"product_tag":[],"class_list":{"0":"post-18339","1":"product","2":"type-product","3":"status-publish","4":"has-post-thumbnail","6":"product_cat-books","7":"product_cat-built-heritage-en","8":"product_cat-traditions-heritage-en","9":"pa_auteur-houdart-thierry-en","10":"pa_editeur-maiade-en","11":"pa_illustrateur-houdart-camille-en","12":"pa_langue-francais-en","13":"entry","15":"first","16":"outofstock","17":"shipping-taxable","18":"purchasable","19":"product-type-simple"},"acf":[],"_links":{"self":[{"href":"https:\/\/www.libraria-occitana.org\/en\/wp-json\/wp\/v2\/product\/18339","targetHints":{"allow":["GET"]}}],"collection":[{"href":"https:\/\/www.libraria-occitana.org\/en\/wp-json\/wp\/v2\/product"}],"about":[{"href":"https:\/\/www.libraria-occitana.org\/en\/wp-json\/wp\/v2\/types\/product"}],"wp:featuredmedia":[{"embeddable":true,"href":"https:\/\/www.libraria-occitana.org\/en\/wp-json\/wp\/v2\/media\/18340"}],"wp:attachment":[{"href":"https:\/\/www.libraria-occitana.org\/en\/wp-json\/wp\/v2\/media?parent=18339"}],"wp:term":[{"taxonomy":"product_brand","embeddable":true,"href":"https:\/\/www.libraria-occitana.org\/en\/wp-json\/wp\/v2\/product_brand?post=18339"},{"taxonomy":"product_cat","embeddable":true,"href":"https:\/\/www.libraria-occitana.org\/en\/wp-json\/wp\/v2\/product_cat?post=18339"},{"taxonomy":"product_tag","embeddable":true,"href":"https:\/\/www.libraria-occitana.org\/en\/wp-json\/wp\/v2\/product_tag?post=18339"}],"curies":[{"name":"wp","href":"https:\/\/api.w.org\/{rel}","templated":true}]}}