{"id":18373,"date":"2006-12-01T11:21:50","date_gmt":"2006-12-01T10:21:50","guid":{"rendered":"http:\/\/www.libraria-occitana.org\/all-products\/cronicas-daura-chroniques-contemporaines?lang=en"},"modified":"2026-04-25T01:46:15","modified_gmt":"2026-04-24T23:46:15","slug":"cronicas-daura-chroniques-contemporaines","status":"publish","type":"product","link":"https:\/\/www.libraria-occitana.org\/en\/product\/cronicas-daura-chroniques-contemporaines\/","title":{"rendered":"Cronicas d&#8217;aura &#8211; Chroniques contemporaines"},"content":{"rendered":"<p>L\u2019auteur a tenu pendant vingt ans des chroniques fort appr\u00e9ci\u00e9es, en occitan et en fran\u00e7ais, dans un quotidien limousin. Il livre ici une brass\u00e9e de cent billets ou petits essais, \u00e9crits en 2005, tous li\u00e9s \u00e0 l\u2019actualit\u00e9, car ils \u00e9voquent les grands d\u00e9fis qu\u2019affrontent nos soci\u00e9t\u00e9s modernes, ceux qui engagent notre avenir : le r\u00e9chauffement climatique et ses effets, la biodiversit\u00e9 en question, l\u2019affirmation des identit\u00e9s et leur insertion sociale, les choix \u00e9nerg\u00e9tiques de demain, la place de la femme dans le monde, les exc\u00e8s et les avanc\u00e9es de la science, les diff\u00e9rences de niveau de vie, la r\u00e9alit\u00e9 de la France et de son image\u2026<\/p>\n<p>Le Limousin n\u2019est pas absent, et sa m\u00e9moire est bien vivante, mais il se lie \u00e0 son entourage europ\u00e9en et mondial ; il r\u00e9sonne de ce qui se passe autour de lui et en lui. Le bon sens, l\u2019humour, la volont\u00e9 et l\u2019espoir animent la conscience occitane de notre temps ; de profondes racines pour mieux pr\u00e9parer les ann\u00e9es \u00e0 venir.<\/p>\n","protected":false},"excerpt":{"rendered":"<p>L\u2019auteur a tenu pendant vingt ans des chroniques fort appr\u00e9ci\u00e9es, en occitan et en fran\u00e7ais, dans un quotidien limousin. Il livre ici une brass\u00e9e de cent billets ou petits essais, \u00e9crits en 2005, tous li\u00e9s \u00e0 l\u2019actualit\u00e9, car ils \u00e9voquent les grands d\u00e9fis qu\u2019affrontent nos soci\u00e9t\u00e9s modernes, ceux qui engagent notre avenir : le r\u00e9chauffement [&hellip;]<\/p>\n","protected":false},"featured_media":36491,"template":"","meta":{"_acf_changed":false,"_genesis_hide_title":false,"_genesis_hide_breadcrumbs":false,"_genesis_hide_singular_image":false,"_genesis_hide_footer_widgets":false,"_genesis_custom_body_class":"","_genesis_custom_post_class":"","_genesis_layout":""},"product_brand":[],"product_cat":[7132,7202],"product_tag":[],"class_list":{"0":"post-18373","1":"product","2":"type-product","3":"status-publish","4":"has-post-thumbnail","6":"product_cat-books","7":"product_cat-politics-sociology-current-affairs-en","8":"pa_auteur-lavalada-ives-en","9":"pa_editeur-ieo-lemosin-en-2","10":"pa_langue-occitan-lemosin-en","11":"pa_langue-occitan-francais-en","12":"entry","14":"first","15":"instock","16":"shipping-taxable","17":"purchasable","18":"product-type-simple"},"acf":[],"_links":{"self":[{"href":"https:\/\/www.libraria-occitana.org\/en\/wp-json\/wp\/v2\/product\/18373","targetHints":{"allow":["GET"]}}],"collection":[{"href":"https:\/\/www.libraria-occitana.org\/en\/wp-json\/wp\/v2\/product"}],"about":[{"href":"https:\/\/www.libraria-occitana.org\/en\/wp-json\/wp\/v2\/types\/product"}],"wp:featuredmedia":[{"embeddable":true,"href":"https:\/\/www.libraria-occitana.org\/en\/wp-json\/wp\/v2\/media\/36491"}],"wp:attachment":[{"href":"https:\/\/www.libraria-occitana.org\/en\/wp-json\/wp\/v2\/media?parent=18373"}],"wp:term":[{"taxonomy":"product_brand","embeddable":true,"href":"https:\/\/www.libraria-occitana.org\/en\/wp-json\/wp\/v2\/product_brand?post=18373"},{"taxonomy":"product_cat","embeddable":true,"href":"https:\/\/www.libraria-occitana.org\/en\/wp-json\/wp\/v2\/product_cat?post=18373"},{"taxonomy":"product_tag","embeddable":true,"href":"https:\/\/www.libraria-occitana.org\/en\/wp-json\/wp\/v2\/product_tag?post=18373"}],"curies":[{"name":"wp","href":"https:\/\/api.w.org\/{rel}","templated":true}]}}