{"id":18379,"date":"2006-11-01T12:02:34","date_gmt":"2006-11-01T11:02:34","guid":{"rendered":"http:\/\/www.libraria-occitana.org\/all-products\/lespauridor-libre-cd?lang=en"},"modified":"2026-04-29T06:21:47","modified_gmt":"2026-04-29T04:21:47","slug":"lespauridor-libre-cd","status":"publish","type":"product","link":"https:\/\/www.libraria-occitana.org\/en\/product\/lespauridor-libre-cd\/","title":{"rendered":"L&#8217;espauridor (libre + CD)"},"content":{"rendered":"<p>Il y a des endroits o\u00f9 certains outils ont \u00e9t\u00e9 fabriqu\u00e9s pour effrayer, mais il se pourrait, parfois, qu&#8217;ils soient devenus porteurs de vie&#8230; Surtout quand il y a une affaire de sorci\u00e8re&#8230;.<\/p>\n<p>Cycle 2 et 3. Livret d&#8217;accompagnement p\u00e9dagogique <a href=\"http:\/\/capoc.crdp-aquitaine.fr\/articles.php?lng=en&amp;pg=450&amp;mnuid=304&amp;tconfig=0\">sur le site du CAP&#8217;\u00d2C<\/a>.<\/p>\n","protected":false},"excerpt":{"rendered":"<p>Il y a des endroits o\u00f9 certains outils ont \u00e9t\u00e9 fabriqu\u00e9s pour effrayer, mais il se pourrait, parfois, qu&#8217;ils soient devenus porteurs de vie&#8230; Surtout quand il y a une affaire de sorci\u00e8re&#8230;. Cycle 2 et 3. Livret d&#8217;accompagnement p\u00e9dagogique sur le site du CAP&#8217;\u00d2C.<\/p>\n","protected":false},"featured_media":18380,"template":"","meta":{"_acf_changed":false,"_genesis_hide_title":false,"_genesis_hide_breadcrumbs":false,"_genesis_hide_singular_image":false,"_genesis_hide_footer_widgets":false,"_genesis_custom_body_class":"","_genesis_custom_post_class":"","_genesis_layout":""},"product_brand":[],"product_cat":[7132,7170,7164],"product_tag":[],"class_list":{"0":"post-18379","1":"product","2":"type-product","3":"status-publish","4":"has-post-thumbnail","6":"product_cat-books","7":"product_cat-juvenile-en","8":"product_cat-juvenile-and-teen-comics-humour-en","9":"pa_auteur-collectiu-en-2","10":"pa_editeur-canope-editions-en","11":"pa_illustrateur-decamps-domenja-decomps-dominique-en","12":"pa_illustrateur-fistol-sarah-en","13":"pa_langue-occitan-lemosin-en","14":"pa_langue-occitan-francais-en","15":"entry","17":"first","18":"instock","19":"shipping-taxable","20":"purchasable","21":"product-type-simple"},"acf":[],"_links":{"self":[{"href":"https:\/\/www.libraria-occitana.org\/en\/wp-json\/wp\/v2\/product\/18379","targetHints":{"allow":["GET"]}}],"collection":[{"href":"https:\/\/www.libraria-occitana.org\/en\/wp-json\/wp\/v2\/product"}],"about":[{"href":"https:\/\/www.libraria-occitana.org\/en\/wp-json\/wp\/v2\/types\/product"}],"wp:featuredmedia":[{"embeddable":true,"href":"https:\/\/www.libraria-occitana.org\/en\/wp-json\/wp\/v2\/media\/18380"}],"wp:attachment":[{"href":"https:\/\/www.libraria-occitana.org\/en\/wp-json\/wp\/v2\/media?parent=18379"}],"wp:term":[{"taxonomy":"product_brand","embeddable":true,"href":"https:\/\/www.libraria-occitana.org\/en\/wp-json\/wp\/v2\/product_brand?post=18379"},{"taxonomy":"product_cat","embeddable":true,"href":"https:\/\/www.libraria-occitana.org\/en\/wp-json\/wp\/v2\/product_cat?post=18379"},{"taxonomy":"product_tag","embeddable":true,"href":"https:\/\/www.libraria-occitana.org\/en\/wp-json\/wp\/v2\/product_tag?post=18379"}],"curies":[{"name":"wp","href":"https:\/\/api.w.org\/{rel}","templated":true}]}}