{"id":18387,"date":"2006-10-01T16:41:08","date_gmt":"2006-10-01T15:41:08","guid":{"rendered":"http:\/\/www.libraria-occitana.org\/all-products\/2-bals-en-poche-pour-danser-du-soir-au-matin-2-cd?lang=en"},"modified":"2026-04-03T01:21:29","modified_gmt":"2026-04-02T23:21:29","slug":"2-bals-en-poche-pour-danser-du-soir-au-matin-2-cd","status":"publish","type":"product","link":"https:\/\/www.libraria-occitana.org\/en\/product\/2-bals-en-poche-pour-danser-du-soir-au-matin-2-cd\/","title":{"rendered":"2 bals en poche pour danser du soir au matin ! (2 CD)"},"content":{"rendered":"<p><strong>Myriam Lameyre :<\/strong> chant, accord\u00e9ons diatoniques, guitare, violon, cornemuses : chabrette limousine, musettes 14 et 16 pouces, boha landaise, ga\u00efta galicienne<br \/>\n<strong>Jean-Yves Lameyre :<\/strong> chant, violons et alto, accord\u00e9ons diatoniques, vielle \u00e0 roue, cornemuses : cabrette auvergnate avec chanterelle, musette 20 pouces<br \/>\n<strong>Nellie Lameyre :<\/strong> violon, chant<br \/>\n<strong>Fabien Gendraud :<\/strong> chant, basse, guitare, pieds<\/p>\n<p>De par leur vie rurale en Corr\u00e8ze, Myriam et Jean-Yves, sensibles \u00e0 la musique issue des violoneux de ce terroir, s&#8217;impr\u00e8gnent des musiques et des chants populaires de l&#8217;Auvergne et du Limousin. Puisant dans le r\u00e9pertoire pour violon, accord\u00e9on diatonique, cornemuses du Centre France, ils nous interpr\u00e8tent les airs des musiciens d&#8217;hier et d&#8217;aujourd&#8217;hui, ponctu\u00e9s de leurs compositions. Leur passion les conduit \u00e9galement \u00e0 \u00e9largir leur r\u00e9pertoire \u00e0 l&#8217;Irlande, le Qu\u00e9bec, la Louisiane, la Su\u00e8de, l&#8217;Italie et la Galice.<\/p>\n<p><strong>Titres :<\/strong><br \/>\n<strong>CD n\u00b01<br \/>\n<\/strong>1. Bour\u00e9es 3 temps : D&#8217;apr\u00e8s J. Ribeyrolle &#8211; De Pons 5&#8217;28<br \/>\n2. Bourr\u00e9es 2 temps : Non la dan\u00e7arem pus &#8211; M\u00e9lodie rose 4&#8217;26<br \/>\n3. Mazurkas : A. Gaillet &#8211; Des Claris 3&#8217;13<br \/>\n4. Scottishs : \u00c0 d\u00e9d\u00e9 &#8211; Salut Santiago 4&#8217;12<br \/>\n5. Bourr\u00e9es 3 temps : La Marion plora &#8211; Quau te mena 4&#8217;50<br \/>\n6. Polkas piqu\u00e9es : La Pas piqu\u00e9e &#8211; Pinton 2&#8217;15<br \/>\n7. Valses : De Saint-Salvadour &#8211; \u00c0 Cadet 4&#8217;45<br \/>\n8. Sauti\u00e8res : De La Chapelle-Aubareil &#8211; De Solomagne 2&#8217;21<br \/>\n9. Bourr\u00e9es 3 temps : Ieu n&#8217;ai cinc so\u00f9s &#8211; D&#8217;apr\u00e8s J. Ribeyrolle 5&#8217;13<br \/>\n10. Scottishs : Du Chalet &#8211; Cahin caha 3&#8217;02<br \/>\n11. Mazurkas : De Servant &#8211; L&#8217;inconnue de Limoise &#8211; De la pluie 6&#8217;19<br \/>\n12. Scottishs-valses : D&#8217;apr\u00e8s A. Chabrier &#8211; Tres plens plats 2&#8217;53<br \/>\n13. Rond d&#8217;Argenton : Le meunier blondin 4&#8217;40<br \/>\n14. Sauti\u00e8res : \u00c0 Gaston Cessac &#8211; Sautatz v&#8217;autras jo\u00f9nas filhas 2&#8217;20<br \/>\n15. Bourr\u00e9es 3 temps : La d\u00e9laiss\u00e9e &#8211; &#8216;Na trist&#8217; annada 4&#8217;28<br \/>\n16. Mazurkas : Mariton ton pucelatge &#8211; La lanternaire 3&#8217;59<br \/>\n17. Bourr\u00e9es 2 temps : Vous autres jeunes gens &#8211; Mon habit n&#8217;a qu&#8217;un bouton &#8211; O\u00f9 sont donc ces amants 3&#8217;48<br \/>\n18. Polkas : De Naves &#8211; Liberton Polka 3&#8217;10<\/p>\n<p><strong>CD n\u00b02<\/strong><br \/>\n1. Contredanses : Lamazi\u00e8re-Basse-Saint-Jacques &#8211; Saint-Jacques-Lamazi\u00e8re-Basse 3&#8217;55<br \/>\n2. Son Matachin : Son Matache &#8211; El Pichi Huila 3&#8217;38<br \/>\n3. Rondeaux : De Saveta &#8211; Bonjour ma\u00eetre de maison 3&#8217;35<br \/>\n4. Jigs irlandaises : Paddy&#8217;s Return &#8211; Willy Coleman&#8217;s &#8211; Up in the air 5&#8217;25<br \/>\n5. Fandango &#8211; Arin arina 4&#8217;22 6. Contredanses : Up jump Jim Crow &#8211; Martha Cambell 4&#8217;43<br \/>\n7. Valses : \u00c9cossaise &#8211; The Battle of Glencoe 3&#8217;53<br \/>\n8. Madison : La r\u00e9ponse du blues de Bosco 4&#8217;21<br \/>\n9. Valse : Speranze perdute 3&#8217;42<br \/>\n10. Contredanses : Marches d&#8217;Asturie et de Galice &#8211; Mui\u00f1era 3&#8217;43<br \/>\n11. Two steps : Grand Texas 3&#8217;17<br \/>\n12. Hornpipe : Crossing the Minch 2&#8217;12<br \/>\n13. Valse \u00e0 5 temps : J&#8217;aime une fille &#8211; Le colporteur 3&#8217;12<br \/>\n14. Valse Cajun : Une livre de tabac 4&#8217;25<br \/>\n15. Contredanses : Reel des Acadiens &#8211; Reel Canadien &#8211; Big John McNeil 5&#8217;09<br \/>\n16. Rondeaux : D&#8217;apr\u00e8s Marc P\u00e9ronne &#8211; Pica Pica &#8211; Neuf oiseaux 3&#8217;04<br \/>\n17. Two steps : La porte en arri\u00e8re 3&#8217;08<br \/>\n18. Polkas : The Heel and Toe &#8211; Devlin&#8217;s &#8211; Polka d&#8217;apr\u00e8s F. Pauliac 4&#8217;15<\/p>\n","protected":false},"excerpt":{"rendered":"<p>Myriam Lameyre : chant, accord\u00e9ons diatoniques, guitare, violon, cornemuses : chabrette limousine, musettes 14 et 16 pouces, boha landaise, ga\u00efta galicienne Jean-Yves Lameyre : chant, violons et alto, accord\u00e9ons diatoniques, vielle \u00e0 roue, cornemuses : cabrette auvergnate avec chanterelle, musette 20 pouces Nellie Lameyre : violon, chant Fabien Gendraud : chant, basse, guitare, pieds De [&hellip;]<\/p>\n","protected":false},"featured_media":36494,"template":"","meta":{"_acf_changed":false,"_genesis_hide_title":false,"_genesis_hide_breadcrumbs":false,"_genesis_hide_singular_image":false,"_genesis_hide_footer_widgets":false,"_genesis_custom_body_class":"","_genesis_custom_post_class":"","_genesis_layout":""},"product_brand":[],"product_cat":[7228,7216],"product_tag":[],"class_list":{"0":"post-18387","1":"product","2":"type-product","3":"status-publish","4":"has-post-thumbnail","6":"product_cat-modern-folk-en","7":"product_cat-music-en","8":"pa_auteur-musiqua-deux-en","9":"pa_langue-francais-en","10":"pa_langue-occitan-en","11":"pa_langue-occitan-lemosin-en","12":"entry","14":"first","15":"instock","16":"shipping-taxable","17":"purchasable","18":"product-type-simple"},"acf":[],"_links":{"self":[{"href":"https:\/\/www.libraria-occitana.org\/en\/wp-json\/wp\/v2\/product\/18387","targetHints":{"allow":["GET"]}}],"collection":[{"href":"https:\/\/www.libraria-occitana.org\/en\/wp-json\/wp\/v2\/product"}],"about":[{"href":"https:\/\/www.libraria-occitana.org\/en\/wp-json\/wp\/v2\/types\/product"}],"wp:featuredmedia":[{"embeddable":true,"href":"https:\/\/www.libraria-occitana.org\/en\/wp-json\/wp\/v2\/media\/36494"}],"wp:attachment":[{"href":"https:\/\/www.libraria-occitana.org\/en\/wp-json\/wp\/v2\/media?parent=18387"}],"wp:term":[{"taxonomy":"product_brand","embeddable":true,"href":"https:\/\/www.libraria-occitana.org\/en\/wp-json\/wp\/v2\/product_brand?post=18387"},{"taxonomy":"product_cat","embeddable":true,"href":"https:\/\/www.libraria-occitana.org\/en\/wp-json\/wp\/v2\/product_cat?post=18387"},{"taxonomy":"product_tag","embeddable":true,"href":"https:\/\/www.libraria-occitana.org\/en\/wp-json\/wp\/v2\/product_tag?post=18387"}],"curies":[{"name":"wp","href":"https:\/\/api.w.org\/{rel}","templated":true}]}}