{"id":18407,"date":"2008-01-01T10:24:13","date_gmt":"2008-01-01T09:24:13","guid":{"rendered":"http:\/\/www.libraria-occitana.org\/all-products\/maisons-de-paysans-memoires-de-la-correze?lang=en"},"modified":"2026-04-02T21:41:52","modified_gmt":"2026-04-02T19:41:52","slug":"maisons-de-paysans-memoires-de-la-correze","status":"publish","type":"product","link":"https:\/\/www.libraria-occitana.org\/en\/product\/maisons-de-paysans-memoires-de-la-correze\/","title":{"rendered":"Maisons de paysans : M\u00e9moires de la Corr\u00e8ze"},"content":{"rendered":"<p>\u00ab Maisons de paysans, maisons de modestie et de m\u00e9moires \u00bb, \u00e9crit Jean-Pierre Lacombe. Et comme il a raison ! Il suffit en effet d&#8217;ouvrir cet ouvrage tant attendu pour d\u00e9couvrir que, bien plus que la description m\u00e9ticuleuse d&#8217;un habitat, il rec\u00e8le l&#8217;\u00e2me d&#8217;un pays, sa m\u00e9moire, son histoire, sa g\u00e9ographie&#8230;<\/p>\n<p>Des maisons ? Tout commence ici \u00e0 l&#8217;aube des temps, dans les grottes de Noailles, les cabanes du n\u00e9olithique, les plus humbles abris. Mais d\u00e9j\u00e0 les hommes sont b\u00e2tisseurs. Ils taillent la pierre et l&#8217;appareillent. Plus tard, avec une belle ing\u00e9niosit\u00e9, ils \u00e9difient avec la m\u00eame patience \u00ab fermes m\u00e9di\u00e9vales \u00bb et granges ovalaires, agencent en un subtil \u00e9quilibre dont l&#8217;\u0153il s&#8217;amourache, cha\u00eenages d&#8217;angles, charpentes \u00e0 courbes, linteaux, arcs et absides. Oui, nous sommes bien ici, dans cette Corr\u00e8ze aux multiples versants, sur une terre de b\u00e2tisseurs.<\/p>\n<p>Confident des pierres, l&#8217;auteur conna\u00eet de ces maisons les moindres recoins. Il prend les meubles \u00e0 t\u00e9moin, un banc de pierre, le lit clos, le r\u00e2telier des tourtes et la pendule comtoise, interroge les n\u0153uds du bois d&#8217;une charpente, caresse d&#8217;une main complice l&#8217;ardoise et la tuile, la lause et le chaume. Qu&#8217;il mette dans le cantou &#8211; \u00ab cette sorte d&#8217;autel \u00e0 domicile \u00bb &#8211; une brass\u00e9e de bois sec et la magie des lieux soudain se r\u00e9veille.<\/p>\n<p>Ce livre, vous l&#8217;avez compris, ne nous raconte pas seulement la pierre des maisons de paysans, la grange et le puits, l&#8217;\u00e9table et le s\u00e9choir. Il nous dit les femmes et les hommes qui les ont habit\u00e9es, leurs gestes patients et quotidiens, les saisons de leurs vies. Il est ainsi un livre de m\u00e9moire, un fervent hommage au \u00ab cort\u00e8ge d&#8217;ombres et de pr\u00e9sences qui s&#8217;effacent aujourd&#8217;hui sur une terre sans \u00e2ge \u00bb.<\/p>\n","protected":false},"excerpt":{"rendered":"<p>\u00ab Maisons de paysans, maisons de modestie et de m\u00e9moires \u00bb, \u00e9crit Jean-Pierre Lacombe. Et comme il a raison ! Il suffit en effet d&#8217;ouvrir cet ouvrage tant attendu pour d\u00e9couvrir que, bien plus que la description m\u00e9ticuleuse d&#8217;un habitat, il rec\u00e8le l&#8217;\u00e2me d&#8217;un pays, sa m\u00e9moire, son histoire, sa g\u00e9ographie&#8230; Des maisons ? Tout [&hellip;]<\/p>\n","protected":false},"featured_media":18408,"template":"","meta":{"_acf_changed":false,"_genesis_hide_title":false,"_genesis_hide_breadcrumbs":false,"_genesis_hide_singular_image":false,"_genesis_hide_footer_widgets":false,"_genesis_custom_body_class":"","_genesis_custom_post_class":"","_genesis_layout":""},"product_brand":[],"product_cat":[7132,7206,7214],"product_tag":[],"class_list":{"0":"post-18407","1":"product","2":"type-product","3":"status-publish","4":"has-post-thumbnail","6":"product_cat-books","7":"product_cat-traditions-heritage-en","8":"product_cat-built-heritage-en","9":"pa_auteur-lacombe-jean-pierre-fr-en","10":"pa_editeur-lucien-souny-en","11":"pa_langue-francais-en","12":"entry","14":"first","15":"outofstock","16":"shipping-taxable","17":"purchasable","18":"product-type-simple"},"acf":[],"_links":{"self":[{"href":"https:\/\/www.libraria-occitana.org\/en\/wp-json\/wp\/v2\/product\/18407","targetHints":{"allow":["GET"]}}],"collection":[{"href":"https:\/\/www.libraria-occitana.org\/en\/wp-json\/wp\/v2\/product"}],"about":[{"href":"https:\/\/www.libraria-occitana.org\/en\/wp-json\/wp\/v2\/types\/product"}],"wp:featuredmedia":[{"embeddable":true,"href":"https:\/\/www.libraria-occitana.org\/en\/wp-json\/wp\/v2\/media\/18408"}],"wp:attachment":[{"href":"https:\/\/www.libraria-occitana.org\/en\/wp-json\/wp\/v2\/media?parent=18407"}],"wp:term":[{"taxonomy":"product_brand","embeddable":true,"href":"https:\/\/www.libraria-occitana.org\/en\/wp-json\/wp\/v2\/product_brand?post=18407"},{"taxonomy":"product_cat","embeddable":true,"href":"https:\/\/www.libraria-occitana.org\/en\/wp-json\/wp\/v2\/product_cat?post=18407"},{"taxonomy":"product_tag","embeddable":true,"href":"https:\/\/www.libraria-occitana.org\/en\/wp-json\/wp\/v2\/product_tag?post=18407"}],"curies":[{"name":"wp","href":"https:\/\/api.w.org\/{rel}","templated":true}]}}