{"id":18417,"date":"2007-11-01T18:56:00","date_gmt":"2007-11-01T17:56:00","guid":{"rendered":"http:\/\/www.libraria-occitana.org\/all-products\/hier-au-pays-des-feuillardiers?lang=en"},"modified":"2026-04-29T06:56:45","modified_gmt":"2026-04-29T04:56:45","slug":"hier-au-pays-des-feuillardiers","status":"publish","type":"product","link":"https:\/\/www.libraria-occitana.org\/en\/product\/hier-au-pays-des-feuillardiers\/","title":{"rendered":"Hier, au Pays des Feuillardiers"},"content":{"rendered":"<p>20 communes en images.<\/p>\n<p><strong>Ensenhador :<\/strong><br \/>\n&#8211; Communes et paroisses<br \/>\n&#8211; Ch\u00e2teaux et belles demeures<br \/>\n&#8211; Communications<br \/>\n&#8211; La vie \u00e9conomique<br \/>\n&#8211; La vie rurale<br \/>\n&#8211; Traditions &#8211; C\u00e9r\u00e9monies<br \/>\n&#8211; Souvenirs d&#8217;\u00e9cole<br \/>\n&#8211; Portraits<\/p>\n","protected":false},"excerpt":{"rendered":"<p>20 communes en images. Ensenhador : &#8211; Communes et paroisses &#8211; Ch\u00e2teaux et belles demeures &#8211; Communications &#8211; La vie \u00e9conomique &#8211; La vie rurale &#8211; Traditions &#8211; C\u00e9r\u00e9monies &#8211; Souvenirs d&#8217;\u00e9cole &#8211; Portraits<\/p>\n","protected":false},"featured_media":18418,"template":"","meta":{"_acf_changed":false,"_genesis_hide_title":false,"_genesis_hide_breadcrumbs":false,"_genesis_hide_singular_image":false,"_genesis_hide_footer_widgets":false,"_genesis_custom_body_class":"","_genesis_custom_post_class":"","_genesis_layout":""},"product_brand":[],"product_cat":[7132,7148,7158],"product_tag":[],"class_list":{"0":"post-18417","1":"product","2":"type-product","3":"status-publish","4":"has-post-thumbnail","6":"product_cat-books","7":"product_cat-history-geography-en","8":"product_cat-modern-and-contemporary-history-en","9":"pa_auteur-lapouge-jacqueline-en","10":"pa_editeur-jacqueline-lapouge-en","11":"pa_langue-francais-en","12":"entry","14":"first","15":"outofstock","16":"shipping-taxable","17":"purchasable","18":"product-type-simple"},"acf":[],"_links":{"self":[{"href":"https:\/\/www.libraria-occitana.org\/en\/wp-json\/wp\/v2\/product\/18417","targetHints":{"allow":["GET"]}}],"collection":[{"href":"https:\/\/www.libraria-occitana.org\/en\/wp-json\/wp\/v2\/product"}],"about":[{"href":"https:\/\/www.libraria-occitana.org\/en\/wp-json\/wp\/v2\/types\/product"}],"wp:featuredmedia":[{"embeddable":true,"href":"https:\/\/www.libraria-occitana.org\/en\/wp-json\/wp\/v2\/media\/18418"}],"wp:attachment":[{"href":"https:\/\/www.libraria-occitana.org\/en\/wp-json\/wp\/v2\/media?parent=18417"}],"wp:term":[{"taxonomy":"product_brand","embeddable":true,"href":"https:\/\/www.libraria-occitana.org\/en\/wp-json\/wp\/v2\/product_brand?post=18417"},{"taxonomy":"product_cat","embeddable":true,"href":"https:\/\/www.libraria-occitana.org\/en\/wp-json\/wp\/v2\/product_cat?post=18417"},{"taxonomy":"product_tag","embeddable":true,"href":"https:\/\/www.libraria-occitana.org\/en\/wp-json\/wp\/v2\/product_tag?post=18417"}],"curies":[{"name":"wp","href":"https:\/\/api.w.org\/{rel}","templated":true}]}}