{"id":18421,"date":"2021-04-09T17:42:01","date_gmt":"2021-04-09T15:42:01","guid":{"rendered":"http:\/\/www.libraria-occitana.org\/all-products\/dictionnaire-grammatical-de-loccitan-moderne?lang=en"},"modified":"2026-04-29T10:17:22","modified_gmt":"2026-04-29T08:17:22","slug":"dictionnaire-grammatical-de-loccitan-moderne","status":"publish","type":"product","link":"https:\/\/www.libraria-occitana.org\/en\/product\/dictionnaire-grammatical-de-loccitan-moderne\/","title":{"rendered":"Dictionnaire grammatical de l&#8217;occitan moderne : Selon les parlers languedociens"},"content":{"rendered":"<p>Le <em>Dictionnaire grammatical de l\u2019occitan moderne<\/em> est une tentative de r\u00e9ponse aux besoins d\u2019apprentissage d\u2019un public nouveau pour qui l\u2019occitan est une langue qui s\u2019enseigne et qui s\u2019apprend, avec des r\u00e8gles, des fonctionnements propres, des formes communes sous l\u2019infini des variations et des parlers, avec une grammaire, en un mot. Il int\u00e8gre, en all\u00e9geant au maximum les consid\u00e9rations th\u00e9oriques, les acquis de la recherche des derni\u00e8res ann\u00e9es et met l\u2019accent en priorit\u00e9 sur la syntaxe de l\u2019\u00ab occitan larg \u00bb, commune en tr\u00e8s grande partie \u00e0 tous les parlers d\u2019oc, dans le temps et dans l\u2019espace, par-del\u00e0 les pratiques r\u00e9ductrices ou l\u2019enfermement localiste. De cette syntaxe souvent originale et trop souvent mal connue, il tente d\u2019\u00e9clairer le fonctionnement. Pour ce faire il revient syst\u00e9matiquement sur des notions dont la ma\u00eetrise est indispensable et propose des exemples aussi nombreux que possible. L\u2019ouvrage est en fran\u00e7ais pour les explications, avec des entr\u00e9es dans les deux langues et un syst\u00e8me d\u2019indexation qui permet une consultation raisonn\u00e9e.<\/p>\n","protected":false},"excerpt":{"rendered":"<p>Le Dictionnaire grammatical de l\u2019occitan moderne est une tentative de r\u00e9ponse aux besoins d\u2019apprentissage d\u2019un public nouveau pour qui l\u2019occitan est une langue qui s\u2019enseigne et qui s\u2019apprend, avec des r\u00e8gles, des fonctionnements propres, des formes communes sous l\u2019infini des variations et des parlers, avec une grammaire, en un mot. Il int\u00e8gre, en all\u00e9geant au [&hellip;]<\/p>\n","protected":false},"featured_media":54064,"template":"","meta":{"_acf_changed":false,"_genesis_hide_title":false,"_genesis_hide_breadcrumbs":false,"_genesis_hide_singular_image":false,"_genesis_hide_footer_widgets":false,"_genesis_custom_body_class":"","_genesis_custom_post_class":"","_genesis_layout":""},"product_brand":[],"product_cat":[7132,7138,7136],"product_tag":[],"class_list":{"0":"post-18421","1":"product","2":"type-product","3":"status-publish","4":"has-post-thumbnail","6":"product_cat-books","7":"product_cat-dictionaries-grammars-en","8":"product_cat-dictionaries-language-educational-en","9":"pa_auteur-vernet-florian-en","10":"pa_editeur-pu-mediterranee-en","11":"pa_langue-francais-en","12":"pa_langue-occitan-en","13":"pa_langue-occitan-lengadocian-en","14":"entry","16":"first","17":"instock","18":"shipping-taxable","19":"purchasable","20":"product-type-simple"},"acf":[],"_links":{"self":[{"href":"https:\/\/www.libraria-occitana.org\/en\/wp-json\/wp\/v2\/product\/18421","targetHints":{"allow":["GET"]}}],"collection":[{"href":"https:\/\/www.libraria-occitana.org\/en\/wp-json\/wp\/v2\/product"}],"about":[{"href":"https:\/\/www.libraria-occitana.org\/en\/wp-json\/wp\/v2\/types\/product"}],"wp:featuredmedia":[{"embeddable":true,"href":"https:\/\/www.libraria-occitana.org\/en\/wp-json\/wp\/v2\/media\/54064"}],"wp:attachment":[{"href":"https:\/\/www.libraria-occitana.org\/en\/wp-json\/wp\/v2\/media?parent=18421"}],"wp:term":[{"taxonomy":"product_brand","embeddable":true,"href":"https:\/\/www.libraria-occitana.org\/en\/wp-json\/wp\/v2\/product_brand?post=18421"},{"taxonomy":"product_cat","embeddable":true,"href":"https:\/\/www.libraria-occitana.org\/en\/wp-json\/wp\/v2\/product_cat?post=18421"},{"taxonomy":"product_tag","embeddable":true,"href":"https:\/\/www.libraria-occitana.org\/en\/wp-json\/wp\/v2\/product_tag?post=18421"}],"curies":[{"name":"wp","href":"https:\/\/api.w.org\/{rel}","templated":true}]}}