{"id":18429,"date":"2007-09-01T10:10:15","date_gmt":"2007-09-01T09:10:15","guid":{"rendered":"http:\/\/www.libraria-occitana.org\/all-products\/vilajalet-villejalet?lang=en"},"modified":"2026-04-15T23:16:39","modified_gmt":"2026-04-15T21:16:39","slug":"vilajalet-villejalet","status":"publish","type":"product","link":"https:\/\/www.libraria-occitana.org\/en\/product\/vilajalet-villejalet\/","title":{"rendered":"Vilajalet &#8211; Villejalet"},"content":{"rendered":"<p>En occitan avec un fort lexique occitan-fran\u00e7ais en fin d\u2019ouvrage.<\/p>\n<p>Villejalet, c\u2019est un petit village du Nontronnais. Comme il y en a tant. Comme il n\u2019y en a plus. Les grands-parents paternels de l\u2019auteur y sont m\u00e9tayers. Il y a la Joann\u00e0, la grand-m\u00e8re, une femme exceptionnelle qui est le liant du livre et pourrait lui donner son nom. Et les autres, famille et voisins. Le grand-p\u00e8re qui sera le premier mort de l\u2019enfant qui le raconte, la mort qui vient \u00e0 son heure\u2026 Le p\u00e8re, le second mort, tout autre, la mort voulue\u2026 Et qui va lui changer sa vie, \u00e0 l\u2019enfant, du domestique pr\u00e9visible faire un professeur.<\/p>\n<p>Le professeur, retraite venue, nous dit ses gens. Dans leur langue. La sienne.<\/p>\n<p><strong>Colleccion \u00ab N\u00f2stre monde \u00bb :<\/strong><br \/>\nNotre monde, nos gens, les n\u00f4tres, chez nous\u2026 Souvenirs, t\u00e9moignages, une bonne tranche de vie, une miette seulement, un \u00e9v\u00e9nement, le quotidien, la personne, la maison, le lignage, tout ce qui fait m\u00e9moire d\u2019\u00eatre humain (mais pourquoi pas le chien, la vache !), de grande allure ou de petite, ce qui finit, eh oui, par faire la m\u00e9moire d\u2019un pays. N\u00f2stre monde en tricotera livres et brochures, pourvu qu\u2019ils aient le ton juste, qu\u2019ils soient n\u00e9cessaires.<\/p>\n","protected":false},"excerpt":{"rendered":"<p>En occitan avec un fort lexique occitan-fran\u00e7ais en fin d\u2019ouvrage. Villejalet, c\u2019est un petit village du Nontronnais. Comme il y en a tant. Comme il n\u2019y en a plus. Les grands-parents paternels de l\u2019auteur y sont m\u00e9tayers. Il y a la Joann\u00e0, la grand-m\u00e8re, une femme exceptionnelle qui est le liant du livre et pourrait [&hellip;]<\/p>\n","protected":false},"featured_media":18430,"template":"","meta":{"_acf_changed":false,"_genesis_hide_title":false,"_genesis_hide_breadcrumbs":false,"_genesis_hide_singular_image":false,"_genesis_hide_footer_widgets":false,"_genesis_custom_body_class":"","_genesis_custom_post_class":"","_genesis_layout":""},"product_brand":[],"product_cat":[7132,7174,7186],"product_tag":[],"class_list":{"0":"post-18429","1":"product","2":"type-product","3":"status-publish","4":"has-post-thumbnail","6":"product_cat-books","7":"product_cat-literature-en","8":"product_cat-personal-narratives-memoirs-en","9":"pa_auteur-reidi-jan-peire-en","10":"pa_editeur-lo-chamin-de-sent-jaume-en","11":"pa_langue-occitan-en","12":"pa_langue-occitan-lemosin-en","13":"entry","15":"first","16":"outofstock","17":"shipping-taxable","18":"purchasable","19":"product-type-simple"},"acf":[],"_links":{"self":[{"href":"https:\/\/www.libraria-occitana.org\/en\/wp-json\/wp\/v2\/product\/18429","targetHints":{"allow":["GET"]}}],"collection":[{"href":"https:\/\/www.libraria-occitana.org\/en\/wp-json\/wp\/v2\/product"}],"about":[{"href":"https:\/\/www.libraria-occitana.org\/en\/wp-json\/wp\/v2\/types\/product"}],"wp:featuredmedia":[{"embeddable":true,"href":"https:\/\/www.libraria-occitana.org\/en\/wp-json\/wp\/v2\/media\/18430"}],"wp:attachment":[{"href":"https:\/\/www.libraria-occitana.org\/en\/wp-json\/wp\/v2\/media?parent=18429"}],"wp:term":[{"taxonomy":"product_brand","embeddable":true,"href":"https:\/\/www.libraria-occitana.org\/en\/wp-json\/wp\/v2\/product_brand?post=18429"},{"taxonomy":"product_cat","embeddable":true,"href":"https:\/\/www.libraria-occitana.org\/en\/wp-json\/wp\/v2\/product_cat?post=18429"},{"taxonomy":"product_tag","embeddable":true,"href":"https:\/\/www.libraria-occitana.org\/en\/wp-json\/wp\/v2\/product_tag?post=18429"}],"curies":[{"name":"wp","href":"https:\/\/api.w.org\/{rel}","templated":true}]}}