{"id":18433,"date":"2007-07-01T09:35:33","date_gmt":"2007-07-01T08:35:33","guid":{"rendered":"http:\/\/www.libraria-occitana.org\/all-products\/ai-tres-omes-a-taula-a-miegjorn-jai-trois-hommes-a-table-a-midi?lang=en"},"modified":"2026-04-29T00:41:26","modified_gmt":"2026-04-28T22:41:26","slug":"ai-tres-omes-a-taula-a-miegjorn-jai-trois-hommes-a-table-a-midi","status":"publish","type":"product","link":"https:\/\/www.libraria-occitana.org\/en\/product\/ai-tres-omes-a-taula-a-miegjorn-jai-trois-hommes-a-table-a-midi\/","title":{"rendered":"Ai tres \u00f2mes a taula, a mi\u00e8gjorn &#8211; J&#8217;ai trois hommes \u00e0 table, \u00e0 midi"},"content":{"rendered":"<p>Ai tres \u00f2mes a taula, a mi\u00e8gjorn &#8211; J&#8217;ai trois hommes \u00e0 table, \u00e0 midi<\/p>\n","protected":false},"excerpt":{"rendered":"<p>Ai tres \u00f2mes a taula, a mi\u00e8gjorn &#8211; J&#8217;ai trois hommes \u00e0 table, \u00e0 midi<\/p>\n","protected":false},"featured_media":36457,"template":"","meta":{"_acf_changed":false,"_genesis_hide_title":false,"_genesis_hide_breadcrumbs":false,"_genesis_hide_singular_image":false,"_genesis_hide_footer_widgets":false,"_genesis_custom_body_class":"","_genesis_custom_post_class":"","_genesis_layout":""},"product_brand":[],"product_cat":[7132,7174,7180],"product_tag":[],"class_list":{"0":"post-18433","1":"product","2":"type-product","3":"status-publish","4":"has-post-thumbnail","6":"product_cat-books","7":"product_cat-literature-en","8":"product_cat-poetry-en","9":"pa_auteur-roqueta-larzac-joan-en","10":"pa_editeur-letras-doc-en","11":"pa_langue-occitan-lengadocian-en","12":"pa_langue-occitan-francais-en","13":"entry","15":"first","16":"instock","17":"shipping-taxable","18":"purchasable","19":"product-type-simple"},"acf":[],"_links":{"self":[{"href":"https:\/\/www.libraria-occitana.org\/en\/wp-json\/wp\/v2\/product\/18433","targetHints":{"allow":["GET"]}}],"collection":[{"href":"https:\/\/www.libraria-occitana.org\/en\/wp-json\/wp\/v2\/product"}],"about":[{"href":"https:\/\/www.libraria-occitana.org\/en\/wp-json\/wp\/v2\/types\/product"}],"wp:featuredmedia":[{"embeddable":true,"href":"https:\/\/www.libraria-occitana.org\/en\/wp-json\/wp\/v2\/media\/36457"}],"wp:attachment":[{"href":"https:\/\/www.libraria-occitana.org\/en\/wp-json\/wp\/v2\/media?parent=18433"}],"wp:term":[{"taxonomy":"product_brand","embeddable":true,"href":"https:\/\/www.libraria-occitana.org\/en\/wp-json\/wp\/v2\/product_brand?post=18433"},{"taxonomy":"product_cat","embeddable":true,"href":"https:\/\/www.libraria-occitana.org\/en\/wp-json\/wp\/v2\/product_cat?post=18433"},{"taxonomy":"product_tag","embeddable":true,"href":"https:\/\/www.libraria-occitana.org\/en\/wp-json\/wp\/v2\/product_tag?post=18433"}],"curies":[{"name":"wp","href":"https:\/\/api.w.org\/{rel}","templated":true}]}}