{"id":18459,"date":"2007-04-01T10:34:44","date_gmt":"2007-04-01T09:34:44","guid":{"rendered":"http:\/\/www.libraria-occitana.org\/all-products\/sentiers-paysans?lang=en"},"modified":"2026-04-29T06:06:18","modified_gmt":"2026-04-29T04:06:18","slug":"sentiers-paysans","status":"publish","type":"product","link":"https:\/\/www.libraria-occitana.org\/en\/product\/sentiers-paysans\/","title":{"rendered":"Sentiers paysans"},"content":{"rendered":"<p>Dans ses chroniques, Jean-Pierre Lacombe, digne h\u00e9ritier de l&#8217;universalit\u00e9 de la parole des troubadours, chantre de la sagesse paysanne, nous entra\u00eene sur les hautes et basses terres du Limousin, pays de sa langue originelle, de son enfance, de sa vie d&#8217;homme de la terre.<\/p>\n<p>Tour \u00e0 tour passionn\u00e9, passionnant, nostalgique, r\u00e9volt\u00e9 parfois, mais toujours lucide avec un sens de la d\u00e9rision et de l&#8217;\u00e0-propos, il a voulu nous faire partager son univers fait de gens, de b\u00eates, d&#8217;arbres et de sources, avec l&#8217;infinie tendresse et la juste sensibilit\u00e9 de sa plume de po\u00e8te. C&#8217;est une ode \u00e0 la terre, un hommage aux personnes aim\u00e9es, une peinture du quotidien charg\u00e9 de sens, de bon sens.<\/p>\n<p>C&#8217;est un hymne \u00e0 la vie.<\/p>\n<p>Corr\u00e9zien, Jean-Pierre Lacombe a cess\u00e9 son activit\u00e9 d&#8217;\u00e9leveur en 2003.<br \/>\nPaysan il est, paysan il restera. C&#8217;est dans cette terre qu&#8217;il aime tant qu&#8217;a germ\u00e9 son d\u00e9sir d&#8217;\u00e9crire, de raconter son pays.<\/p>\n","protected":false},"excerpt":{"rendered":"<p>Dans ses chroniques, Jean-Pierre Lacombe, digne h\u00e9ritier de l&#8217;universalit\u00e9 de la parole des troubadours, chantre de la sagesse paysanne, nous entra\u00eene sur les hautes et basses terres du Limousin, pays de sa langue originelle, de son enfance, de sa vie d&#8217;homme de la terre. Tour \u00e0 tour passionn\u00e9, passionnant, nostalgique, r\u00e9volt\u00e9 parfois, mais toujours lucide [&hellip;]<\/p>\n","protected":false},"featured_media":18460,"template":"","meta":{"_acf_changed":false,"_genesis_hide_title":false,"_genesis_hide_breadcrumbs":false,"_genesis_hide_singular_image":false,"_genesis_hide_footer_widgets":false,"_genesis_custom_body_class":"","_genesis_custom_post_class":"","_genesis_layout":""},"product_brand":[],"product_cat":[7132,7174,7186],"product_tag":[],"class_list":{"0":"post-18459","1":"product","2":"type-product","3":"status-publish","4":"has-post-thumbnail","6":"product_cat-books","7":"product_cat-literature-en","8":"product_cat-personal-narratives-memoirs-en","9":"pa_auteur-lacombe-jean-pierre-fr-en","10":"pa_editeur-cheminements-en","11":"pa_langue-francais-en","12":"entry","14":"first","15":"outofstock","16":"shipping-taxable","17":"purchasable","18":"product-type-simple"},"acf":[],"_links":{"self":[{"href":"https:\/\/www.libraria-occitana.org\/en\/wp-json\/wp\/v2\/product\/18459","targetHints":{"allow":["GET"]}}],"collection":[{"href":"https:\/\/www.libraria-occitana.org\/en\/wp-json\/wp\/v2\/product"}],"about":[{"href":"https:\/\/www.libraria-occitana.org\/en\/wp-json\/wp\/v2\/types\/product"}],"wp:featuredmedia":[{"embeddable":true,"href":"https:\/\/www.libraria-occitana.org\/en\/wp-json\/wp\/v2\/media\/18460"}],"wp:attachment":[{"href":"https:\/\/www.libraria-occitana.org\/en\/wp-json\/wp\/v2\/media?parent=18459"}],"wp:term":[{"taxonomy":"product_brand","embeddable":true,"href":"https:\/\/www.libraria-occitana.org\/en\/wp-json\/wp\/v2\/product_brand?post=18459"},{"taxonomy":"product_cat","embeddable":true,"href":"https:\/\/www.libraria-occitana.org\/en\/wp-json\/wp\/v2\/product_cat?post=18459"},{"taxonomy":"product_tag","embeddable":true,"href":"https:\/\/www.libraria-occitana.org\/en\/wp-json\/wp\/v2\/product_tag?post=18459"}],"curies":[{"name":"wp","href":"https:\/\/api.w.org\/{rel}","templated":true}]}}