{"id":18469,"date":"2007-03-01T16:40:02","date_gmt":"2007-03-01T15:40:02","guid":{"rendered":"http:\/\/www.libraria-occitana.org\/all-products\/1907-les-mutins-de-la-republique-la-revolte-du-midi-viticole?lang=en"},"modified":"2026-04-24T21:56:25","modified_gmt":"2026-04-24T19:56:25","slug":"1907-les-mutins-de-la-republique-la-revolte-du-midi-viticole","status":"publish","type":"product","link":"https:\/\/www.libraria-occitana.org\/en\/product\/1907-les-mutins-de-la-republique-la-revolte-du-midi-viticole\/","title":{"rendered":"1907 Les mutins de la R\u00e9publique : La r\u00e9volte du Midi viticole"},"content":{"rendered":"<p>Mars-juin 1907 : la r\u00e9volte gronde dans le Midi viticole, de Perpignan \u00e0 N\u00eemes.<\/p>\n<p>Des comit\u00e9s de d\u00e9fense viticole se forment, des leaders surgissent, les villes accueillent des centaines de milliers de manifestants, des \u00e9meutes \u00e9clatent, on compte des morts, des maires d\u00e9missionnent. L&#8217;arm\u00e9e est appel\u00e9e \u00e0 la rescousse pour r\u00e9tablir l&#8217;ordre. La r\u00e9gion est pourtant pleinement r\u00e9publicaine, mais elle est pouss\u00e9e au d\u00e9sespoir par la m\u00e9vente du vin. L&#8217;un des r\u00e9giments, le 17e d&#8217;infanterie de B\u00e9ziers (les conscrits viennent du cru), se mutine.<\/p>\n<p>C&#8217;est l&#8217;apog\u00e9e d&#8217;une crise. La France retient son souffle. La sanction tombe : les mutins sont envoy\u00e9s \u00e0 Gafsa, en Tunisie, et Clemenceau r\u00e9tablit le calme. Mais la r\u00e9volte du Midi et la mutinerie du 17e r\u00e9giment sont entr\u00e9es \u00e0 jamais dans la m\u00e9moire collective.<\/p>\n<p>Ce livre retrace le contexte et le d\u00e9roulement de cette page ignor\u00e9e de l&#8217;histoire de France. Sa force tient au choix de mettre \u00e0 l&#8217;honneur la parole des mutins : plusieurs d&#8217;entre eux ont r\u00e9dig\u00e9 \u00e0 chaud des carnets qui font entendre, parfois en occitan, la voix d&#8217;un peuple qui se saisit de son destin.<\/p>\n","protected":false},"excerpt":{"rendered":"<p>Mars-juin 1907 : la r\u00e9volte gronde dans le Midi viticole, de Perpignan \u00e0 N\u00eemes. Des comit\u00e9s de d\u00e9fense viticole se forment, des leaders surgissent, les villes accueillent des centaines de milliers de manifestants, des \u00e9meutes \u00e9clatent, on compte des morts, des maires d\u00e9missionnent. L&#8217;arm\u00e9e est appel\u00e9e \u00e0 la rescousse pour r\u00e9tablir l&#8217;ordre. La r\u00e9gion est [&hellip;]<\/p>\n","protected":false},"featured_media":36470,"template":"","meta":{"_acf_changed":false,"_genesis_hide_title":false,"_genesis_hide_breadcrumbs":false,"_genesis_hide_singular_image":false,"_genesis_hide_footer_widgets":false,"_genesis_custom_body_class":"","_genesis_custom_post_class":"","_genesis_layout":""},"product_brand":[],"product_cat":[7132,7148,7158],"product_tag":[],"class_list":{"0":"post-18469","1":"product","2":"type-product","3":"status-publish","4":"has-post-thumbnail","6":"product_cat-books","7":"product_cat-history-geography-en","8":"product_cat-modern-and-contemporary-history-en","9":"pa_auteur-maurin-jules-en","10":"pa_auteur-pech-remy-en","11":"pa_editeur-privat-en","12":"pa_langue-francais-en","13":"entry","15":"first","16":"outofstock","17":"shipping-taxable","18":"purchasable","19":"product-type-simple"},"acf":[],"_links":{"self":[{"href":"https:\/\/www.libraria-occitana.org\/en\/wp-json\/wp\/v2\/product\/18469","targetHints":{"allow":["GET"]}}],"collection":[{"href":"https:\/\/www.libraria-occitana.org\/en\/wp-json\/wp\/v2\/product"}],"about":[{"href":"https:\/\/www.libraria-occitana.org\/en\/wp-json\/wp\/v2\/types\/product"}],"wp:featuredmedia":[{"embeddable":true,"href":"https:\/\/www.libraria-occitana.org\/en\/wp-json\/wp\/v2\/media\/36470"}],"wp:attachment":[{"href":"https:\/\/www.libraria-occitana.org\/en\/wp-json\/wp\/v2\/media?parent=18469"}],"wp:term":[{"taxonomy":"product_brand","embeddable":true,"href":"https:\/\/www.libraria-occitana.org\/en\/wp-json\/wp\/v2\/product_brand?post=18469"},{"taxonomy":"product_cat","embeddable":true,"href":"https:\/\/www.libraria-occitana.org\/en\/wp-json\/wp\/v2\/product_cat?post=18469"},{"taxonomy":"product_tag","embeddable":true,"href":"https:\/\/www.libraria-occitana.org\/en\/wp-json\/wp\/v2\/product_tag?post=18469"}],"curies":[{"name":"wp","href":"https:\/\/api.w.org\/{rel}","templated":true}]}}