{"id":18475,"date":"2008-09-01T14:43:44","date_gmt":"2008-09-01T13:43:44","guid":{"rendered":"http:\/\/www.libraria-occitana.org\/all-products\/al-son-del-diableton-anthologie-de-laccordeon-traditionnel-occitan-vol-1?lang=en"},"modified":"2026-04-29T05:16:52","modified_gmt":"2026-04-29T03:16:52","slug":"al-son-del-diableton-anthologie-de-laccordeon-traditionnel-occitan-vol-1","status":"publish","type":"product","link":"https:\/\/www.libraria-occitana.org\/en\/product\/al-son-del-diableton-anthologie-de-laccordeon-traditionnel-occitan-vol-1\/","title":{"rendered":"Al son del diableton : Anthologie de l&#8217;accord\u00e9on traditionnel occitan vol. 1"},"content":{"rendered":"<p>Cette collection d\u00e9di\u00e9e \u00e0 l&#8217;accord\u00e9on a pour objet de rassembler sur CD une s\u00e9lection des meilleures enqu\u00eates effectu\u00e9es par l&#8217;association CORDAE\/La Talvera tant au niveau du r\u00e9pertoire que des styles de jeu.<\/p>\n<p>Ce premier volume est particuli\u00e8rement consacr\u00e9 \u00e0 des musiciens de 4 communes situ\u00e9es dans le Parc Naturel R\u00e9gional du Haut Languedoc (Tarn et H\u00e9rault). Outre le fameux accord\u00e9oniste d&#8217;Angl\u00e8s, Marcel Bacou, au r\u00e9pertoire in\u00e9puisable, nous avons choisi de pr\u00e9senter ici quatre de ses amis : Germain Cros et Denis Barrau de La Salvetat-sur-Agout, Pierre Plan\u00e8s de Saint-\u00c9tienne-d&#8217;Albagnan et \u00c9milien Gleizes de Condades (commune de Riols).<\/p>\n<p>CD livre (36 pages) richement illustr\u00e9 &#8211; 46 airs \u00e0 danser !<\/p>\n<p><strong>Titres :<\/strong><br \/>\n1. P\u00f2lc\u00e0 ronda (Polka ronde) \/ Marcel Bacou 1&#8217;39<br \/>\n2. Escoticha simpla (Scottish simple) \/ Marcel Bacou 1&#8217;27<br \/>\n3. Arrestatz que beurem un c\u00f2p (Arr\u00eatez: nous boirons un coup) \/ Marcel Bacou 1&#8217;07<br \/>\n4. La paura ma maire (Ma pauvre m\u00e8re) [Valse] \/ Marcel Bacou 1&#8217;17<br \/>\n5. Butavam \/ Marcel Bacou 1&#8217;26<br \/>\n6. Lo penon (Le petit pied) [Polka piqu\u00e9e] \/ Marcel Bacou 1&#8217;02<br \/>\n7. Escoticha chalopada (Scottish chaloup\u00e9e) \/ Marcel Bacou 1&#8217;06<br \/>\n8. Mazurka \/ Marcel Bacou 1&#8217;22<br \/>\n9. Valsa d&#8217;Angles (Valse d&#8217;Angl\u00e8s) \/ Marcel Bacou 1&#8217;27<br \/>\n10. Lo virolet \/ Marcel Bacou 0&#8217;50<br \/>\n11. La bufati\u00e8ra (Danse des soufflets) \/ Marcel Bacou 1&#8217;28<br \/>\n12. Escoticha valsa (Scottish valse) \/ Marcel Bacou 2&#8217;24<br \/>\n13. P\u00f2lc\u00e0 ronda (Polka ronde) \/ Marcel Bacou 0&#8217;48<br \/>\n14. P\u00f2lc\u00e0 ronda (Polka ronde) \/ Marcel Bacou 0&#8217;38<br \/>\n15. Masurc\u00e0 (Mazurka) \/ Marcel Bacou 1&#8217;19<br \/>\n16. Venez entendre le courage \/ Marcel Bacou 1&#8217;05<br \/>\n17. Tira l&#8217;ase (Tire l&#8217;\u00e2ne) \/ Marcel Bacou 1&#8217;36<br \/>\n18. Lo revelhon \/ Marcel Bacou 1&#8217;38<br \/>\n19. Quand lo m\u00e8rle sauta al prat (Quand le merle saute au pr\u00e9) [Polka] \/ Marcel Bacou 1&#8217;09<br \/>\n20. Mon p\u00e8re avait cinq cent moutons (Valse) \/ Marcel Bacou 0&#8217;55<br \/>\n21. Esc\u00f2ticha simpla (Scottish simple) \/ Marcel Bacou 1&#8217;27<br \/>\n22. Le plus beau refrain de la vie (Valse) \/ Marcel Bacou 2&#8217;00<br \/>\n23. Las trilhas (Les treilles) \/ Germain Cros 1&#8217;04<br \/>\n24. Tesson te v\u00f2li pas vendre (Cochon, je ne veux pas te vendre) [Polka piqu\u00e9e] \/ Germain Cros 0&#8217;57<br \/>\n25. Escoticha simpla (Scottish simple) \/ Germain Cros 1&#8217;22<br \/>\n26. Butavam \/ Germain Cros 0&#8217;42<br \/>\n27. Valsa (Valse) \/ Germain Cros 1&#8217;10<br \/>\n28. P\u00f2lc\u00e0 ronda (Polka ronde) \/ Germain Cros 1&#8217;16<br \/>\n29. Escoticha simpla (Scottish simple) \/ \u00c9milien Gleizes 1&#8217;51<br \/>\n30. P\u00f2lc\u00e0 ronda (Polka ronde) \/ \u00c9milien Gleizes 1&#8217;28<br \/>\n31. Lo curarem l&#8217;escl\u00f2p (Nous creusons le sabot) \/ \u00c9milien Gleizes 0&#8217;55<br \/>\n32. Lo curarem l&#8217;escl\u00f2p (Nous creusons le sabot) \/ Denis Barrau 1&#8217;56<br \/>\n33. Escoticha simpla (Scottish simple) \/ Denis Barrau 1&#8217;11<br \/>\n34. Butavam \/ Denis Barrau 1&#8217;46<br \/>\n35. Escoticha valsa (Scottish valse) \/ Denis Barrau 2&#8217;09<br \/>\n36. Tesson te v\u00f2li pas vendre (Cochon, je ne veux pas te vendre) [Polka piqu\u00e9e] \/ Denis Barrau 1&#8217;37<br \/>\n37. La giga (La gigue) \/ Denis Barrau 0&#8217;57<br \/>\n38. Escoticha simpla (Scottish simple) \/ Denis Barrau 2&#8217;05<br \/>\n39. La grimaci\u00e8ira (Danse des grimaces) \/ Denis Barrau 1&#8217;10<br \/>\n40. P\u00f2lc\u00e0 (Polka) \/ Denis Barrau 2&#8217;07<br \/>\n41. Escoticha simpla (Scottish simple) \/ Pierre Plan\u00e8s 1&#8217;12<br \/>\n42. Masurc\u00e0 (Mazurka) \/ Pierre Plan\u00e8s 1&#8217;17<br \/>\n43. P\u00f2lc\u00e0 ronda (Polka ronde) \/ Pierre Plan\u00e8s 2&#8217;06<br \/>\n44. Escoticha valsa (Scottish valse) \/ Pierre Plan\u00e8s 1&#8217;47<br \/>\n45. Clic clac me&#8217;n vau a la fi\u00e8ira (Clic clac je m&#8217;en vais \u00e0 la foire) [Polka piqu\u00e9e] \/ Pierre Plan\u00e8s 1&#8217;19<br \/>\n46. Escoticha simpla (Scottish simple) \/ Pierre Plan\u00e8s 1&#8217;34<\/p>\n","protected":false},"excerpt":{"rendered":"<p>Cette collection d\u00e9di\u00e9e \u00e0 l&#8217;accord\u00e9on a pour objet de rassembler sur CD une s\u00e9lection des meilleures enqu\u00eates effectu\u00e9es par l&#8217;association CORDAE\/La Talvera tant au niveau du r\u00e9pertoire que des styles de jeu. Ce premier volume est particuli\u00e8rement consacr\u00e9 \u00e0 des musiciens de 4 communes situ\u00e9es dans le Parc Naturel R\u00e9gional du Haut Languedoc (Tarn et [&hellip;]<\/p>\n","protected":false},"featured_media":18476,"template":"","meta":{"_acf_changed":false,"_genesis_hide_title":false,"_genesis_hide_breadcrumbs":false,"_genesis_hide_singular_image":false,"_genesis_hide_footer_widgets":false,"_genesis_custom_body_class":"","_genesis_custom_post_class":"","_genesis_layout":""},"product_brand":[],"product_cat":[7236,7216],"product_tag":[],"class_list":{"0":"post-18475","1":"product","2":"type-product","3":"status-publish","4":"has-post-thumbnail","6":"product_cat-folk-en","7":"product_cat-music-en","8":"pa_auteur-collectiu-en-2","9":"pa_editeur-cordae-la-talvera-en","10":"pa_langue-francais-en","11":"pa_langue-occitan-en","12":"pa_langue-occitan-lengadocian-en","13":"entry","15":"first","16":"instock","17":"shipping-taxable","18":"purchasable","19":"product-type-simple"},"acf":[],"_links":{"self":[{"href":"https:\/\/www.libraria-occitana.org\/en\/wp-json\/wp\/v2\/product\/18475","targetHints":{"allow":["GET"]}}],"collection":[{"href":"https:\/\/www.libraria-occitana.org\/en\/wp-json\/wp\/v2\/product"}],"about":[{"href":"https:\/\/www.libraria-occitana.org\/en\/wp-json\/wp\/v2\/types\/product"}],"wp:featuredmedia":[{"embeddable":true,"href":"https:\/\/www.libraria-occitana.org\/en\/wp-json\/wp\/v2\/media\/18476"}],"wp:attachment":[{"href":"https:\/\/www.libraria-occitana.org\/en\/wp-json\/wp\/v2\/media?parent=18475"}],"wp:term":[{"taxonomy":"product_brand","embeddable":true,"href":"https:\/\/www.libraria-occitana.org\/en\/wp-json\/wp\/v2\/product_brand?post=18475"},{"taxonomy":"product_cat","embeddable":true,"href":"https:\/\/www.libraria-occitana.org\/en\/wp-json\/wp\/v2\/product_cat?post=18475"},{"taxonomy":"product_tag","embeddable":true,"href":"https:\/\/www.libraria-occitana.org\/en\/wp-json\/wp\/v2\/product_tag?post=18475"}],"curies":[{"name":"wp","href":"https:\/\/api.w.org\/{rel}","templated":true}]}}