{"id":18483,"date":"2008-07-01T18:23:05","date_gmt":"2008-07-01T16:23:05","guid":{"rendered":"http:\/\/www.libraria-occitana.org\/all-products\/la-vallee-enluminee-une-enfance-noyee?lang=en"},"modified":"2026-04-15T23:36:58","modified_gmt":"2026-04-15T21:36:58","slug":"la-vallee-enluminee-une-enfance-noyee","status":"publish","type":"product","link":"https:\/\/www.libraria-occitana.org\/en\/product\/la-vallee-enluminee-une-enfance-noyee\/","title":{"rendered":"La vall\u00e9e enlumin\u00e9e : Une enfance noy\u00e9e"},"content":{"rendered":"<p>La fillette coulait des jours heureux et insouciants sur les bords de la Dordogne, quand la maison de son enfance disparut devant la mont\u00e9e des eaux d\u2019un barrage.<\/p>\n<p>C\u2019est l\u2019histoire de Ginette Aubert qui, pour exorciser ce pass\u00e9 douloureux, enlumine par la gr\u00e2ce de son pinceau, les souvenirs d\u2019un temps et de lieux \u00e0 jamais perdus. Des images pleines de vie et de gaiet\u00e9 pour ne pas pleurer.<\/p>\n<p>Ginette Aubert est un peintre dont la r\u00e9putation locale et nationale n\u2019est plus \u00e0 faire. Elle expose tous les ans dans de nombreuses galeries, et notamment \u00e0 la Chapelle Lizet (Salers), qui r\u00e9unit de grands peintres contemporains. Ses \u0153uvres sont expos\u00e9es au Mus\u00e9e d\u2019art brut de Lapalisse.<\/p>\n<p>Tous ses tableaux sont comme des miniatures, joyeuses, color\u00e9es et sublim\u00e9es de cette enfance enfouie. Mis en page de fa\u00e7on tr\u00e8s vivante, et accompagn\u00e9s des t\u00e9moignages de l\u2019auteur, \u00e9crits et recueillis oralement, ils constituent une vraie m\u00e9moire de cette vall\u00e9e, avant\u2026<\/p>\n<p>L&#8217;ouvrage se termine par une \u00e9tude de Marie-France Houdart sur l&#8217;histoire de la vall\u00e9e et, \u00e0 partir de documents d&#8217;archives et t\u00e9moignages, sur l&#8217;impact humain de la construction des barrages, v\u00e9cue par une fillette d&#8217;une famille expropri\u00e9e.<\/p>\n","protected":false},"excerpt":{"rendered":"<p>La fillette coulait des jours heureux et insouciants sur les bords de la Dordogne, quand la maison de son enfance disparut devant la mont\u00e9e des eaux d\u2019un barrage. C\u2019est l\u2019histoire de Ginette Aubert qui, pour exorciser ce pass\u00e9 douloureux, enlumine par la gr\u00e2ce de son pinceau, les souvenirs d\u2019un temps et de lieux \u00e0 jamais [&hellip;]<\/p>\n","protected":false},"featured_media":18484,"template":"","meta":{"_acf_changed":false,"_genesis_hide_title":false,"_genesis_hide_breadcrumbs":false,"_genesis_hide_singular_image":false,"_genesis_hide_footer_widgets":false,"_genesis_custom_body_class":"","_genesis_custom_post_class":"","_genesis_layout":""},"product_brand":[],"product_cat":[7134,7132],"product_tag":[],"class_list":{"0":"post-18483","1":"product","2":"type-product","3":"status-publish","4":"has-post-thumbnail","6":"product_cat-arts-en","7":"product_cat-books","8":"pa_auteur-aubert-ginette-fr-en","9":"pa_auteur-houdart-marie-france-en","10":"pa_editeur-maiade-en","11":"pa_langue-francais-en","12":"entry","14":"first","15":"instock","16":"shipping-taxable","17":"purchasable","18":"product-type-simple"},"acf":[],"_links":{"self":[{"href":"https:\/\/www.libraria-occitana.org\/en\/wp-json\/wp\/v2\/product\/18483","targetHints":{"allow":["GET"]}}],"collection":[{"href":"https:\/\/www.libraria-occitana.org\/en\/wp-json\/wp\/v2\/product"}],"about":[{"href":"https:\/\/www.libraria-occitana.org\/en\/wp-json\/wp\/v2\/types\/product"}],"wp:featuredmedia":[{"embeddable":true,"href":"https:\/\/www.libraria-occitana.org\/en\/wp-json\/wp\/v2\/media\/18484"}],"wp:attachment":[{"href":"https:\/\/www.libraria-occitana.org\/en\/wp-json\/wp\/v2\/media?parent=18483"}],"wp:term":[{"taxonomy":"product_brand","embeddable":true,"href":"https:\/\/www.libraria-occitana.org\/en\/wp-json\/wp\/v2\/product_brand?post=18483"},{"taxonomy":"product_cat","embeddable":true,"href":"https:\/\/www.libraria-occitana.org\/en\/wp-json\/wp\/v2\/product_cat?post=18483"},{"taxonomy":"product_tag","embeddable":true,"href":"https:\/\/www.libraria-occitana.org\/en\/wp-json\/wp\/v2\/product_tag?post=18483"}],"curies":[{"name":"wp","href":"https:\/\/api.w.org\/{rel}","templated":true}]}}