{"id":18519,"date":"2008-02-01T17:37:09","date_gmt":"2008-02-01T16:37:09","guid":{"rendered":"http:\/\/www.libraria-occitana.org\/all-products\/arbres-de-mai-mai-de-lelue?lang=en"},"modified":"2026-04-22T00:46:38","modified_gmt":"2026-04-21T22:46:38","slug":"arbres-de-mai-mai-de-lelue","status":"publish","type":"product","link":"https:\/\/www.libraria-occitana.org\/en\/product\/arbres-de-mai-mai-de-lelue\/","title":{"rendered":"Arbres de Mai, Mai de l&#8217;\u00e9lu(e)"},"content":{"rendered":"<p>D&#8217;o\u00f9 vient qu&#8217;en Corr\u00e8ze et dans une grande partie des terres du sud, on plante toujours, pour honorer les nouveaux \u00e9lus, un arbre \u00e9branch\u00e9 d\u00e9cor\u00e9 d&#8217;un drapeau, un \u00ab mai \u00bb ?<\/p>\n<p>Et d&#8217;o\u00f9 vient qu&#8217;en Lorraine et dans une grande partie des terres du nord, on plantait hier, dans la nuit du 1er mai, un arbre \u00e9branch\u00e9 d\u00e9cor\u00e9 d&#8217;un bouquet, un \u00ab mai \u00bb, devant la maison des jeunes filles ?<\/p>\n<p>Pourquoi ? Depuis quand ? Et quel rapport ?<\/p>\n<p>Pour r\u00e9pondre \u00e0 ces questions, c&#8217;est \u00e0 un grand voyage que vous entra\u00eene Marie-France Houdart. Avec elle, vous retournerez aux \u00e9poques lointaines d&#8217;avant m\u00eame l&#8217;agriculture, puis, aux temps de Babylone, de la Bible, des Grecs, des Celtes&#8230; Et vous verrez que, partout l&#8217;arbre est respect\u00e9, c\u00e9l\u00e9br\u00e9 : arbre de la connaissance, rameau des initi\u00e9s, sceptre des rois, arbre de No\u00ebl, de la Libert\u00e9&#8230; Les anciens savaient pourquoi : unissant le ciel et la terre de sa cime \u00e0 ses racines, reverdissant chaque printemps comme le signe que tout se renouvelle, la vie, l&#8217;amour, le pouvoir&#8230; permettant tout simplement la vie, il est potentiellement immortel (comme disent aussi les biologistes). Les hommes ont besoin des arbres, les arbres n&#8217;ont pas besoin des hommes.<\/p>\n<p>L&#8217;arbre, on le sait, reste aujourd&#8217;hui l&#8217;espoir de notre plan\u00e8te. \u00c9coutons-le, il a autorit\u00e9. C\u00e9l\u00e9brons-le, il est la vie. C&#8217;est ce que font depuis toujours les hommes quand ils plantent l&#8217;arbre de mai, pour les filles, pour les rois ou pour les \u00e9lus, ou bien pour c\u00e9l\u00e9brer tout ce qui doit l&#8217;\u00eatre.<\/p>\n<p>Alors, quand vous aurez lu ce livre, vous ne regarderez plus jamais les arbres de la m\u00eame fa\u00e7on. Levez la t\u00eate. Dans les feuillages, vos anc\u00eatres veillent.<\/p>\n","protected":false},"excerpt":{"rendered":"<p>D&#8217;o\u00f9 vient qu&#8217;en Corr\u00e8ze et dans une grande partie des terres du sud, on plante toujours, pour honorer les nouveaux \u00e9lus, un arbre \u00e9branch\u00e9 d\u00e9cor\u00e9 d&#8217;un drapeau, un \u00ab mai \u00bb ? Et d&#8217;o\u00f9 vient qu&#8217;en Lorraine et dans une grande partie des terres du nord, on plantait hier, dans la nuit du 1er mai, [&hellip;]<\/p>\n","protected":false},"featured_media":36445,"template":"","meta":{"_acf_changed":false,"_genesis_hide_title":false,"_genesis_hide_breadcrumbs":false,"_genesis_hide_singular_image":false,"_genesis_hide_footer_widgets":false,"_genesis_custom_body_class":"","_genesis_custom_post_class":"","_genesis_layout":""},"product_brand":[],"product_cat":[7132,7208,7206],"product_tag":[],"class_list":{"0":"post-18519","1":"product","2":"type-product","3":"status-publish","4":"has-post-thumbnail","6":"product_cat-books","7":"product_cat-customs-rites-and-beliefs-en","8":"product_cat-traditions-heritage-en","9":"pa_auteur-houdart-marie-france-en","10":"pa_editeur-maiade-en","11":"pa_langue-francais-en","12":"entry","14":"first","15":"instock","16":"shipping-taxable","17":"purchasable","18":"product-type-simple"},"acf":[],"_links":{"self":[{"href":"https:\/\/www.libraria-occitana.org\/en\/wp-json\/wp\/v2\/product\/18519","targetHints":{"allow":["GET"]}}],"collection":[{"href":"https:\/\/www.libraria-occitana.org\/en\/wp-json\/wp\/v2\/product"}],"about":[{"href":"https:\/\/www.libraria-occitana.org\/en\/wp-json\/wp\/v2\/types\/product"}],"wp:featuredmedia":[{"embeddable":true,"href":"https:\/\/www.libraria-occitana.org\/en\/wp-json\/wp\/v2\/media\/36445"}],"wp:attachment":[{"href":"https:\/\/www.libraria-occitana.org\/en\/wp-json\/wp\/v2\/media?parent=18519"}],"wp:term":[{"taxonomy":"product_brand","embeddable":true,"href":"https:\/\/www.libraria-occitana.org\/en\/wp-json\/wp\/v2\/product_brand?post=18519"},{"taxonomy":"product_cat","embeddable":true,"href":"https:\/\/www.libraria-occitana.org\/en\/wp-json\/wp\/v2\/product_cat?post=18519"},{"taxonomy":"product_tag","embeddable":true,"href":"https:\/\/www.libraria-occitana.org\/en\/wp-json\/wp\/v2\/product_tag?post=18519"}],"curies":[{"name":"wp","href":"https:\/\/api.w.org\/{rel}","templated":true}]}}