{"id":18529,"date":"2008-02-01T09:13:10","date_gmt":"2008-02-01T08:13:10","guid":{"rendered":"http:\/\/www.libraria-occitana.org\/all-products\/atlas-des-minorites-dans-le-monde-panorama-des-identites-ethniques-et-culturelles?lang=en"},"modified":"2026-04-25T22:06:39","modified_gmt":"2026-04-25T20:06:39","slug":"atlas-des-minorites-dans-le-monde-panorama-des-identites-ethniques-et-culturelles","status":"publish","type":"product","link":"https:\/\/www.libraria-occitana.org\/en\/product\/atlas-des-minorites-dans-le-monde-panorama-des-identites-ethniques-et-culturelles\/","title":{"rendered":"Atlas des minorit\u00e9s dans le monde : Panorama des identit\u00e9s ethniques et culturelles"},"content":{"rendered":"<p>Nana\u00ef, Kachin, Bedja, Tigr\u00e9, Quechua, Papous&#8230; Autant de noms de peuples qui t\u00e9moignent de la diversit\u00e9 de notre humanit\u00e9.<\/p>\n<p>Quelles sont les minorit\u00e9s qui diff\u00e8rent num\u00e9riquement ou socialement de la majorit\u00e9 dominante ? Quels sont leurs droits ? Sont-elles reconnues sur le plan politique, culturel ? Leurs langues sont-elles transmises, enseign\u00e9es ?<br \/>\nModes de vie li\u00e9s \u00e0 un milieu particulier, origine g\u00e9ographique ext\u00e9rieure, traits physiques sp\u00e9cifiques, appartenances linguistiques, religieuses ou coutumes sociales propres : tous tes caract\u00e8res sp\u00e9cifiques personnalisant ces groupes humains sont ici observ\u00e9s et d\u00e9crypt\u00e9s.<\/p>\n<p>Cet atlas nous permet d&#8217;approcher, continent par continent (Asie, Monde arabe, Afrique sub-saharienne, Am\u00e9rique, Oc\u00e9anie), puis \u00c9tat par \u00c9tat, l&#8217;inimaginable diversit\u00e9 ethnique, religieuse, culturelle, linguistique de notre humanit\u00e9.<br \/>\nIl poursuit ainsi le travail commenc\u00e9 par l&#8217;<em>Atlas des minorit\u00e9s en Europe, De l&#8217;Atlantique \u00e0 l&#8217;Oural<\/em>, diversit\u00e9 culturelle, dirig\u00e9 par Yves Plasseraud.<br \/>\n\u00c0 l&#8217;heure o\u00f9, apr\u00e8s plus de vingt ans de d\u00e9bats, l&#8217;ONU vient d&#8217;adopter la D\u00e9claration sur les droits des peuples autochtones, cet atlas permet de comprendre les enjeux li\u00e9s \u00e0 la diversit\u00e9 humaine et \u00e0 l&#8217;identit\u00e9 de chacun et met en lumi\u00e8re ce ph\u00e9nom\u00e8ne profond et si g\u00e9n\u00e9ral qui est malheureusement encore loin d&#8217;\u00eatre reconnu par tous les \u00c9tats.<\/p>\n","protected":false},"excerpt":{"rendered":"<p>Nana\u00ef, Kachin, Bedja, Tigr\u00e9, Quechua, Papous&#8230; Autant de noms de peuples qui t\u00e9moignent de la diversit\u00e9 de notre humanit\u00e9. Quelles sont les minorit\u00e9s qui diff\u00e8rent num\u00e9riquement ou socialement de la majorit\u00e9 dominante ? Quels sont leurs droits ? Sont-elles reconnues sur le plan politique, culturel ? Leurs langues sont-elles transmises, enseign\u00e9es ? Modes de vie [&hellip;]<\/p>\n","protected":false},"featured_media":36448,"template":"","meta":{"_acf_changed":false,"_genesis_hide_title":false,"_genesis_hide_breadcrumbs":false,"_genesis_hide_singular_image":false,"_genesis_hide_footer_widgets":false,"_genesis_custom_body_class":"","_genesis_custom_post_class":"","_genesis_layout":""},"product_brand":[],"product_cat":[7132,7152,7148],"product_tag":[],"class_list":{"0":"post-18529","1":"product","2":"type-product","3":"status-publish","4":"has-post-thumbnail","6":"product_cat-books","7":"product_cat-geography-en","8":"product_cat-history-geography-en","9":"pa_auteur-breton-roland-en","10":"pa_editeur-autrement-en","11":"pa_illustrateur-suss-cyrille-en","12":"pa_langue-francais-en","13":"entry","15":"first","16":"instock","17":"shipping-taxable","18":"purchasable","19":"product-type-simple"},"acf":[],"_links":{"self":[{"href":"https:\/\/www.libraria-occitana.org\/en\/wp-json\/wp\/v2\/product\/18529","targetHints":{"allow":["GET"]}}],"collection":[{"href":"https:\/\/www.libraria-occitana.org\/en\/wp-json\/wp\/v2\/product"}],"about":[{"href":"https:\/\/www.libraria-occitana.org\/en\/wp-json\/wp\/v2\/types\/product"}],"wp:featuredmedia":[{"embeddable":true,"href":"https:\/\/www.libraria-occitana.org\/en\/wp-json\/wp\/v2\/media\/36448"}],"wp:attachment":[{"href":"https:\/\/www.libraria-occitana.org\/en\/wp-json\/wp\/v2\/media?parent=18529"}],"wp:term":[{"taxonomy":"product_brand","embeddable":true,"href":"https:\/\/www.libraria-occitana.org\/en\/wp-json\/wp\/v2\/product_brand?post=18529"},{"taxonomy":"product_cat","embeddable":true,"href":"https:\/\/www.libraria-occitana.org\/en\/wp-json\/wp\/v2\/product_cat?post=18529"},{"taxonomy":"product_tag","embeddable":true,"href":"https:\/\/www.libraria-occitana.org\/en\/wp-json\/wp\/v2\/product_tag?post=18529"}],"curies":[{"name":"wp","href":"https:\/\/api.w.org\/{rel}","templated":true}]}}