{"id":18539,"date":"2008-01-01T15:21:31","date_gmt":"2008-01-01T14:21:31","guid":{"rendered":"http:\/\/www.libraria-occitana.org\/all-products\/mas-si-chantavas-la-vita-2?lang=en"},"modified":"2026-04-18T02:07:01","modified_gmt":"2026-04-18T00:07:01","slug":"mas-si-chantavas-la-vita-2","status":"publish","type":"product","link":"https:\/\/www.libraria-occitana.org\/en\/product\/mas-si-chantavas-la-vita-2\/","title":{"rendered":"Mas si chantavas la vita&#8230;"},"content":{"rendered":"<p>Quatorze chansons en occitan de Jan dau Melhau.<br \/>\nLe livret contient les pr\u00e9sentations en fran\u00e7ais que le chanteur fait en spectacle.<\/p>\n<p>Retrouvez l&#8217;\u00e9dition d&#8217;ensemble des textes, traductions et partitions dans le recueil <a title=\"Mas si chantavas la vita\u2026\" href=\"http:\/\/www.libraria-occitana.org\/all-products\/mas-si-chantavas-la-vita\"><em>Mas si chantavas la vita<\/em><\/a> aux \u00e9ditions Lo Chamin de Sent Jaume.<\/p>\n<p><strong>Titres :<\/strong><br \/>\n1. Mas si chantavas la vita&#8230;<br \/>\n2. La valsa dau betum<br \/>\n3. La granda passejada<br \/>\n4. Ieu que volia &#8216;nar en degun luec<br \/>\n5. Se<br \/>\n6. Casqueta que beret<br \/>\n7. Que vuelha mas \u00e7\u00f2 que voletz<br \/>\n8. La valsa de 68<br \/>\n9. Las t\u00f2rnas<br \/>\n10. Lonh que pr\u00e8s o de la bona distancia<br \/>\n11. Chan\u00e7on d&#8217;aguilanu\u00f2u<br \/>\n12. Ai vist se perdre un vilatge<br \/>\n13. La chan\u00e7on daus bruchs<br \/>\n14. Chan\u00e7on dau temps<\/p>\n<p><strong>La granda passejada<\/strong><br \/>\n<audio class=\"wp-audio-shortcode\" id=\"audio-18539-1\" preload=\"none\" style=\"width: 100%;\" controls=\"controls\"><source type=\"audio\/mpeg\" src=\"https:\/\/www.libraria-occitana.org\/wp-content\/uploads\/2015\/05\/Jan-Dau-Melhau-Extrait-1.mp3?_=1\" \/><a href=\"https:\/\/www.libraria-occitana.org\/wp-content\/uploads\/2015\/05\/Jan-Dau-Melhau-Extrait-1.mp3\">https:\/\/www.libraria-occitana.org\/wp-content\/uploads\/2015\/05\/Jan-Dau-Melhau-Extrait-1.mp3<\/a><\/audio><br \/>\n<strong>Casqueta que beret<\/strong><br \/>\n<audio class=\"wp-audio-shortcode\" id=\"audio-18539-2\" preload=\"none\" style=\"width: 100%;\" controls=\"controls\"><source type=\"audio\/mpeg\" src=\"https:\/\/www.libraria-occitana.org\/wp-content\/uploads\/2015\/05\/Jan-Dau-Melhau-Extrait-2.mp3?_=2\" \/><a href=\"https:\/\/www.libraria-occitana.org\/wp-content\/uploads\/2015\/05\/Jan-Dau-Melhau-Extrait-2.mp3\">https:\/\/www.libraria-occitana.org\/wp-content\/uploads\/2015\/05\/Jan-Dau-Melhau-Extrait-2.mp3<\/a><\/audio><br \/>\n<strong>La valsa de 68<\/strong><br \/>\n<audio class=\"wp-audio-shortcode\" id=\"audio-18539-3\" preload=\"none\" style=\"width: 100%;\" controls=\"controls\"><source type=\"audio\/mpeg\" src=\"https:\/\/www.libraria-occitana.org\/wp-content\/uploads\/2015\/05\/Artiste-de-la-piste-Piste-8.mp3?_=3\" \/><a href=\"https:\/\/www.libraria-occitana.org\/wp-content\/uploads\/2015\/05\/Artiste-de-la-piste-Piste-8.mp3\">https:\/\/www.libraria-occitana.org\/wp-content\/uploads\/2015\/05\/Artiste-de-la-piste-Piste-8.mp3<\/a><\/audio><\/p>\n","protected":false},"excerpt":{"rendered":"<p>Quatorze chansons en occitan de Jan dau Melhau. Le livret contient les pr\u00e9sentations en fran\u00e7ais que le chanteur fait en spectacle. Retrouvez l&#8217;\u00e9dition d&#8217;ensemble des textes, traductions et partitions dans le recueil Mas si chantavas la vita aux \u00e9ditions Lo Chamin de Sent Jaume. Titres : 1. Mas si chantavas la vita&#8230; 2. La valsa [&hellip;]<\/p>\n","protected":false},"featured_media":18540,"template":"","meta":{"_acf_changed":false,"_genesis_hide_title":false,"_genesis_hide_breadcrumbs":false,"_genesis_hide_singular_image":false,"_genesis_hide_footer_widgets":false,"_genesis_custom_body_class":"","_genesis_custom_post_class":"","_genesis_layout":""},"product_brand":[],"product_cat":[7216,7218],"product_tag":[],"class_list":{"0":"post-18539","1":"product","2":"type-product","3":"status-publish","4":"has-post-thumbnail","6":"product_cat-music-en","7":"product_cat-voice-en","8":"pa_auteur-melhau-jan-dau-fr-en","9":"pa_editeur-la-voix-des-sirenes-en","10":"pa_langue-occitan-en","11":"pa_langue-occitan-lemosin-en","12":"entry","14":"first","15":"outofstock","16":"shipping-taxable","17":"purchasable","18":"product-type-simple"},"acf":[],"_links":{"self":[{"href":"https:\/\/www.libraria-occitana.org\/en\/wp-json\/wp\/v2\/product\/18539","targetHints":{"allow":["GET"]}}],"collection":[{"href":"https:\/\/www.libraria-occitana.org\/en\/wp-json\/wp\/v2\/product"}],"about":[{"href":"https:\/\/www.libraria-occitana.org\/en\/wp-json\/wp\/v2\/types\/product"}],"wp:featuredmedia":[{"embeddable":true,"href":"https:\/\/www.libraria-occitana.org\/en\/wp-json\/wp\/v2\/media\/18540"}],"wp:attachment":[{"href":"https:\/\/www.libraria-occitana.org\/en\/wp-json\/wp\/v2\/media?parent=18539"}],"wp:term":[{"taxonomy":"product_brand","embeddable":true,"href":"https:\/\/www.libraria-occitana.org\/en\/wp-json\/wp\/v2\/product_brand?post=18539"},{"taxonomy":"product_cat","embeddable":true,"href":"https:\/\/www.libraria-occitana.org\/en\/wp-json\/wp\/v2\/product_cat?post=18539"},{"taxonomy":"product_tag","embeddable":true,"href":"https:\/\/www.libraria-occitana.org\/en\/wp-json\/wp\/v2\/product_tag?post=18539"}],"curies":[{"name":"wp","href":"https:\/\/api.w.org\/{rel}","templated":true}]}}