{"id":18555,"date":"2008-01-01T12:48:40","date_gmt":"2008-01-01T11:48:40","guid":{"rendered":"http:\/\/www.libraria-occitana.org\/all-products\/chabatz-dentrar-libre-cd?lang=en"},"modified":"2026-04-29T03:26:17","modified_gmt":"2026-04-29T01:26:17","slug":"chabatz-dentrar-libre-cd","status":"publish","type":"product","link":"https:\/\/www.libraria-occitana.org\/en\/product\/chabatz-dentrar-libre-cd\/","title":{"rendered":"Chabatz d&#8217;entrar (libre + CD)"},"content":{"rendered":"<p>Un petit livre issu d&#8217;un travail p\u00e9dagogique avec les \u00e9l\u00e8ves de Calandreta lemosina.<br \/>\nDes intrigues polici\u00e8res dans la ville de Limoges. \u00c9crit et lu par les Calandrons.<\/p>\n","protected":false},"excerpt":{"rendered":"<p>Un petit livre issu d&#8217;un travail p\u00e9dagogique avec les \u00e9l\u00e8ves de Calandreta lemosina. Des intrigues polici\u00e8res dans la ville de Limoges. \u00c9crit et lu par les Calandrons.<\/p>\n","protected":false},"featured_media":18556,"template":"","meta":{"_acf_changed":false,"_genesis_hide_title":false,"_genesis_hide_breadcrumbs":false,"_genesis_hide_singular_image":false,"_genesis_hide_footer_widgets":false,"_genesis_custom_body_class":"","_genesis_custom_post_class":"","_genesis_layout":""},"product_brand":[],"product_cat":[7132,7170,7164],"product_tag":[],"class_list":{"0":"post-18555","1":"product","2":"type-product","3":"status-publish","4":"has-post-thumbnail","6":"product_cat-books","7":"product_cat-juvenile-en","8":"product_cat-juvenile-and-teen-comics-humour-en","9":"pa_auteur-escola-calandreta-lemosina-fr-en","10":"pa_editeur-escola-calandreta-lemosina-fr-2-en","11":"pa_langue-occitan-lemosin-en","12":"pa_langue-occitan-francais-en","13":"entry","15":"first","16":"instock","17":"shipping-taxable","18":"purchasable","19":"product-type-simple"},"acf":[],"_links":{"self":[{"href":"https:\/\/www.libraria-occitana.org\/en\/wp-json\/wp\/v2\/product\/18555","targetHints":{"allow":["GET"]}}],"collection":[{"href":"https:\/\/www.libraria-occitana.org\/en\/wp-json\/wp\/v2\/product"}],"about":[{"href":"https:\/\/www.libraria-occitana.org\/en\/wp-json\/wp\/v2\/types\/product"}],"wp:featuredmedia":[{"embeddable":true,"href":"https:\/\/www.libraria-occitana.org\/en\/wp-json\/wp\/v2\/media\/18556"}],"wp:attachment":[{"href":"https:\/\/www.libraria-occitana.org\/en\/wp-json\/wp\/v2\/media?parent=18555"}],"wp:term":[{"taxonomy":"product_brand","embeddable":true,"href":"https:\/\/www.libraria-occitana.org\/en\/wp-json\/wp\/v2\/product_brand?post=18555"},{"taxonomy":"product_cat","embeddable":true,"href":"https:\/\/www.libraria-occitana.org\/en\/wp-json\/wp\/v2\/product_cat?post=18555"},{"taxonomy":"product_tag","embeddable":true,"href":"https:\/\/www.libraria-occitana.org\/en\/wp-json\/wp\/v2\/product_tag?post=18555"}],"curies":[{"name":"wp","href":"https:\/\/api.w.org\/{rel}","templated":true}]}}